{"id":1557,"date":"2023-03-20T16:41:37","date_gmt":"2023-03-20T15:41:37","guid":{"rendered":"https:\/\/aesthetica.joomswers.com\/?page_id=1557"},"modified":"2023-05-10T08:36:55","modified_gmt":"2023-05-10T06:36:55","slug":"nina-zlatkovic","status":"publish","type":"page","link":"https:\/\/www.aesthetica.rs\/bg\/za-nas\/nina-zlatkovic\/","title":{"rendered":"\u041d\u0438\u043d\u0430 \u0417\u043b\u0430\u0442\u043a\u043e\u0432\u0438\u0447"},"content":{"rendered":"<div data-elementor-type=\"wp-page\" data-elementor-id=\"1557\" class=\"elementor elementor-1557\" data-elementor-post-type=\"page\">\n\t\t\t\t\t\t<section class=\"elementor-section elementor-top-section elementor-element elementor-element-abd8d2c elementor-section-boxed elementor-section-height-default elementor-section-height-default\" data-id=\"abd8d2c\" data-element_type=\"section\" data-e-type=\"section\">\n\t\t\t\t\t\t<div class=\"elementor-container elementor-column-gap-default\">\n\t\t\t\t\t<div class=\"elementor-column elementor-col-100 elementor-top-column elementor-element elementor-element-d5f511a\" data-id=\"d5f511a\" data-element_type=\"column\" data-e-type=\"column\">\n\t\t\t<div class=\"elementor-widget-wrap elementor-element-populated\">\n\t\t\t\t\t\t<div class=\"elementor-element elementor-element-ea4b4da elementor-widget elementor-widget-heading\" data-id=\"ea4b4da\" data-element_type=\"widget\" data-e-type=\"widget\" data-widget_type=\"heading.default\">\n\t\t\t\t<div class=\"elementor-widget-container\">\n\t\t\t\t\t<h1 class=\"elementor-heading-title elementor-size-default\">\u041d\u0438\u043d\u0430 \u0417\u043b\u0430\u0442\u043a\u043e\u0432\u0438\u0447, \u0441\u0442\u0430\u0440\u0448\u0438 \u0444\u0438\u0437\u0438\u043e\u0442\u0435\u0440\u0430\u043f\u0435\u0432\u0442<\/h1>\t\t\t\t<\/div>\n\t\t\t\t<\/div>\n\t\t\t\t\t<\/div>\n\t\t<\/div>\n\t\t\t\t\t<\/div>\n\t\t<\/section>\n\t\t\t\t<section class=\"elementor-section elementor-top-section elementor-element elementor-element-adf0d0d elementor-section-boxed elementor-section-height-default elementor-section-height-default\" data-id=\"adf0d0d\" data-element_type=\"section\" data-e-type=\"section\">\n\t\t\t\t\t\t<div class=\"elementor-container elementor-column-gap-default\">\n\t\t\t\t\t<div class=\"elementor-column elementor-col-33 elementor-top-column elementor-element elementor-element-6d40b54\" data-id=\"6d40b54\" data-element_type=\"column\" data-e-type=\"column\">\n\t\t\t<div class=\"elementor-widget-wrap elementor-element-populated\">\n\t\t\t\t\t\t<div class=\"elementor-element elementor-element-a22992a elementor-widget elementor-widget-image\" data-id=\"a22992a\" data-element_type=\"widget\" data-e-type=\"widget\" data-widget_type=\"image.default\">\n\t\t\t\t<div class=\"elementor-widget-container\">\n\t\t\t\t\t\t\t\t\t\t\t\t\t\t\t<img fetchpriority=\"high\" decoding=\"async\" width=\"350\" height=\"526\" src=\"https:\/\/www.aesthetica.rs\/wp-content\/uploads\/2023\/03\/Nina.jpg\" class=\"attachment-large size-large wp-image-1517\" alt=\"\" srcset=\"https:\/\/www.aesthetica.rs\/wp-content\/uploads\/2023\/03\/Nina.jpg 350w, https:\/\/www.aesthetica.rs\/wp-content\/uploads\/2023\/03\/Nina-200x300.jpg 200w\" sizes=\"(max-width: 350px) 100vw, 350px\" \/>\t\t\t\t\t\t\t\t\t\t\t\t\t\t\t<\/div>\n\t\t\t\t<\/div>\n\t\t\t\t<div class=\"elementor-element elementor-element-5df2271 elementor-widget elementor-widget-heading\" data-id=\"5df2271\" data-element_type=\"widget\" data-e-type=\"widget\" data-widget_type=\"heading.default\">\n\t\t\t\t<div class=\"elementor-widget-container\">\n\t\t\t\t\t<h2 class=\"elementor-heading-title elementor-size-default\">\u041d\u0438\u043d\u0430 \u0417\u043b\u0430\u0442\u043a\u043e\u0432\u0438\u0447<\/h2>\t\t\t\t<\/div>\n\t\t\t\t<\/div>\n\t\t\t\t\t<\/div>\n\t\t<\/div>\n\t\t\t\t<div class=\"elementor-column elementor-col-66 elementor-top-column elementor-element elementor-element-679b9bc\" data-id=\"679b9bc\" data-element_type=\"column\" data-e-type=\"column\">\n\t\t\t<div class=\"elementor-widget-wrap elementor-element-populated\">\n\t\t\t\t\t\t<div class=\"elementor-element elementor-element-9d315d6 elementor-widget elementor-widget-text-editor\" data-id=\"9d315d6\" data-element_type=\"widget\" data-e-type=\"widget\" data-widget_type=\"text-editor.default\">\n\t\t\t\t<div class=\"elementor-widget-container\">\n\t\t\t\t\t\t\t\t\t<p>\u041d\u0438\u043d\u0430 \u0435 \u0440\u043e\u0434\u0435\u043d\u0430 \u043f\u0440\u0435\u0437 1996 \u0433. \u0432 \u041d\u0438\u0448. \u0417\u0430\u0432\u044a\u0440\u0448\u0438\u043b\u0430 \u0435 \u041a\u043e\u043b\u0435\u0436\u0430 \u043f\u043e \u043f\u0440\u0438\u043b\u043e\u0436\u043d\u0438 \u0437\u0434\u0440\u0430\u0432\u043d\u0438 \u043d\u0430\u0443\u043a\u0438 \u0432 \u0427\u0443\u043f\u0440\u0438\u044f, \u0441\u043f\u0435\u0447\u0435\u043b\u0432\u0430\u0439\u043a\u0438 \u0442\u0438\u0442\u043b\u0430\u0442\u0430 \u043f\u0440\u043e\u0444\u0435\u0441\u0438\u043e\u043d\u0430\u043b\u0435\u043d \u0444\u0438\u0437\u0438\u043e\u0442\u0435\u0440\u0430\u043f\u0435\u0432\u0442. \u041f\u043e\u043b\u043e\u0436\u0438\u043b\u0430 \u0435 \u0434\u044a\u0440\u0436\u0430\u0432\u0435\u043d \u0438\u0437\u043f\u0438\u0442 \u0438 \u0435 \u043b\u0438\u0446\u0435\u043d\u0437\u0438\u0440\u0430\u043d \u043b\u0435\u043a\u0430\u0440 \u043e\u0442 2021 \u0433.<\/p><p>\u041f\u043e \u0432\u0440\u0435\u043c\u0435 \u043d\u0430 \u043e\u0431\u0443\u0447\u0435\u043d\u0438\u0435\u0442\u043e \u0441\u0438 \u0442\u044f \u0438\u0437\u0432\u044a\u0440\u0448\u0432\u0430 \u043f\u0440\u043e\u0444\u0435\u0441\u0438\u043e\u043d\u0430\u043b\u043d\u0430 \u043f\u0440\u0430\u043a\u0442\u0438\u043a\u0430 \u0432 \u0441\u043f\u0435\u0446\u0438\u0430\u043b\u043d\u0430 \u0431\u043e\u043b\u043d\u0438\u0446\u0430 \u0437\u0430 \u0440\u0435\u0445\u0430\u0431\u0438\u043b\u0438\u0442\u0430\u0446\u0438\u044f \u0432 \u0421\u043e\u043a\u043e\u0431\u0430\u043d\u044f \u0438 \u0426\u0435\u043d\u0442\u044a\u0440\u0430 \u0437\u0430 \u0433\u0440\u0438\u0436\u0430, \u0445\u0438\u0440\u043e\u043f\u0440\u0430\u043a\u0442\u0438\u043a\u0430 \u0438 \u043c\u0430\u0441\u0430\u0436 \u043d\u0430 \u0442\u044f\u043b\u043e\u0442\u043e \u201eIST MANUEL RADENKOVI\u0106\u201c \u0432 \u0417\u0430\u0439\u0447\u0430\u0440, \u043a\u044a\u0434\u0435\u0442\u043e \u043f\u0440\u043e\u0434\u044a\u043b\u0436\u0430\u0432\u0430 \u0434\u0430 \u0440\u0430\u0431\u043e\u0442\u0438 \u0434\u043e\u0440\u0438 \u0441\u043b\u0435\u0434 \u0434\u0438\u043f\u043b\u043e\u043c\u0438\u0440\u0430\u043d\u0435\u0442\u043e \u0441\u0438. \u041f\u0440\u043e\u0434\u044a\u043b\u0436\u0430\u0432\u0430 \u043e\u0431\u0443\u0447\u0435\u043d\u0438\u0435\u0442\u043e \u0441\u0438 \u0438 \u043f\u0440\u043e\u0444\u0435\u0441\u0438\u043e\u043d\u0430\u043b\u043d\u043e\u0442\u043e \u0441\u0438 \u043e\u0431\u0440\u0430\u0437\u043e\u0432\u0430\u043d\u0438\u0435 \u0432 \u043f\u0440\u0435\u0441\u0442\u0438\u0436\u043d\u043e\u0442\u043e \u0443\u0447\u0438\u043b\u0438\u0449\u0435 \u0437\u0430 \u043c\u0430\u0441\u0430\u0436\u0438 \u201eProfessional\u201d \u043d\u0430 \u041f\u0435\u0434\u0436\u0430 \u0424\u0438\u043b\u0438\u043f\u043e\u0432\u0438\u0447 \u0432 \u0411\u0435\u043b\u0433\u0440\u0430\u0434.<\/p><p>\u041d\u0435\u0439\u043d\u0430\u0442\u0430 \u0441\u043f\u0435\u0446\u0438\u0430\u043b\u043d\u043e\u0441\u0442 \u0441\u0430 \u0430\u043d\u0442\u0438\u0441\u0442\u0440\u0435\u0441 \u0438 \u0440\u0435\u043b\u0430\u043a\u0441\u0438\u0440\u0430\u0449\u0438 \u043c\u0430\u0441\u0430\u0436\u0438, \u043a\u043e\u0438\u0442\u043e \u0441\u0430 \u043b\u0435\u043a\u0438, \u043f\u0440\u0438\u044f\u0442\u043d\u0438 \u0438 \u043c\u0430\u043d\u0443\u0430\u043b\u043d\u0438, \u0441\u043f\u043e\u043c\u0430\u0433\u0430\u0449\u0438 \u0437\u0430 \u043e\u0431\u0435\u0434\u0438\u043d\u044f\u0432\u0430\u043d\u0435\u0442\u043e \u043d\u0430 \u0435\u043d\u0435\u0440\u0433\u0438\u0439\u043d\u0438\u0442\u0435 \u043f\u043e\u0442\u043e\u0446\u0438 \u0441 \u0446\u0435\u043b \u043f\u043e\u0441\u0442\u0438\u0433\u0430\u043d\u0435 \u043d\u0430 \u043c\u0430\u043a\u0441\u0438\u043c\u0430\u043b\u043d\u0430 \u0440\u0435\u043b\u0430\u043a\u0441\u0430\u0446\u0438\u044f \u043d\u0430 \u0442\u044f\u043b\u043e\u0442\u043e. \u041e\u0441\u0432\u0435\u043d \u0440\u0435\u043b\u0430\u043a\u0441\u0438\u0440\u0430\u0449\u0438\u0442\u0435 \u043c\u0430\u0441\u0430\u0436\u0438, \u043d\u0435 \u043f\u043e-\u043c\u0430\u043b\u043a\u043e \u0432\u0430\u0436\u043d\u0438 \u0441\u0430 \u0438 \u043b\u0435\u0447\u0435\u0431\u043d\u0438\u0442\u0435 \u043c\u0430\u0441\u0430\u0436\u0438, \u043a\u043e\u0438\u0442\u043e \u043f\u043e\u0440\u0430\u0434\u0438 \u043f\u043e\u0441\u043b\u0435\u0434\u0438\u0446\u0438\u0442\u0435 \u043e\u0442 \u0437\u0430\u0431\u044a\u0440\u0437\u0430\u043d\u0438\u044f \u043d\u0430\u0447\u0438\u043d \u043d\u0430 \u0436\u0438\u0432\u043e\u0442, \u043d\u0430\u043c\u0430\u043b\u0435\u043d\u0430\u0442\u0430 \u0444\u0438\u0437\u0438\u0447\u0435\u0441\u043a\u0430 \u0430\u043a\u0442\u0438\u0432\u043d\u043e\u0441\u0442, \u0440\u0430\u0431\u043e\u0442\u0430\u0442\u0430 \u0441 \u043a\u043e\u043c\u043f\u044e\u0442\u044a\u0440 \u0438 \u0441\u0442\u0440\u0435\u0441\u0430, \u0441\u0435 \u043f\u0440\u0435\u0432\u0440\u044a\u0449\u0430\u0442 \u0432 \u0435\u0436\u0435\u0434\u043d\u0435\u0432\u043d\u0430 \u043d\u0435\u043e\u0431\u0445\u043e\u0434\u0438\u043c\u043e\u0441\u0442. \u041b\u0435\u0447\u0435\u0431\u043d\u0438\u044f\u0442 \u043c\u0430\u0441\u0430\u0436 \u0435 \u0441\u044a\u0432\u043a\u0443\u043f\u043d\u043e\u0441\u0442 \u043e\u0442 \u043f\u0440\u043e\u043d\u0438\u043a\u0432\u0430\u0449\u0438 \u0438 \u043f\u043e-\u0441\u0438\u043b\u043d\u0438 \u043c\u0430\u043d\u0443\u0430\u043b\u043d\u0438 \u0442\u0435\u0445\u043d\u0438\u043a\u0438, \u043a\u043e\u0438\u0442\u043e \u043d\u0430\u0448\u0430\u0442\u0430 \u041d\u0438\u043d\u0430 \u0432\u043b\u0430\u0434\u0435\u0435 \u043f\u0435\u0440\u0444\u0435\u043a\u0442\u043d\u043e \u0438 \u043a\u043e\u0438\u0442\u043e \u043f\u043e\u043c\u0430\u0433\u0430\u0442 \u0437\u0430 \u043f\u0440\u0435\u043c\u0430\u0445\u0432\u0430\u043d\u0435 \u043d\u0430 \u0431\u043e\u043b\u043a\u0430\u0442\u0430 \u0438 \u043d\u0430\u043f\u0440\u0435\u0436\u0435\u043d\u0438\u0435\u0442\u043e \u043e\u0442 \u043c\u0443\u0441\u043a\u0443\u043b\u0438\u0442\u0435. \u041e\u0441\u0432\u0435\u043d \u0437\u0430 \u043b\u0435\u0447\u0435\u043d\u0438\u0435 \u043d\u0430 \u0440\u0430\u0437\u043b\u0438\u0447\u043d\u0438 \u0431\u043e\u043b\u0435\u0437\u043d\u0435\u043d\u0438 \u0441\u044a\u0441\u0442\u043e\u044f\u043d\u0438\u044f \u0438 \u043d\u0430\u0440\u0430\u043d\u044f\u0432\u0430\u043d\u0438\u044f, \u043c\u0430\u0441\u0430\u0436\u044a\u0442 \u0435 \u0435\u0434\u043d\u0430\u043a\u0432\u043e \u043f\u043e\u043b\u0435\u0437\u0435\u043d \u0438 \u0437\u0430 \u043f\u0440\u0435\u043c\u0430\u0445\u0432\u0430\u043d\u0435 \u043d\u0430 \u0446\u0435\u043b\u0443\u043b\u0438\u0442, \u043e\u0441\u043e\u0431\u0435\u043d\u043e \u043a\u0430\u0442\u043e \u043a\u043e\u043c\u0431\u0438\u043d\u0430\u0446\u0438\u044f \u043e\u0442 \u043c\u0430\u043d\u0443\u0430\u043b\u0435\u043d \u0430\u043d\u0442\u0438\u0446\u0435\u043b\u0443\u043b\u0438\u0442\u0435\u043d \u043c\u0430\u0441\u0430\u0436 \u0438 \u043c\u0430\u0434\u0435\u0440\u043e\u0442\u0435\u0440\u0430\u043f\u0438\u044f. \u0423\u0434\u043e\u0432\u043b\u0435\u0442\u0432\u043e\u0440\u0435\u043d\u0438\u0435\u0442\u043e \u043d\u0430 \u043d\u0430\u0448\u0438\u0442\u0435 \u043a\u043b\u0438\u0435\u043d\u0442\u0438 \u0438 \u043f\u043e\u0441\u0442\u0438\u0433\u0430\u043d\u0435\u0442\u043e \u043d\u0430 \u0436\u0435\u043b\u0430\u043d\u0438\u0442\u0435 \u043e\u0442 \u0442\u044f\u0445 \u0440\u0435\u0437\u0443\u043b\u0442\u0430\u0442\u0438 \u0435 \u043d\u0430\u0448\u0430\u0442\u0430 \u043d\u0430\u0439-\u0434\u043e\u0431\u0440\u0430 \u043f\u0440\u0435\u043f\u043e\u0440\u044a\u043a\u0430.<\/p>\t\t\t\t\t\t\t\t<\/div>\n\t\t\t\t<\/div>\n\t\t\t\t\t<\/div>\n\t\t<\/div>\n\t\t\t\t\t<\/div>\n\t\t<\/section>\n\t\t\t\t<\/div>","protected":false},"excerpt":{"rendered":"<p>Nina Zlatkovi\u0107, visoki fizioterapeut Nina Zlatkovi\u0107 Ro\u0111ena je 1996. godine u Ni\u0161u. Diplomirala je na akademiji \u201cVaspita\u010dko-medicinskih strukovnih studija\u201d u \u0106upriji, smer strukovni fizioterapeut. Polo\u017eila je dr\u017eavni ispit i poseduje licencu od 2021. godine. Tokom studiranja, obavljala je stru\u010dnu praksu u specijalnoj bolnici za rehabilitaciju u Sokobanji i Centru za, negu, kiropraktiku i masa\u017eu tela [&hellip;]<\/p>\n","protected":false},"author":1,"featured_media":0,"parent":545,"menu_order":0,"comment_status":"closed","ping_status":"closed","template":"","meta":{"footnotes":""},"class_list":["post-1557","page","type-page","status-publish","hentry"],"yoast_head":"<!-- This site is optimized with the Yoast SEO plugin v27.5 - https:\/\/yoast.com\/product\/yoast-seo-wordpress\/ -->\n<title>Nina Zlatkovi\u0107 - Aesthetica Ni\u0161<\/title>\n<meta name=\"description\" content=\"Nina je visoki fizioterapeut, specijalizovana za antistres i relax masa\u017ee, blage, prijatne i manuelne, kao i za terapeutske masa\u017ee.\" \/>\n<meta name=\"robots\" content=\"index, follow, max-snippet:-1, max-image-preview:large, max-video-preview:-1\" \/>\n<link rel=\"canonical\" href=\"https:\/\/www.aesthetica.rs\/bg\/za-nas\/nina-zlatkovic\/\" \/>\n<meta property=\"og:locale\" content=\"bg_BG\" \/>\n<meta property=\"og:type\" content=\"article\" \/>\n<meta property=\"og:title\" content=\"Nina Zlatkovi\u0107 - Aesthetica Ni\u0161\" \/>\n<meta property=\"og:description\" content=\"Nina je visoki fizioterapeut, specijalizovana za antistres i relax masa\u017ee, blage, prijatne i manuelne, kao i za terapeutske masa\u017ee.\" \/>\n<meta property=\"og:url\" content=\"https:\/\/www.aesthetica.rs\/bg\/za-nas\/nina-zlatkovic\/\" \/>\n<meta property=\"og:site_name\" content=\"Aesthetica LongaVita - Anti Aging Centar za estetsku medicinu u Ni\u0161u\" \/>\n<meta property=\"article:modified_time\" content=\"2023-05-10T06:36:55+00:00\" \/>\n<meta property=\"og:image\" content=\"https:\/\/aesthetica.joomswers.com\/wp-content\/uploads\/2023\/03\/Nina.jpg\" \/>\n<meta name=\"twitter:card\" content=\"summary_large_image\" \/>\n<meta name=\"twitter:label1\" content=\"Est. reading time\" \/>\n\t<meta name=\"twitter:data1\" content=\"2 \u043c\u0438\u043d\u0443\u0442\u0438\" \/>\n<script type=\"application\/ld+json\" class=\"yoast-schema-graph\">{\"@context\":\"https:\\\/\\\/schema.org\",\"@graph\":[{\"@type\":\"WebPage\",\"@id\":\"https:\\\/\\\/www.aesthetica.rs\\\/o-nama\\\/nina-zlatkovic\\\/\",\"url\":\"https:\\\/\\\/www.aesthetica.rs\\\/o-nama\\\/nina-zlatkovic\\\/\",\"name\":\"Nina Zlatkovi\u0107 - Aesthetica Ni\u0161\",\"isPartOf\":{\"@id\":\"https:\\\/\\\/www.aesthetica.rs\\\/#website\"},\"primaryImageOfPage\":{\"@id\":\"https:\\\/\\\/www.aesthetica.rs\\\/o-nama\\\/nina-zlatkovic\\\/#primaryimage\"},\"image\":{\"@id\":\"https:\\\/\\\/www.aesthetica.rs\\\/o-nama\\\/nina-zlatkovic\\\/#primaryimage\"},\"thumbnailUrl\":\"https:\\\/\\\/aesthetica.joomswers.com\\\/wp-content\\\/uploads\\\/2023\\\/03\\\/Nina.jpg\",\"datePublished\":\"2023-03-20T15:41:37+00:00\",\"dateModified\":\"2023-05-10T06:36:55+00:00\",\"description\":\"Nina je visoki fizioterapeut, specijalizovana za antistres i relax masa\u017ee, blage, prijatne i manuelne, kao i za terapeutske masa\u017ee.\",\"breadcrumb\":{\"@id\":\"https:\\\/\\\/www.aesthetica.rs\\\/o-nama\\\/nina-zlatkovic\\\/#breadcrumb\"},\"inLanguage\":\"bg-BG\",\"potentialAction\":[{\"@type\":\"ReadAction\",\"target\":[\"https:\\\/\\\/www.aesthetica.rs\\\/o-nama\\\/nina-zlatkovic\\\/\"]}]},{\"@type\":\"ImageObject\",\"inLanguage\":\"bg-BG\",\"@id\":\"https:\\\/\\\/www.aesthetica.rs\\\/o-nama\\\/nina-zlatkovic\\\/#primaryimage\",\"url\":\"https:\\\/\\\/aesthetica.joomswers.com\\\/wp-content\\\/uploads\\\/2023\\\/03\\\/Nina.jpg\",\"contentUrl\":\"https:\\\/\\\/aesthetica.joomswers.com\\\/wp-content\\\/uploads\\\/2023\\\/03\\\/Nina.jpg\"},{\"@type\":\"BreadcrumbList\",\"@id\":\"https:\\\/\\\/www.aesthetica.rs\\\/o-nama\\\/nina-zlatkovic\\\/#breadcrumb\",\"itemListElement\":[{\"@type\":\"ListItem\",\"position\":1,\"name\":\"\u041f\u043e\u0447\u0435\u0442\u043d\u0430\",\"item\":\"https:\\\/\\\/www.aesthetica.rs\\\/\"},{\"@type\":\"ListItem\",\"position\":2,\"name\":\"O nama\",\"item\":\"https:\\\/\\\/www.aesthetica.rs\\\/o-nama\\\/\"},{\"@type\":\"ListItem\",\"position\":3,\"name\":\"Nina Zlatkovi\u0107\"}]},{\"@type\":\"WebSite\",\"@id\":\"https:\\\/\\\/www.aesthetica.rs\\\/#website\",\"url\":\"https:\\\/\\\/www.aesthetica.rs\\\/\",\"name\":\"Anti Aging Centar: estetska medicinu u Ni\u0161u - Aesthetica LongaVita\",\"description\":\"\",\"potentialAction\":[{\"@type\":\"SearchAction\",\"target\":{\"@type\":\"EntryPoint\",\"urlTemplate\":\"https:\\\/\\\/www.aesthetica.rs\\\/?s={search_term_string}\"},\"query-input\":{\"@type\":\"PropertyValueSpecification\",\"valueRequired\":true,\"valueName\":\"search_term_string\"}}],\"inLanguage\":\"bg-BG\"}]}<\/script>\n<!-- \/ Yoast SEO plugin. -->","yoast_head_json":{"title":"Nina Zlatkovi\u0107 - Aesthetica Ni\u0161","description":"Nina je visoki fizioterapeut, specijalizovana za antistres i relax masa\u017ee, blage, prijatne i manuelne, kao i za terapeutske masa\u017ee.","robots":{"index":"index","follow":"follow","max-snippet":"max-snippet:-1","max-image-preview":"max-image-preview:large","max-video-preview":"max-video-preview:-1"},"canonical":"https:\/\/www.aesthetica.rs\/bg\/za-nas\/nina-zlatkovic\/","og_locale":"bg_BG","og_type":"article","og_title":"Nina Zlatkovi\u0107 - Aesthetica Ni\u0161","og_description":"Nina je visoki fizioterapeut, specijalizovana za antistres i relax masa\u017ee, blage, prijatne i manuelne, kao i za terapeutske masa\u017ee.","og_url":"https:\/\/www.aesthetica.rs\/bg\/za-nas\/nina-zlatkovic\/","og_site_name":"Aesthetica LongaVita - Anti Aging Centar za estetsku medicinu u Ni\u0161u","article_modified_time":"2023-05-10T06:36:55+00:00","og_image":[{"url":"https:\/\/aesthetica.joomswers.com\/wp-content\/uploads\/2023\/03\/Nina.jpg","type":"","width":"","height":""}],"twitter_card":"summary_large_image","twitter_misc":{"Est. reading time":"2 \u043c\u0438\u043d\u0443\u0442\u0438"},"schema":{"@context":"https:\/\/schema.org","@graph":[{"@type":"WebPage","@id":"https:\/\/www.aesthetica.rs\/o-nama\/nina-zlatkovic\/","url":"https:\/\/www.aesthetica.rs\/o-nama\/nina-zlatkovic\/","name":"Nina Zlatkovi\u0107 - Aesthetica Ni\u0161","isPartOf":{"@id":"https:\/\/www.aesthetica.rs\/#website"},"primaryImageOfPage":{"@id":"https:\/\/www.aesthetica.rs\/o-nama\/nina-zlatkovic\/#primaryimage"},"image":{"@id":"https:\/\/www.aesthetica.rs\/o-nama\/nina-zlatkovic\/#primaryimage"},"thumbnailUrl":"https:\/\/aesthetica.joomswers.com\/wp-content\/uploads\/2023\/03\/Nina.jpg","datePublished":"2023-03-20T15:41:37+00:00","dateModified":"2023-05-10T06:36:55+00:00","description":"Nina je visoki fizioterapeut, specijalizovana za antistres i relax masa\u017ee, blage, prijatne i manuelne, kao i za terapeutske masa\u017ee.","breadcrumb":{"@id":"https:\/\/www.aesthetica.rs\/o-nama\/nina-zlatkovic\/#breadcrumb"},"inLanguage":"bg-BG","potentialAction":[{"@type":"ReadAction","target":["https:\/\/www.aesthetica.rs\/o-nama\/nina-zlatkovic\/"]}]},{"@type":"ImageObject","inLanguage":"bg-BG","@id":"https:\/\/www.aesthetica.rs\/o-nama\/nina-zlatkovic\/#primaryimage","url":"https:\/\/aesthetica.joomswers.com\/wp-content\/uploads\/2023\/03\/Nina.jpg","contentUrl":"https:\/\/aesthetica.joomswers.com\/wp-content\/uploads\/2023\/03\/Nina.jpg"},{"@type":"BreadcrumbList","@id":"https:\/\/www.aesthetica.rs\/o-nama\/nina-zlatkovic\/#breadcrumb","itemListElement":[{"@type":"ListItem","position":1,"name":"\u041f\u043e\u0447\u0435\u0442\u043d\u0430","item":"https:\/\/www.aesthetica.rs\/"},{"@type":"ListItem","position":2,"name":"O nama","item":"https:\/\/www.aesthetica.rs\/o-nama\/"},{"@type":"ListItem","position":3,"name":"Nina Zlatkovi\u0107"}]},{"@type":"WebSite","@id":"https:\/\/www.aesthetica.rs\/#website","url":"https:\/\/www.aesthetica.rs\/","name":"Anti Aging Centar: estetska medicinu u Ni\u0161u - Aesthetica LongaVita","description":"","potentialAction":[{"@type":"SearchAction","target":{"@type":"EntryPoint","urlTemplate":"https:\/\/www.aesthetica.rs\/?s={search_term_string}"},"query-input":{"@type":"PropertyValueSpecification","valueRequired":true,"valueName":"search_term_string"}}],"inLanguage":"bg-BG"}]}},"_links":{"self":[{"href":"https:\/\/www.aesthetica.rs\/bg\/wp-json\/wp\/v2\/pages\/1557","targetHints":{"allow":["GET"]}}],"collection":[{"href":"https:\/\/www.aesthetica.rs\/bg\/wp-json\/wp\/v2\/pages"}],"about":[{"href":"https:\/\/www.aesthetica.rs\/bg\/wp-json\/wp\/v2\/types\/page"}],"author":[{"embeddable":true,"href":"https:\/\/www.aesthetica.rs\/bg\/wp-json\/wp\/v2\/users\/1"}],"replies":[{"embeddable":true,"href":"https:\/\/www.aesthetica.rs\/bg\/wp-json\/wp\/v2\/comments?post=1557"}],"version-history":[{"count":7,"href":"https:\/\/www.aesthetica.rs\/bg\/wp-json\/wp\/v2\/pages\/1557\/revisions"}],"predecessor-version":[{"id":2796,"href":"https:\/\/www.aesthetica.rs\/bg\/wp-json\/wp\/v2\/pages\/1557\/revisions\/2796"}],"up":[{"embeddable":true,"href":"https:\/\/www.aesthetica.rs\/bg\/wp-json\/wp\/v2\/pages\/545"}],"wp:attachment":[{"href":"https:\/\/www.aesthetica.rs\/bg\/wp-json\/wp\/v2\/media?parent=1557"}],"curies":[{"name":"wp","href":"https:\/\/api.w.org\/{rel}","templated":true}]}}