{"id":1854,"date":"2023-03-23T21:25:33","date_gmt":"2023-03-23T20:25:33","guid":{"rendered":"https:\/\/aesthetica.joomswers.com\/?page_id=1854"},"modified":"2026-03-25T14:44:37","modified_gmt":"2026-03-25T13:44:37","slug":"posebne-ponude-2","status":"publish","type":"page","link":"https:\/\/www.aesthetica.rs\/bg\/cenova-lista\/specialni-oferti\/","title":{"rendered":"\u0421\u043f\u0435\u0446\u0438\u0430\u043b\u043d\u0438 \u043e\u0444\u0435\u0440\u0442\u0438"},"content":{"rendered":"<div data-elementor-type=\"wp-page\" data-elementor-id=\"1854\" class=\"elementor elementor-1854\" data-elementor-post-type=\"page\">\n\t\t\t\t\t\t<section class=\"elementor-section elementor-top-section elementor-element elementor-element-5e92d08 elementor-section-boxed elementor-section-height-default elementor-section-height-default\" data-id=\"5e92d08\" data-element_type=\"section\" data-e-type=\"section\">\n\t\t\t\t\t\t<div class=\"elementor-container elementor-column-gap-default\">\n\t\t\t\t\t<div class=\"elementor-column elementor-col-100 elementor-top-column elementor-element elementor-element-da7549d\" data-id=\"da7549d\" data-element_type=\"column\" data-e-type=\"column\">\n\t\t\t<div class=\"elementor-widget-wrap elementor-element-populated\">\n\t\t\t\t\t\t<div class=\"elementor-element elementor-element-374b1de elementor-widget elementor-widget-heading\" data-id=\"374b1de\" data-element_type=\"widget\" data-e-type=\"widget\" data-widget_type=\"heading.default\">\n\t\t\t\t<div class=\"elementor-widget-container\">\n\t\t\t\t\t<h1 class=\"elementor-heading-title elementor-size-default\">\u0426\u0435\u043d\u043e\u0432\u0430 \u043b\u0438\u0441\u0442\u0430 - \u0441\u043f\u0435\u0446\u0438\u0430\u043b\u043d\u0438 \u043e\u0444\u0435\u0440\u0442\u0438<\/h1>\t\t\t\t<\/div>\n\t\t\t\t<\/div>\n\t\t\t\t<div class=\"elementor-element elementor-element-26af324 elementor-widget elementor-widget-text-editor\" data-id=\"26af324\" data-element_type=\"widget\" data-e-type=\"widget\" data-widget_type=\"text-editor.default\">\n\t\t\t\t<div class=\"elementor-widget-container\">\n\t\t\t\t\t\t\t\t\t<p class=\"subtitle\">\u041f\u043e-\u0434\u043e\u043b\u0443 \u043c\u043e\u0436\u0435\u0442\u0435 \u0434\u0430 \u0432\u0438\u0434\u0438\u0442\u0435 \u0446\u0435\u043d\u043e\u0432\u0430\u0442\u0430 \u043b\u0438\u0441\u0442\u0430 \u043d\u0430 \u043d\u0430\u0448\u0438\u0442\u0435 \u0443\u0441\u043b\u0443\u0433\u0438, \u0437\u0430 \u043f\u043e-\u043f\u043e\u0434\u0440\u043e\u0431\u043d\u0430 \u0438\u043d\u0444\u043e\u0440\u043c\u0430\u0446\u0438\u044f, \u043c\u043e\u043b\u044f \u0441\u0432\u044a\u0440\u0436\u0435\u0442\u0435 \u0441\u0435 \u0441 \u043d\u0430\u0441. \u041d\u0430\u0448\u0438\u044f\u0442 \u043f\u0440\u043e\u0444\u0435\u0441\u0438\u043e\u043d\u0430\u043b\u0435\u043d \u043f\u0435\u0440\u0441\u043e\u043d\u0430\u043b \u0449\u0435 \u0441\u0435 \u0440\u0430\u0434\u0432\u0430 \u0434\u0430 \u0432\u0438 \u043f\u043e\u043c\u043e\u0433\u043d\u0435 \u0434\u0430 \u043d\u0430\u043c\u0435\u0440\u0438\u0442\u0435 \u0446\u044f\u043b\u0430\u0442\u0430 \u043d\u0435\u043e\u0431\u0445\u043e\u0434\u0438\u043c\u0430 \u0438\u043d\u0444\u043e\u0440\u043c\u0430\u0446\u0438\u044f \u043e\u0442\u043d\u043e\u0441\u043d\u043e \u0437\u0430\u043f\u043b\u0430\u0449\u0430\u043d\u0435 \u0438\/\u0438\u043b\u0438 \u043d\u0430\u043b\u0438\u0447\u043d\u043e\u0441\u0442 \u043d\u0430 \u0447\u0430\u0441 \u0438, \u0430\u043a\u043e \u0435 \u043d\u0435\u043e\u0431\u0445\u043e\u0434\u0438\u043c\u043e, \u0449\u0435 \u043f\u0440\u0435\u0434\u043e\u0441\u0442\u0430\u0432\u0438 \u0434\u043e\u043f\u044a\u043b\u043d\u0438\u0442\u0435\u043b\u043d\u0430 \u0438\u043d\u0444\u043e\u0440\u043c\u0430\u0446\u0438\u044f.<\/p>\t\t\t\t\t\t\t\t<\/div>\n\t\t\t\t<\/div>\n\t\t\t\t\t<\/div>\n\t\t<\/div>\n\t\t\t\t\t<\/div>\n\t\t<\/section>\n\t\t\t\t<section class=\"elementor-section elementor-top-section elementor-element elementor-element-8c7732c elementor-section-boxed elementor-section-height-default elementor-section-height-default\" data-id=\"8c7732c\" data-element_type=\"section\" data-e-type=\"section\">\n\t\t\t\t\t\t<div class=\"elementor-container elementor-column-gap-default\">\n\t\t\t\t\t<div class=\"elementor-column elementor-col-100 elementor-top-column elementor-element elementor-element-095cda1\" data-id=\"095cda1\" data-element_type=\"column\" data-e-type=\"column\">\n\t\t\t<div class=\"elementor-widget-wrap elementor-element-populated\">\n\t\t\t\t\t\t<div class=\"elementor-element elementor-element-da33b8a elementor-widget elementor-widget-heading\" data-id=\"da33b8a\" data-element_type=\"widget\" data-e-type=\"widget\" data-widget_type=\"heading.default\">\n\t\t\t\t<div class=\"elementor-widget-container\">\n\t\t\t\t\t<h2 class=\"elementor-heading-title elementor-size-default\">\u0421\u043f\u0435\u0446\u0438\u0430\u043b\u043d\u0438 \u043e\u0444\u0435\u0440\u0442\u0438 \u043b\u0438\u0446\u0435<\/h2>\t\t\t\t<\/div>\n\t\t\t\t<\/div>\n\t\t\t\t<div class=\"elementor-element elementor-element-e5ffb2e elementor-widget elementor-widget-price-list\" data-id=\"e5ffb2e\" data-element_type=\"widget\" data-e-type=\"widget\" data-widget_type=\"price-list.default\">\n\t\t\t\t<div class=\"elementor-widget-container\">\n\t\t\t\t\t\n\t\t<ul class=\"elementor-price-list\">\n\n\t\t\t\t\t\t\t\t\t<li><a class=\"elementor-price-list-item\" href=\"#\">\t\t\t\t\n\t\t\t\t<div class=\"elementor-price-list-text\">\n\t\t\t\t\t\t\t\t\t<div class=\"elementor-price-list-header\">\n\t\t\t\t\t\t\t\t\t\t\t<span class=\"elementor-price-list-title\">\n\t\t\t\t\t\t\tAesthetica divine beauty - \u043f\u0430\u043a\u0435\u0442\u043d\u0430 \u0446\u0435\u043d\u0430 98000 \u0434\u0438\u043d\u0430\u0440\u0430 \u0440\u0435\u0434\u043e\u0432\u043d\u0430 \u0446\u0435\u043d\u0430 108000 \u0434\u0438\u043d\u0430\u0440\u0430 \t\t\t\t\t\t<\/span>\n\t\t\t\t\t\t\t\t\t\t\t\t\t\t\t\t\t\t<span class=\"elementor-price-list-separator\"><\/span>\n\t\t\t\t\t\t\t\t\t\t\t\t\t\t\t\t\t\t\t<span class=\"elementor-price-list-price\">98000 RSD<\/span>\n\t\t\t\t\t\t\t\t\t\t<\/div>\n\t\t\t\t\t\t\t\t\t\t\t\t\t\t\t<p class=\"elementor-price-list-description\">\n\t\t\t\t\t\t\t\u0425\u0438\u0430\u043b\u0443\u0440\u043e\u043d \u0437\u0430 \u0441\u043a\u0443\u043b\u0438 1\u043c\u043b<br>\n\u0425\u0438\u0430\u043b\u0443\u0440\u043e\u043d \u0437\u0430 \u0443\u0441\u0442\u043d\u0438 1 \u043c\u043b<br>\n\u041f\u0440\u043e\u0446\u0435\u0434\u0443\u0440\u0430 \u0441 \u0431\u043e\u0442\u043e\u043a\u0441 \u043d\u0430 2 \u0437\u043e\u043d\u0438 <br>\n\u0411\u043e\u0442\u043e\u043a\u0441 \u043f\u043e\u0432\u0434\u0438\u0433\u0430\u043d\u0435 \u043d\u0430 \u0432\u0435\u0436\u0434\u0438 <br>\n\u041c\u0435\u0437\u043e\u0442\u0435\u0440\u0430\u043f\u0438\u044f \u043d\u0430 \u043b\u0438\u0446\u0435 \u043e\u0442 \u0442\u0440\u0438 \u043f\u0440\u043e\u0446\u0435\u0434\u0443\u0440\u0438\t\t\t\t\t\t<\/p>\n\t\t\t\t\t\t\t\t<\/div>\n\t\t\t\t<\/a><\/li>\t\t\t\t\t\n\t\t<\/ul>\n\n\t\t\t\t\t\t<\/div>\n\t\t\t\t<\/div>\n\t\t\t\t<div class=\"elementor-element elementor-element-c4d6399 elementor-widget elementor-widget-price-list\" data-id=\"c4d6399\" data-element_type=\"widget\" data-e-type=\"widget\" data-widget_type=\"price-list.default\">\n\t\t\t\t<div class=\"elementor-widget-container\">\n\t\t\t\t\t\n\t\t<ul class=\"elementor-price-list\">\n\n\t\t\t\t\t\t\t\t\t<li><a class=\"elementor-price-list-item\" href=\"#\">\t\t\t\t\n\t\t\t\t<div class=\"elementor-price-list-text\">\n\t\t\t\t\t\t\t\t\t<div class=\"elementor-price-list-header\">\n\t\t\t\t\t\t\t\t\t\t\t<span class=\"elementor-price-list-title\">\n\t\t\t\t\t\t\tAesthetica Glow - \u043f\u0430\u043a\u0435\u0442\u043d\u0430 \u0446\u0435\u043d\u0430 60 000 \u0434\u0438\u043d\u0430\u0440\u0430 \u0440\u0435\u0434\u043e\u0432\u043d\u0430 \u0446\u0435\u043d\u0430 66 000 \u0434\u0438\u043d\u0430\u0440\u0430\t\t\t\t\t\t<\/span>\n\t\t\t\t\t\t\t\t\t\t\t\t\t\t\t\t\t\t<span class=\"elementor-price-list-separator\"><\/span>\n\t\t\t\t\t\t\t\t\t\t\t\t\t\t\t\t\t\t\t<span class=\"elementor-price-list-price\">60000 RSD<\/span>\n\t\t\t\t\t\t\t\t\t\t<\/div>\n\t\t\t\t\t\t\t\t\t\t\t\t\t\t\t<p class=\"elementor-price-list-description\">\n\t\t\t\t\t\t\t\u0422\u0440\u0435\u0442\u0438\u0440\u0430\u043d\u0435 \u0441 \u0431\u043e\u0442\u043e\u043a\u0441 \u043d\u0430 \u0442\u0440\u0438 \u0437\u043e\u043d\u0438<br>\n\u041c\u0435\u0437\u043e\u0442\u0435\u0440\u0430\u043f\u0438\u044f \u043d\u0430 \u043b\u0438\u0446\u0435<br>\n\u0425\u0438\u0430\u043b\u0443\u0440\u043e\u043d \u043d\u0430 \u0443\u0441\u0442\u043d\u0438\u0442\u0435\t\t\t\t\t\t<\/p>\n\t\t\t\t\t\t\t\t<\/div>\n\t\t\t\t<\/a><\/li>\t\t\t\t\t\n\t\t<\/ul>\n\n\t\t\t\t\t\t<\/div>\n\t\t\t\t<\/div>\n\t\t\t\t<div class=\"elementor-element elementor-element-bcb0c22 elementor-widget elementor-widget-price-list\" data-id=\"bcb0c22\" data-element_type=\"widget\" data-e-type=\"widget\" data-widget_type=\"price-list.default\">\n\t\t\t\t<div class=\"elementor-widget-container\">\n\t\t\t\t\t\n\t\t<ul class=\"elementor-price-list\">\n\n\t\t\t\t\t\t\t\t\t<li><a class=\"elementor-price-list-item\" href=\"#\">\t\t\t\t\n\t\t\t\t<div class=\"elementor-price-list-text\">\n\t\t\t\t\t\t\t\t\t<div class=\"elementor-price-list-header\">\n\t\t\t\t\t\t\t\t\t\t\t<span class=\"elementor-price-list-title\">\n\t\t\t\t\t\t\tAesthetica Antiage me - \u043f\u0430\u043a\u0435\u0442\u043d\u0430 \u0446\u0435\u043d\u0430 54000 \u0434\u0438\u043d\u0430\u0440\u0430 \u0440\u0435\u0434\u043e\u0432\u043d\u0430 \u0446\u0435\u043d\u0430 60000 \u0434\u0438\u043d\u0430\u0440\u0430\t\t\t\t\t\t<\/span>\n\t\t\t\t\t\t\t\t\t\t\t\t\t\t\t\t\t\t<span class=\"elementor-price-list-separator\"><\/span>\n\t\t\t\t\t\t\t\t\t\t\t\t\t\t\t\t\t\t\t<span class=\"elementor-price-list-price\">54000 RSD<\/span>\n\t\t\t\t\t\t\t\t\t\t<\/div>\n\t\t\t\t\t\t\t\t\t\t\t\t\t\t\t<p class=\"elementor-price-list-description\">\n\t\t\t\t\t\t\t\u041c\u0435\u0437\u043e\u0442\u0435\u0440\u0430\u043f\u0438\u044f \u043b\u0438\u0446\u0435, \u0448\u0438\u044f \u0438 \u0434\u0435\u043a\u043e\u043b\u0442\u0435 \u0442\u0440\u0438 \u043f\u0440\u043e\u0446\u0435\u0434\u0443\u0440\u0438<br>\n\u041b\u0435\u0447\u0435\u043d\u0438\u0435 \u0441 \u0431\u043e\u0442\u043e\u043a\u0441 \u043d\u0430 \u0442\u0440\u0438 \u0437\u043e\u043d\u0438 \t\t\t\t\t\t<\/p>\n\t\t\t\t\t\t\t\t<\/div>\n\t\t\t\t<\/a><\/li>\t\t\t\t\t\n\t\t<\/ul>\n\n\t\t\t\t\t\t<\/div>\n\t\t\t\t<\/div>\n\t\t\t\t<div class=\"elementor-element elementor-element-775b99a elementor-widget elementor-widget-price-list\" data-id=\"775b99a\" data-element_type=\"widget\" data-e-type=\"widget\" data-widget_type=\"price-list.default\">\n\t\t\t\t<div class=\"elementor-widget-container\">\n\t\t\t\t\t\n\t\t<ul class=\"elementor-price-list\">\n\n\t\t\t\t\t\t\t\t\t<li><a class=\"elementor-price-list-item\" href=\"#\">\t\t\t\t\n\t\t\t\t<div class=\"elementor-price-list-text\">\n\t\t\t\t\t\t\t\t\t<div class=\"elementor-price-list-header\">\n\t\t\t\t\t\t\t\t\t\t\t<span class=\"elementor-price-list-title\">\n\t\t\t\t\t\t\tAesthetica forever young - \u043f\u0430\u043a\u0435\u0442\u043d\u0430 \u0446\u0435\u043d\u0430 54000 \u0434\u0438\u043d\u0430\u0440\u0430 \u0440\u0435\u0434\u043e\u0432\u043d\u0430 \u0446\u0435\u043d\u0430 60000 \u0434\u0438\u043d\u0430\u0440\u0430\t\t\t\t\t\t<\/span>\n\t\t\t\t\t\t\t\t\t\t\t\t\t\t\t\t\t\t<span class=\"elementor-price-list-separator\"><\/span>\n\t\t\t\t\t\t\t\t\t\t\t\t\t\t\t\t\t\t\t<span class=\"elementor-price-list-price\">54000 RSD<\/span>\n\t\t\t\t\t\t\t\t\t\t<\/div>\n\t\t\t\t\t\t\t\t\t\t\t\t\t\t\t<p class=\"elementor-price-list-description\">\n\t\t\t\t\t\t\t\u0425\u0438\u0430\u043b\u0443\u0440\u043e\u043d \u0437\u0430 \u0443\u0441\u0442\u043d\u0438 1 \u043c\u043b<br>\nBotox brow lift<br>\n\u041c\u0435\u0437\u043e\u0442\u0435\u0440\u0430\u043f\u0438\u044f \u043d\u0430 \u043b\u0438\u0446\u0435 \u043e\u0442 \u0442\u0440\u0438 \u043f\u0440\u043e\u0446\u0435\u0434\u0443\u0440\u0438\t\t\t\t\t\t<\/p>\n\t\t\t\t\t\t\t\t<\/div>\n\t\t\t\t<\/a><\/li>\t\t\t\t\t\n\t\t<\/ul>\n\n\t\t\t\t\t\t<\/div>\n\t\t\t\t<\/div>\n\t\t\t\t<div class=\"elementor-element elementor-element-edc29b4 elementor-widget elementor-widget-price-list\" data-id=\"edc29b4\" data-element_type=\"widget\" data-e-type=\"widget\" data-widget_type=\"price-list.default\">\n\t\t\t\t<div class=\"elementor-widget-container\">\n\t\t\t\t\t\n\t\t<ul class=\"elementor-price-list\">\n\n\t\t\t\t\t\t\t\t\t<li><a class=\"elementor-price-list-item\" href=\"#\">\t\t\t\t\n\t\t\t\t<div class=\"elementor-price-list-text\">\n\t\t\t\t\t\t\t\t\t<div class=\"elementor-price-list-header\">\n\t\t\t\t\t\t\t\t\t\t\t<span class=\"elementor-price-list-title\">\n\t\t\t\t\t\t\tMed Visage \u043b\u0438\u0444\u0442\u0438\u043d\u0433 \u043d\u0430 \u043b\u0438\u0446\u0435\u0442\u043e 2+1 \u0431\u0435\u0437\u043f\u043b\u0430\u0442\u043d\u043e - \u0446\u0435\u043d\u0430 12000 \u0434\u0438\u043d\u0430\u0440\u0430 \u0440\u0435\u0434\u043e\u0432\u043d\u0430 \u0446\u0435\u043d\u0430 18000 \u0434\u0438\u043d\u0430\u0440\u0430\t\t\t\t\t\t<\/span>\n\t\t\t\t\t\t\t\t\t\t\t\t\t\t\t\t\t\t<span class=\"elementor-price-list-separator\"><\/span>\n\t\t\t\t\t\t\t\t\t\t\t\t\t\t\t\t\t\t\t<span class=\"elementor-price-list-price\">12000 RSD<\/span>\n\t\t\t\t\t\t\t\t\t\t<\/div>\n\t\t\t\t\t\t\t\t\t\t\t\t<\/div>\n\t\t\t\t<\/a><\/li>\t\t\t\t\t\n\t\t<\/ul>\n\n\t\t\t\t\t\t<\/div>\n\t\t\t\t<\/div>\n\t\t\t\t\t<\/div>\n\t\t<\/div>\n\t\t\t\t\t<\/div>\n\t\t<\/section>\n\t\t\t\t<section class=\"elementor-section elementor-top-section elementor-element elementor-element-6bebaff elementor-section-boxed elementor-section-height-default elementor-section-height-default\" data-id=\"6bebaff\" data-element_type=\"section\" data-e-type=\"section\">\n\t\t\t\t\t\t<div class=\"elementor-container elementor-column-gap-default\">\n\t\t\t\t\t<div class=\"elementor-column elementor-col-100 elementor-top-column elementor-element elementor-element-ab70f1c\" data-id=\"ab70f1c\" data-element_type=\"column\" data-e-type=\"column\">\n\t\t\t<div class=\"elementor-widget-wrap elementor-element-populated\">\n\t\t\t\t\t\t<div class=\"elementor-element elementor-element-a28d9ef elementor-widget elementor-widget-text-editor\" data-id=\"a28d9ef\" data-element_type=\"widget\" data-e-type=\"widget\" data-widget_type=\"text-editor.default\">\n\t\t\t\t<div class=\"elementor-widget-container\">\n\t\t\t\t\t\t\t\t\t<div class=\"row\">\n<div class=\"col-xs-12 text-left payment-options first\"><strong>\u0412\u044a\u0437\u043c\u043e\u0436\u043d\u043e\u0441\u0442 \u0437\u0430 \u043f\u043b\u0430\u0449\u0430\u043d\u0435 \u043d\u0430 \u043d\u044f\u043a\u043e\u043b\u043a\u043e \u0432\u043d\u043e\u0441\u043a\u0438<\/strong><\/div>\n<\/div>\n<div class=\"row\">\n<div class=\"col-xs-12 col-md-12 text-left payment-options translation-block\">\u041f\u0440\u0435\u0434\u043b\u0430\u0433\u0430\u043c\u0435 \u043d\u0430 \u043d\u0430\u0448\u0438\u0442\u0435 \u043a\u043b\u0438\u0435\u043d\u0442\u0438 \u0440\u0430\u0437\u043b\u0438\n\u0447\u043d\u0438 \u043e\u043f\u0446\u0438\u0438 \u0437\u0430 \u043f\u043b\u0430\u0449\u0430\u043d\u0435. \u0412 \u0441\u044a\u0442\u0440\u0443\u0434\u043d\u0438\u0447\u0435\u0441\u0442\u0432\u043e \u0441 \u0431\u0430\u043d\u043a\u0430 Banca Intesa \u043e\u0441\u0438\u0433\u0443\u0440\u0438\u0445\u043c\u0435 \u0432\u044a\u0437\u043c\u043e\u0436\u043d\u043e\u0441\u0442 \u0437\u0430 \u043f\u043b\u0430\u0449\u0430\u043d\u0435 \u043d\u0430 \u0432\u043d\u043e\u0441\u043a\u0438, \u043d\u043e \u0438 \u0431\u0435\u0437\u043b\u0438\u0445\u0432\u0435\u043d\u043e \u043f\u043b\u0430\u0449\u0430\u043d\u0435 \u0434\u043e \u043e\u043f\u0440\u0435\u0434\u0435\u043b\u0435\u043d \u0431\u0440\u043e\u0439 \u0432\u043d\u043e\u0441\u043a\u0438.<\/div>\n<\/div>\n<div class=\"row\">\n<div class=\"col-xs-12 col-md-12 text-left payment-options last\">\u041f\u0440\u0438\u0435\u043c\u0430\u043c\u0435 \u043a\u0430\u0440\u0442\u0438: American Express, Visa, Master Card, Maestro, Dina<\/div>\n<\/div>\t\t\t\t\t\t\t\t<\/div>\n\t\t\t\t<\/div>\n\t\t\t\t<div class=\"elementor-element elementor-element-be4bc5f elementor-widget elementor-widget-image\" data-id=\"be4bc5f\" data-element_type=\"widget\" data-e-type=\"widget\" data-widget_type=\"image.default\">\n\t\t\t\t<div class=\"elementor-widget-container\">\n\t\t\t\t\t\t\t\t\t\t\t\t\t\t\t<img decoding=\"async\" width=\"241\" height=\"39\" src=\"https:\/\/www.aesthetica.rs\/wp-content\/uploads\/2023\/03\/kartice-longavita.png\" class=\"attachment-large size-large wp-image-1704\" alt=\"\" \/>\t\t\t\t\t\t\t\t\t\t\t\t\t\t\t<\/div>\n\t\t\t\t<\/div>\n\t\t\t\t\t<\/div>\n\t\t<\/div>\n\t\t\t\t\t<\/div>\n\t\t<\/section>\n\t\t\t\t<\/div>","protected":false},"excerpt":{"rendered":"<p>Cenovnik &#8211; posebne ponude U nastavku mo\u017eete videti cenovnik na\u0161ih usluga, za detaljnije informacije molimo da nam se obratite. Na\u0161e stru\u010dno osoblje rado \u0107e Vam pomo\u0107i da dodjete do svih podataka koji su vam potrebni vezano za pla\u0107anje i\/ili raspolo\u017eivost termina i po potrebi pru\u017eiti dalja obave\u0161tenja. Posebne ponude lice Aesthetica divine beauty &#8211; cena [&hellip;]<\/p>\n","protected":false},"author":1,"featured_media":0,"parent":588,"menu_order":0,"comment_status":"closed","ping_status":"closed","template":"","meta":{"footnotes":""},"class_list":["post-1854","page","type-page","status-publish","hentry"],"yoast_head":"<!-- This site is optimized with the Yoast SEO plugin v27.4 - https:\/\/yoast.com\/product\/yoast-seo-wordpress\/ -->\n<title>Cenovnik za posebne ponude - Aesthetica Ni\u0161<\/title>\n<meta name=\"description\" content=\"Pogledajte cene svih posebnih ponuda za tretmane lica i tela Aesthetica centra estetske medicine. Obratite nam se za informacije o pla\u0107anju.\" \/>\n<meta name=\"robots\" content=\"index, follow, max-snippet:-1, max-image-preview:large, max-video-preview:-1\" \/>\n<link rel=\"canonical\" href=\"https:\/\/www.aesthetica.rs\/bg\/cenova-lista\/specialni-oferti\/\" \/>\n<meta property=\"og:locale\" content=\"bg_BG\" \/>\n<meta property=\"og:type\" content=\"article\" \/>\n<meta property=\"og:title\" content=\"Cenovnik za posebne ponude - Aesthetica Ni\u0161\" \/>\n<meta property=\"og:description\" content=\"Pogledajte cene svih posebnih ponuda za tretmane lica i tela Aesthetica centra estetske medicine. Obratite nam se za informacije o pla\u0107anju.\" \/>\n<meta property=\"og:url\" content=\"https:\/\/www.aesthetica.rs\/bg\/cenova-lista\/specialni-oferti\/\" \/>\n<meta property=\"og:site_name\" content=\"Aesthetica LongaVita - Anti Aging Centar za estetsku medicinu u Ni\u0161u\" \/>\n<meta property=\"article:modified_time\" content=\"2026-03-25T13:44:37+00:00\" \/>\n<meta property=\"og:image\" content=\"https:\/\/www.aesthetica.rs\/wp-content\/uploads\/2023\/03\/kartice-longavita.png\" \/>\n\t<meta property=\"og:image:width\" content=\"241\" \/>\n\t<meta property=\"og:image:height\" content=\"39\" \/>\n\t<meta property=\"og:image:type\" content=\"image\/png\" \/>\n<meta name=\"twitter:card\" content=\"summary_large_image\" \/>\n<meta name=\"twitter:label1\" content=\"Est. reading time\" \/>\n\t<meta name=\"twitter:data1\" content=\"2 \u043c\u0438\u043d\u0443\u0442\u0438\" \/>\n<script type=\"application\/ld+json\" class=\"yoast-schema-graph\">{\"@context\":\"https:\\\/\\\/schema.org\",\"@graph\":[{\"@type\":\"WebPage\",\"@id\":\"https:\\\/\\\/www.aesthetica.rs\\\/cenovnik\\\/posebne-ponude-2\\\/\",\"url\":\"https:\\\/\\\/www.aesthetica.rs\\\/cenovnik\\\/posebne-ponude-2\\\/\",\"name\":\"Cenovnik za posebne ponude - Aesthetica Ni\u0161\",\"isPartOf\":{\"@id\":\"https:\\\/\\\/www.aesthetica.rs\\\/#website\"},\"primaryImageOfPage\":{\"@id\":\"https:\\\/\\\/www.aesthetica.rs\\\/cenovnik\\\/posebne-ponude-2\\\/#primaryimage\"},\"image\":{\"@id\":\"https:\\\/\\\/www.aesthetica.rs\\\/cenovnik\\\/posebne-ponude-2\\\/#primaryimage\"},\"thumbnailUrl\":\"https:\\\/\\\/www.aesthetica.rs\\\/wp-content\\\/uploads\\\/2023\\\/03\\\/kartice-longavita.png\",\"datePublished\":\"2023-03-23T20:25:33+00:00\",\"dateModified\":\"2026-03-25T13:44:37+00:00\",\"description\":\"Pogledajte cene svih posebnih ponuda za tretmane lica i tela Aesthetica centra estetske medicine. Obratite nam se za informacije o pla\u0107anju.\",\"breadcrumb\":{\"@id\":\"https:\\\/\\\/www.aesthetica.rs\\\/cenovnik\\\/posebne-ponude-2\\\/#breadcrumb\"},\"inLanguage\":\"bg-BG\",\"potentialAction\":[{\"@type\":\"ReadAction\",\"target\":[\"https:\\\/\\\/www.aesthetica.rs\\\/cenovnik\\\/posebne-ponude-2\\\/\"]}]},{\"@type\":\"ImageObject\",\"inLanguage\":\"bg-BG\",\"@id\":\"https:\\\/\\\/www.aesthetica.rs\\\/cenovnik\\\/posebne-ponude-2\\\/#primaryimage\",\"url\":\"https:\\\/\\\/www.aesthetica.rs\\\/wp-content\\\/uploads\\\/2023\\\/03\\\/kartice-longavita.png\",\"contentUrl\":\"https:\\\/\\\/www.aesthetica.rs\\\/wp-content\\\/uploads\\\/2023\\\/03\\\/kartice-longavita.png\"},{\"@type\":\"BreadcrumbList\",\"@id\":\"https:\\\/\\\/www.aesthetica.rs\\\/cenovnik\\\/posebne-ponude-2\\\/#breadcrumb\",\"itemListElement\":[{\"@type\":\"ListItem\",\"position\":1,\"name\":\"\u041f\u043e\u0447\u0435\u0442\u043d\u0430\",\"item\":\"https:\\\/\\\/www.aesthetica.rs\\\/\"},{\"@type\":\"ListItem\",\"position\":2,\"name\":\"Cenovnik\",\"item\":\"https:\\\/\\\/www.aesthetica.rs\\\/cenovnik\\\/\"},{\"@type\":\"ListItem\",\"position\":3,\"name\":\"Posebne ponude\"}]},{\"@type\":\"WebSite\",\"@id\":\"https:\\\/\\\/www.aesthetica.rs\\\/#website\",\"url\":\"https:\\\/\\\/www.aesthetica.rs\\\/\",\"name\":\"Anti Aging Centar: estetska medicinu u Ni\u0161u - Aesthetica LongaVita\",\"description\":\"\",\"potentialAction\":[{\"@type\":\"SearchAction\",\"target\":{\"@type\":\"EntryPoint\",\"urlTemplate\":\"https:\\\/\\\/www.aesthetica.rs\\\/?s={search_term_string}\"},\"query-input\":{\"@type\":\"PropertyValueSpecification\",\"valueRequired\":true,\"valueName\":\"search_term_string\"}}],\"inLanguage\":\"bg-BG\"}]}<\/script>\n<!-- \/ Yoast SEO plugin. -->","yoast_head_json":{"title":"\u0426\u0435\u043d\u043e\u0432\u0430 \u043b\u0438\u0441\u0442\u0430 - \u0441\u043f\u0435\u0446\u0438\u0430\u043b\u043d\u0438 \u043e\u0444\u0435\u0440\u0442\u0438 - Aesthetica Ni\u0161","description":"\u0412\u0438\u0436\u0442\u0435 \u0446\u0435\u043d\u0438\u0442\u0435 \u043d\u0430 \u0432\u0441\u0438\u0447\u043a\u0438 \u0441\u043f\u0435\u0446\u0438\u0430\u043b\u043d\u0438 \u043f\u0440\u0435\u0434\u043b\u043e\u0436\u0435\u043d\u0438\u044f \u0437\u0430 \u043f\u0440\u043e\u0446\u0435\u0434\u0443\u0440\u0438 \u0437\u0430 \u043b\u0438\u0446\u0435 \u0438 \u0442\u044f\u043b\u043e \u043d\u0430 \u0446\u0435\u043d\u0442\u044a\u0440 \u0437\u0430 \u0435\u0441\u0442\u0435\u0442\u0438\u0447\u043d\u0430 \u043c\u0435\u0434\u0438\u0446\u0438\u043d\u0430 Aesthetica. \u0421\u0432\u044a\u0440\u0436\u0435\u0442\u0435 \u0441\u0435 \u0441 \u043d\u0430\u0441 \u0437\u0430 \u0438\u043d\u0444\u043e\u0440\u043c\u0430\u0446\u0438\u044f \u0437\u0430 \u043f\u043b\u0430\u0449\u0430\u043d\u0435.","robots":{"index":"index","follow":"follow","max-snippet":"max-snippet:-1","max-image-preview":"max-image-preview:large","max-video-preview":"max-video-preview:-1"},"canonical":"https:\/\/www.aesthetica.rs\/bg\/cenova-lista\/specialni-oferti\/","og_locale":"bg_BG","og_type":"article","og_title":"Cenovnik za posebne ponude - Aesthetica Ni\u0161","og_description":"Pogledajte cene svih posebnih ponuda za tretmane lica i tela Aesthetica centra estetske medicine. Obratite nam se za informacije o pla\u0107anju.","og_url":"https:\/\/www.aesthetica.rs\/bg\/cenova-lista\/specialni-oferti\/","og_site_name":"Aesthetica LongaVita - Anti Aging Centar za estetsku medicinu u Ni\u0161u","article_modified_time":"2026-03-25T13:44:37+00:00","og_image":[{"width":241,"height":39,"url":"https:\/\/www.aesthetica.rs\/wp-content\/uploads\/2023\/03\/kartice-longavita.png","type":"image\/png"}],"twitter_card":"summary_large_image","twitter_misc":{"Est. reading time":"2 \u043c\u0438\u043d\u0443\u0442\u0438"},"schema":{"@context":"https:\/\/schema.org","@graph":[{"@type":"WebPage","@id":"https:\/\/www.aesthetica.rs\/cenovnik\/posebne-ponude-2\/","url":"https:\/\/www.aesthetica.rs\/cenovnik\/posebne-ponude-2\/","name":"\u0426\u0435\u043d\u043e\u0432\u0430 \u043b\u0438\u0441\u0442\u0430 - \u0441\u043f\u0435\u0446\u0438\u0430\u043b\u043d\u0438 \u043e\u0444\u0435\u0440\u0442\u0438 - Aesthetica Ni\u0161","isPartOf":{"@id":"https:\/\/www.aesthetica.rs\/#website"},"primaryImageOfPage":{"@id":"https:\/\/www.aesthetica.rs\/cenovnik\/posebne-ponude-2\/#primaryimage"},"image":{"@id":"https:\/\/www.aesthetica.rs\/cenovnik\/posebne-ponude-2\/#primaryimage"},"thumbnailUrl":"https:\/\/www.aesthetica.rs\/wp-content\/uploads\/2023\/03\/kartice-longavita.png","datePublished":"2023-03-23T20:25:33+00:00","dateModified":"2026-03-25T13:44:37+00:00","description":"\u0412\u0438\u0436\u0442\u0435 \u0446\u0435\u043d\u0438\u0442\u0435 \u043d\u0430 \u0432\u0441\u0438\u0447\u043a\u0438 \u0441\u043f\u0435\u0446\u0438\u0430\u043b\u043d\u0438 \u043f\u0440\u0435\u0434\u043b\u043e\u0436\u0435\u043d\u0438\u044f \u0437\u0430 \u043f\u0440\u043e\u0446\u0435\u0434\u0443\u0440\u0438 \u0437\u0430 \u043b\u0438\u0446\u0435 \u0438 \u0442\u044f\u043b\u043e \u043d\u0430 \u0446\u0435\u043d\u0442\u044a\u0440 \u0437\u0430 \u0435\u0441\u0442\u0435\u0442\u0438\u0447\u043d\u0430 \u043c\u0435\u0434\u0438\u0446\u0438\u043d\u0430 Aesthetica. \u0421\u0432\u044a\u0440\u0436\u0435\u0442\u0435 \u0441\u0435 \u0441 \u043d\u0430\u0441 \u0437\u0430 \u0438\u043d\u0444\u043e\u0440\u043c\u0430\u0446\u0438\u044f \u0437\u0430 \u043f\u043b\u0430\u0449\u0430\u043d\u0435.","breadcrumb":{"@id":"https:\/\/www.aesthetica.rs\/cenovnik\/posebne-ponude-2\/#breadcrumb"},"inLanguage":"bg-BG","potentialAction":[{"@type":"ReadAction","target":["https:\/\/www.aesthetica.rs\/cenovnik\/posebne-ponude-2\/"]}]},{"@type":"ImageObject","inLanguage":"bg-BG","@id":"https:\/\/www.aesthetica.rs\/cenovnik\/posebne-ponude-2\/#primaryimage","url":"https:\/\/www.aesthetica.rs\/wp-content\/uploads\/2023\/03\/kartice-longavita.png","contentUrl":"https:\/\/www.aesthetica.rs\/wp-content\/uploads\/2023\/03\/kartice-longavita.png"},{"@type":"BreadcrumbList","@id":"https:\/\/www.aesthetica.rs\/cenovnik\/posebne-ponude-2\/#breadcrumb","itemListElement":[{"@type":"ListItem","position":1,"name":"\u041f\u043e\u0447\u0435\u0442\u043d\u0430","item":"https:\/\/www.aesthetica.rs\/"},{"@type":"ListItem","position":2,"name":"Cenovnik","item":"https:\/\/www.aesthetica.rs\/cenovnik\/"},{"@type":"ListItem","position":3,"name":"Posebne ponude"}]},{"@type":"WebSite","@id":"https:\/\/www.aesthetica.rs\/#website","url":"https:\/\/www.aesthetica.rs\/","name":"Anti Aging Centar: estetska medicinu u Ni\u0161u - Aesthetica LongaVita","description":"","potentialAction":[{"@type":"SearchAction","target":{"@type":"EntryPoint","urlTemplate":"https:\/\/www.aesthetica.rs\/?s={search_term_string}"},"query-input":{"@type":"PropertyValueSpecification","valueRequired":true,"valueName":"search_term_string"}}],"inLanguage":"bg-BG"}]}},"_links":{"self":[{"href":"https:\/\/www.aesthetica.rs\/bg\/wp-json\/wp\/v2\/pages\/1854","targetHints":{"allow":["GET"]}}],"collection":[{"href":"https:\/\/www.aesthetica.rs\/bg\/wp-json\/wp\/v2\/pages"}],"about":[{"href":"https:\/\/www.aesthetica.rs\/bg\/wp-json\/wp\/v2\/types\/page"}],"author":[{"embeddable":true,"href":"https:\/\/www.aesthetica.rs\/bg\/wp-json\/wp\/v2\/users\/1"}],"replies":[{"embeddable":true,"href":"https:\/\/www.aesthetica.rs\/bg\/wp-json\/wp\/v2\/comments?post=1854"}],"version-history":[{"count":212,"href":"https:\/\/www.aesthetica.rs\/bg\/wp-json\/wp\/v2\/pages\/1854\/revisions"}],"predecessor-version":[{"id":5924,"href":"https:\/\/www.aesthetica.rs\/bg\/wp-json\/wp\/v2\/pages\/1854\/revisions\/5924"}],"up":[{"embeddable":true,"href":"https:\/\/www.aesthetica.rs\/bg\/wp-json\/wp\/v2\/pages\/588"}],"wp:attachment":[{"href":"https:\/\/www.aesthetica.rs\/bg\/wp-json\/wp\/v2\/media?parent=1854"}],"curies":[{"name":"wp","href":"https:\/\/api.w.org\/{rel}","templated":true}]}}