{"id":4257,"date":"2023-08-25T07:46:55","date_gmt":"2023-08-25T05:46:55","guid":{"rendered":"https:\/\/www.aesthetica.rs\/?page_id=4257"},"modified":"2023-08-25T07:49:17","modified_gmt":"2023-08-25T05:49:17","slug":"tijana-stankovic","status":"publish","type":"page","link":"https:\/\/www.aesthetica.rs\/bg\/za-nas\/tijana-stankovic\/","title":{"rendered":"Tijana Stankovi\u0107"},"content":{"rendered":"<div data-elementor-type=\"wp-page\" data-elementor-id=\"4257\" class=\"elementor elementor-4257\" data-elementor-post-type=\"page\">\n\t\t\t\t\t\t<section class=\"elementor-section elementor-top-section elementor-element elementor-element-abd8d2c elementor-section-boxed elementor-section-height-default elementor-section-height-default\" data-id=\"abd8d2c\" data-element_type=\"section\" data-e-type=\"section\">\n\t\t\t\t\t\t<div class=\"elementor-container elementor-column-gap-default\">\n\t\t\t\t\t<div class=\"elementor-column elementor-col-100 elementor-top-column elementor-element elementor-element-d5f511a\" data-id=\"d5f511a\" data-element_type=\"column\" data-e-type=\"column\">\n\t\t\t<div class=\"elementor-widget-wrap elementor-element-populated\">\n\t\t\t\t\t\t<div class=\"elementor-element elementor-element-ea4b4da elementor-widget elementor-widget-heading\" data-id=\"ea4b4da\" data-element_type=\"widget\" data-e-type=\"widget\" data-widget_type=\"heading.default\">\n\t\t\t\t<div class=\"elementor-widget-container\">\n\t\t\t\t\t<h1 class=\"elementor-heading-title elementor-size-default\">Tijana Stankovi\u0107, strukovni nutricionista - dijeteti\u010dar<\/h1>\t\t\t\t<\/div>\n\t\t\t\t<\/div>\n\t\t\t\t\t<\/div>\n\t\t<\/div>\n\t\t\t\t\t<\/div>\n\t\t<\/section>\n\t\t\t\t<section class=\"elementor-section elementor-top-section elementor-element elementor-element-adf0d0d elementor-section-boxed elementor-section-height-default elementor-section-height-default\" data-id=\"adf0d0d\" data-element_type=\"section\" data-e-type=\"section\">\n\t\t\t\t\t\t<div class=\"elementor-container elementor-column-gap-default\">\n\t\t\t\t\t<div class=\"elementor-column elementor-col-33 elementor-top-column elementor-element elementor-element-6d40b54\" data-id=\"6d40b54\" data-element_type=\"column\" data-e-type=\"column\">\n\t\t\t<div class=\"elementor-widget-wrap elementor-element-populated\">\n\t\t\t\t\t\t<div class=\"elementor-element elementor-element-a22992a elementor-widget elementor-widget-image\" data-id=\"a22992a\" data-element_type=\"widget\" data-e-type=\"widget\" data-widget_type=\"image.default\">\n\t\t\t\t<div class=\"elementor-widget-container\">\n\t\t\t\t\t\t\t\t\t\t\t\t\t\t\t<img fetchpriority=\"high\" decoding=\"async\" width=\"650\" height=\"928\" src=\"https:\/\/www.aesthetica.rs\/wp-content\/uploads\/2023\/08\/Tijana-za-racunarom.jpg\" class=\"attachment-large size-large wp-image-4259\" alt=\"\" srcset=\"https:\/\/www.aesthetica.rs\/wp-content\/uploads\/2023\/08\/Tijana-za-racunarom.jpg 650w, https:\/\/www.aesthetica.rs\/wp-content\/uploads\/2023\/08\/Tijana-za-racunarom-210x300.jpg 210w, https:\/\/www.aesthetica.rs\/wp-content\/uploads\/2023\/08\/Tijana-za-racunarom-8x12.jpg 8w\" sizes=\"(max-width: 650px) 100vw, 650px\" \/>\t\t\t\t\t\t\t\t\t\t\t\t\t\t\t<\/div>\n\t\t\t\t<\/div>\n\t\t\t\t<div class=\"elementor-element elementor-element-5df2271 elementor-widget elementor-widget-heading\" data-id=\"5df2271\" data-element_type=\"widget\" data-e-type=\"widget\" data-widget_type=\"heading.default\">\n\t\t\t\t<div class=\"elementor-widget-container\">\n\t\t\t\t\t<h2 class=\"elementor-heading-title elementor-size-default\">Tijana Stankovi\u0107<\/h2>\t\t\t\t<\/div>\n\t\t\t\t<\/div>\n\t\t\t\t\t<\/div>\n\t\t<\/div>\n\t\t\t\t<div class=\"elementor-column elementor-col-66 elementor-top-column elementor-element elementor-element-679b9bc\" data-id=\"679b9bc\" data-element_type=\"column\" data-e-type=\"column\">\n\t\t\t<div class=\"elementor-widget-wrap elementor-element-populated\">\n\t\t\t\t\t\t<div class=\"elementor-element elementor-element-9d315d6 elementor-widget elementor-widget-text-editor\" data-id=\"9d315d6\" data-element_type=\"widget\" data-e-type=\"widget\" data-widget_type=\"text-editor.default\">\n\t\t\t\t<div class=\"elementor-widget-container\">\n\t\t\t\t\t\t\t\t\t<p>Diplomirala je na Visokoj zdravstvenoj \u0161koli strukovnih studija u Beogradu, smer strukovni nutricionista \u2013 dijeteti\u010dar.<\/p><p>Svoje interesovanje za zna\u010daj ishrane pokazuje jo\u0161 kao gimnazijalka kada je na li\u010dnom primeru, regulisanjem ishrane, izle\u010dila alergije (hroni\u010dni alergijski rinitis) zbog kojih je patila jo\u0161 od detinjstva. U to vreme upoznala se i sa Bicom pregledima i tretmanima koji su joj dali odgovore na mnoga njena pitanja u vezi razlike izmedju intolerancija na hranu i alergija, simbioze odredjenih patogenih mikroorganizama sa te\u0161kim metalima, odakle nam te\u0161ki metali u organizmu, kako uti\u010du na na\u0161e zdravlje i kako ih se osloboditi, kako \u0161tetna zra\u010denja uti\u010du na na\u0161 nervni sistem i mnoga druga.<\/p><p>Empati\u010dna i elokventna po svojoj prirodi u\u017eiva u radu sa ljudima i decom. Na jednostavan i prirodan na\u010din komunicira sa ljudima i svojim znanjem poma\u017ee im u regulisanju mnogih zdravstvenih problema koje uzrokuje neadekvatna ishrana.<\/p><p>Posebno interesovanje predstavlja joj detoksikacija organizma, njeno pravilno sprovodjenje putem biorezonantnih terapija, suplemenata i dodataka ishrani. Ovo je veoma aktuelna tema dana\u0161njice ali i jako va\u017ena jer neadekvatnom detoksikacijom mo\u017eemo sebi naneti vi\u0161e \u0161tete nego koristi. Zbog toga u svom radu primenjuje individualan pristup svakom klijentu ponaosob.<\/p><p>Kao mlada osoba zna koliko se tinejd\u017eeri i adolescenti danas lo\u0161e hrane, u kojoj meri koriste razne napitke prepune \u0161e\u0107era, ve\u0161ta\u010dkih aroma i boja te joj je poseban izazov da promovi\u0161e svest o zdravoj hrani i navikama kod mladih ljudi i dece. Smatra da ono \u0161to unosimo u organizam izuzetno uti\u010de na kvalitet \u017eivota, i da je uvek pravo vreme da se okrenemo zdravoj i pravilnoj ishrani.<\/p>\t\t\t\t\t\t\t\t<\/div>\n\t\t\t\t<\/div>\n\t\t\t\t\t<\/div>\n\t\t<\/div>\n\t\t\t\t\t<\/div>\n\t\t<\/section>\n\t\t\t\t<\/div>","protected":false},"excerpt":{"rendered":"<p>Tijana Stankovi\u0107, strukovni nutricionista &#8211; dijeteti\u010dar Tijana Stankovi\u0107 Diplomirala je na Visokoj zdravstvenoj \u0161koli strukovnih studija u Beogradu, smer strukovni nutricionista \u2013 dijeteti\u010dar. Svoje interesovanje za zna\u010daj ishrane pokazuje jo\u0161 kao gimnazijalka kada je na li\u010dnom primeru, regulisanjem ishrane, izle\u010dila alergije (hroni\u010dni alergijski rinitis) zbog kojih je patila jo\u0161 od detinjstva. U to vreme upoznala [&hellip;]<\/p>\n","protected":false},"author":1,"featured_media":4253,"parent":545,"menu_order":0,"comment_status":"closed","ping_status":"closed","template":"","meta":{"footnotes":""},"class_list":["post-4257","page","type-page","status-publish","has-post-thumbnail","hentry"],"yoast_head":"<!-- This site is optimized with the Yoast SEO plugin v27.4 - https:\/\/yoast.com\/product\/yoast-seo-wordpress\/ -->\n<title>Tijana Stankovi\u0107 - Aesthetica Ni\u0161<\/title>\n<meta name=\"description\" content=\"Tijana je strukovni nutricionista - dijeteti\u010dar, savetnik za pravilnu ishranu i kombinaciju namirnica.\" \/>\n<meta name=\"robots\" content=\"index, follow, max-snippet:-1, max-image-preview:large, max-video-preview:-1\" \/>\n<link rel=\"canonical\" href=\"https:\/\/www.aesthetica.rs\/bg\/za-nas\/tijana-stankovic\/\" \/>\n<meta property=\"og:locale\" content=\"bg_BG\" \/>\n<meta property=\"og:type\" content=\"article\" \/>\n<meta property=\"og:title\" content=\"Tijana Stankovi\u0107 - Aesthetica Ni\u0161\" \/>\n<meta property=\"og:description\" content=\"Tijana je strukovni nutricionista - dijeteti\u010dar, savetnik za pravilnu ishranu i kombinaciju namirnica.\" \/>\n<meta property=\"og:url\" content=\"https:\/\/www.aesthetica.rs\/bg\/za-nas\/tijana-stankovic\/\" \/>\n<meta property=\"og:site_name\" content=\"Aesthetica LongaVita - Anti Aging Centar za estetsku medicinu u Ni\u0161u\" \/>\n<meta property=\"article:modified_time\" content=\"2023-08-25T05:49:17+00:00\" \/>\n<meta property=\"og:image\" content=\"https:\/\/www.aesthetica.rs\/wp-content\/uploads\/2023\/08\/Tijana-Stankovic-profilna.jpg\" \/>\n\t<meta property=\"og:image:width\" content=\"350\" \/>\n\t<meta property=\"og:image:height\" content=\"500\" \/>\n\t<meta property=\"og:image:type\" content=\"image\/jpeg\" \/>\n<meta name=\"twitter:card\" content=\"summary_large_image\" \/>\n<meta name=\"twitter:label1\" content=\"Est. reading time\" \/>\n\t<meta name=\"twitter:data1\" content=\"2 \u043c\u0438\u043d\u0443\u0442\u0438\" \/>\n<script type=\"application\/ld+json\" class=\"yoast-schema-graph\">{\"@context\":\"https:\\\/\\\/schema.org\",\"@graph\":[{\"@type\":\"WebPage\",\"@id\":\"https:\\\/\\\/www.aesthetica.rs\\\/o-nama\\\/tijana-stankovic\\\/\",\"url\":\"https:\\\/\\\/www.aesthetica.rs\\\/o-nama\\\/tijana-stankovic\\\/\",\"name\":\"Tijana Stankovi\u0107 - Aesthetica Ni\u0161\",\"isPartOf\":{\"@id\":\"https:\\\/\\\/www.aesthetica.rs\\\/#website\"},\"primaryImageOfPage\":{\"@id\":\"https:\\\/\\\/www.aesthetica.rs\\\/o-nama\\\/tijana-stankovic\\\/#primaryimage\"},\"image\":{\"@id\":\"https:\\\/\\\/www.aesthetica.rs\\\/o-nama\\\/tijana-stankovic\\\/#primaryimage\"},\"thumbnailUrl\":\"https:\\\/\\\/www.aesthetica.rs\\\/wp-content\\\/uploads\\\/2023\\\/08\\\/Tijana-Stankovic-profilna.jpg\",\"datePublished\":\"2023-08-25T05:46:55+00:00\",\"dateModified\":\"2023-08-25T05:49:17+00:00\",\"description\":\"Tijana je strukovni nutricionista - dijeteti\u010dar, savetnik za pravilnu ishranu i kombinaciju namirnica.\",\"breadcrumb\":{\"@id\":\"https:\\\/\\\/www.aesthetica.rs\\\/o-nama\\\/tijana-stankovic\\\/#breadcrumb\"},\"inLanguage\":\"bg-BG\",\"potentialAction\":[{\"@type\":\"ReadAction\",\"target\":[\"https:\\\/\\\/www.aesthetica.rs\\\/o-nama\\\/tijana-stankovic\\\/\"]}]},{\"@type\":\"ImageObject\",\"inLanguage\":\"bg-BG\",\"@id\":\"https:\\\/\\\/www.aesthetica.rs\\\/o-nama\\\/tijana-stankovic\\\/#primaryimage\",\"url\":\"https:\\\/\\\/www.aesthetica.rs\\\/wp-content\\\/uploads\\\/2023\\\/08\\\/Tijana-Stankovic-profilna.jpg\",\"contentUrl\":\"https:\\\/\\\/www.aesthetica.rs\\\/wp-content\\\/uploads\\\/2023\\\/08\\\/Tijana-Stankovic-profilna.jpg\",\"width\":350,\"height\":500},{\"@type\":\"BreadcrumbList\",\"@id\":\"https:\\\/\\\/www.aesthetica.rs\\\/o-nama\\\/tijana-stankovic\\\/#breadcrumb\",\"itemListElement\":[{\"@type\":\"ListItem\",\"position\":1,\"name\":\"\u041f\u043e\u0447\u0435\u0442\u043d\u0430\",\"item\":\"https:\\\/\\\/www.aesthetica.rs\\\/\"},{\"@type\":\"ListItem\",\"position\":2,\"name\":\"O nama\",\"item\":\"https:\\\/\\\/www.aesthetica.rs\\\/o-nama\\\/\"},{\"@type\":\"ListItem\",\"position\":3,\"name\":\"Tijana Stankovi\u0107\"}]},{\"@type\":\"WebSite\",\"@id\":\"https:\\\/\\\/www.aesthetica.rs\\\/#website\",\"url\":\"https:\\\/\\\/www.aesthetica.rs\\\/\",\"name\":\"Anti Aging Centar: estetska medicinu u Ni\u0161u - Aesthetica LongaVita\",\"description\":\"\",\"potentialAction\":[{\"@type\":\"SearchAction\",\"target\":{\"@type\":\"EntryPoint\",\"urlTemplate\":\"https:\\\/\\\/www.aesthetica.rs\\\/?s={search_term_string}\"},\"query-input\":{\"@type\":\"PropertyValueSpecification\",\"valueRequired\":true,\"valueName\":\"search_term_string\"}}],\"inLanguage\":\"bg-BG\"}]}<\/script>\n<!-- \/ Yoast SEO plugin. -->","yoast_head_json":{"title":"Tijana Stankovi\u0107 - Aesthetica Ni\u0161","description":"Tijana je strukovni nutricionista - dijeteti\u010dar, savetnik za pravilnu ishranu i kombinaciju namirnica.","robots":{"index":"index","follow":"follow","max-snippet":"max-snippet:-1","max-image-preview":"max-image-preview:large","max-video-preview":"max-video-preview:-1"},"canonical":"https:\/\/www.aesthetica.rs\/bg\/za-nas\/tijana-stankovic\/","og_locale":"bg_BG","og_type":"article","og_title":"Tijana Stankovi\u0107 - Aesthetica Ni\u0161","og_description":"Tijana je strukovni nutricionista - dijeteti\u010dar, savetnik za pravilnu ishranu i kombinaciju namirnica.","og_url":"https:\/\/www.aesthetica.rs\/bg\/za-nas\/tijana-stankovic\/","og_site_name":"Aesthetica LongaVita - Anti Aging Centar za estetsku medicinu u Ni\u0161u","article_modified_time":"2023-08-25T05:49:17+00:00","og_image":[{"width":350,"height":500,"url":"https:\/\/www.aesthetica.rs\/wp-content\/uploads\/2023\/08\/Tijana-Stankovic-profilna.jpg","type":"image\/jpeg"}],"twitter_card":"summary_large_image","twitter_misc":{"Est. reading time":"2 \u043c\u0438\u043d\u0443\u0442\u0438"},"schema":{"@context":"https:\/\/schema.org","@graph":[{"@type":"WebPage","@id":"https:\/\/www.aesthetica.rs\/o-nama\/tijana-stankovic\/","url":"https:\/\/www.aesthetica.rs\/o-nama\/tijana-stankovic\/","name":"Tijana Stankovi\u0107 - Aesthetica Ni\u0161","isPartOf":{"@id":"https:\/\/www.aesthetica.rs\/#website"},"primaryImageOfPage":{"@id":"https:\/\/www.aesthetica.rs\/o-nama\/tijana-stankovic\/#primaryimage"},"image":{"@id":"https:\/\/www.aesthetica.rs\/o-nama\/tijana-stankovic\/#primaryimage"},"thumbnailUrl":"https:\/\/www.aesthetica.rs\/wp-content\/uploads\/2023\/08\/Tijana-Stankovic-profilna.jpg","datePublished":"2023-08-25T05:46:55+00:00","dateModified":"2023-08-25T05:49:17+00:00","description":"Tijana je strukovni nutricionista - dijeteti\u010dar, savetnik za pravilnu ishranu i kombinaciju namirnica.","breadcrumb":{"@id":"https:\/\/www.aesthetica.rs\/o-nama\/tijana-stankovic\/#breadcrumb"},"inLanguage":"bg-BG","potentialAction":[{"@type":"ReadAction","target":["https:\/\/www.aesthetica.rs\/o-nama\/tijana-stankovic\/"]}]},{"@type":"ImageObject","inLanguage":"bg-BG","@id":"https:\/\/www.aesthetica.rs\/o-nama\/tijana-stankovic\/#primaryimage","url":"https:\/\/www.aesthetica.rs\/wp-content\/uploads\/2023\/08\/Tijana-Stankovic-profilna.jpg","contentUrl":"https:\/\/www.aesthetica.rs\/wp-content\/uploads\/2023\/08\/Tijana-Stankovic-profilna.jpg","width":350,"height":500},{"@type":"BreadcrumbList","@id":"https:\/\/www.aesthetica.rs\/o-nama\/tijana-stankovic\/#breadcrumb","itemListElement":[{"@type":"ListItem","position":1,"name":"\u041f\u043e\u0447\u0435\u0442\u043d\u0430","item":"https:\/\/www.aesthetica.rs\/"},{"@type":"ListItem","position":2,"name":"O nama","item":"https:\/\/www.aesthetica.rs\/o-nama\/"},{"@type":"ListItem","position":3,"name":"Tijana Stankovi\u0107"}]},{"@type":"WebSite","@id":"https:\/\/www.aesthetica.rs\/#website","url":"https:\/\/www.aesthetica.rs\/","name":"Anti Aging Centar: estetska medicinu u Ni\u0161u - Aesthetica LongaVita","description":"","potentialAction":[{"@type":"SearchAction","target":{"@type":"EntryPoint","urlTemplate":"https:\/\/www.aesthetica.rs\/?s={search_term_string}"},"query-input":{"@type":"PropertyValueSpecification","valueRequired":true,"valueName":"search_term_string"}}],"inLanguage":"bg-BG"}]}},"_links":{"self":[{"href":"https:\/\/www.aesthetica.rs\/bg\/wp-json\/wp\/v2\/pages\/4257","targetHints":{"allow":["GET"]}}],"collection":[{"href":"https:\/\/www.aesthetica.rs\/bg\/wp-json\/wp\/v2\/pages"}],"about":[{"href":"https:\/\/www.aesthetica.rs\/bg\/wp-json\/wp\/v2\/types\/page"}],"author":[{"embeddable":true,"href":"https:\/\/www.aesthetica.rs\/bg\/wp-json\/wp\/v2\/users\/1"}],"replies":[{"embeddable":true,"href":"https:\/\/www.aesthetica.rs\/bg\/wp-json\/wp\/v2\/comments?post=4257"}],"version-history":[{"count":7,"href":"https:\/\/www.aesthetica.rs\/bg\/wp-json\/wp\/v2\/pages\/4257\/revisions"}],"predecessor-version":[{"id":4265,"href":"https:\/\/www.aesthetica.rs\/bg\/wp-json\/wp\/v2\/pages\/4257\/revisions\/4265"}],"up":[{"embeddable":true,"href":"https:\/\/www.aesthetica.rs\/bg\/wp-json\/wp\/v2\/pages\/545"}],"wp:featuredmedia":[{"embeddable":true,"href":"https:\/\/www.aesthetica.rs\/bg\/wp-json\/wp\/v2\/media\/4253"}],"wp:attachment":[{"href":"https:\/\/www.aesthetica.rs\/bg\/wp-json\/wp\/v2\/media?parent=4257"}],"curies":[{"name":"wp","href":"https:\/\/api.w.org\/{rel}","templated":true}]}}