{"id":4553,"date":"2024-02-23T16:15:41","date_gmt":"2024-02-23T15:15:41","guid":{"rendered":"https:\/\/www.aesthetica.rs\/?page_id=4553"},"modified":"2024-02-23T16:17:57","modified_gmt":"2024-02-23T15:17:57","slug":"mila-dilic","status":"publish","type":"page","link":"https:\/\/www.aesthetica.rs\/bg\/za-nas\/mila-dilic\/","title":{"rendered":"Mila Dili\u0107"},"content":{"rendered":"<div data-elementor-type=\"wp-page\" data-elementor-id=\"4553\" class=\"elementor elementor-4553\" data-elementor-post-type=\"page\">\n\t\t\t\t\t\t<section class=\"elementor-section elementor-top-section elementor-element elementor-element-abd8d2c elementor-section-boxed elementor-section-height-default elementor-section-height-default\" data-id=\"abd8d2c\" data-element_type=\"section\" data-e-type=\"section\">\n\t\t\t\t\t\t<div class=\"elementor-container elementor-column-gap-default\">\n\t\t\t\t\t<div class=\"elementor-column elementor-col-100 elementor-top-column elementor-element elementor-element-d5f511a\" data-id=\"d5f511a\" data-element_type=\"column\" data-e-type=\"column\">\n\t\t\t<div class=\"elementor-widget-wrap elementor-element-populated\">\n\t\t\t\t\t\t<div class=\"elementor-element elementor-element-ea4b4da elementor-widget elementor-widget-heading\" data-id=\"ea4b4da\" data-element_type=\"widget\" data-e-type=\"widget\" data-widget_type=\"heading.default\">\n\t\t\t\t<div class=\"elementor-widget-container\">\n\t\t\t\t\t<h1 class=\"elementor-heading-title elementor-size-default\">Mila Dili\u0107<\/h1>\t\t\t\t<\/div>\n\t\t\t\t<\/div>\n\t\t\t\t\t<\/div>\n\t\t<\/div>\n\t\t\t\t\t<\/div>\n\t\t<\/section>\n\t\t\t\t<section class=\"elementor-section elementor-top-section elementor-element elementor-element-adf0d0d elementor-section-boxed elementor-section-height-default elementor-section-height-default\" data-id=\"adf0d0d\" data-element_type=\"section\" data-e-type=\"section\">\n\t\t\t\t\t\t<div class=\"elementor-container elementor-column-gap-default\">\n\t\t\t\t\t<div class=\"elementor-column elementor-col-33 elementor-top-column elementor-element elementor-element-6d40b54\" data-id=\"6d40b54\" data-element_type=\"column\" data-e-type=\"column\">\n\t\t\t<div class=\"elementor-widget-wrap elementor-element-populated\">\n\t\t\t\t\t\t<div class=\"elementor-element elementor-element-a22992a elementor-widget elementor-widget-image\" data-id=\"a22992a\" data-element_type=\"widget\" data-e-type=\"widget\" data-widget_type=\"image.default\">\n\t\t\t\t<div class=\"elementor-widget-container\">\n\t\t\t\t\t\t\t\t\t\t\t\t\t\t\t<img fetchpriority=\"high\" decoding=\"async\" width=\"320\" height=\"526\" src=\"https:\/\/www.aesthetica.rs\/wp-content\/uploads\/2024\/02\/Mila-dilic.jpg\" class=\"attachment-large size-large wp-image-4555\" alt=\"\" srcset=\"https:\/\/www.aesthetica.rs\/wp-content\/uploads\/2024\/02\/Mila-dilic.jpg 320w, https:\/\/www.aesthetica.rs\/wp-content\/uploads\/2024\/02\/Mila-dilic-183x300.jpg 183w, https:\/\/www.aesthetica.rs\/wp-content\/uploads\/2024\/02\/Mila-dilic-7x12.jpg 7w\" sizes=\"(max-width: 320px) 100vw, 320px\" \/>\t\t\t\t\t\t\t\t\t\t\t\t\t\t\t<\/div>\n\t\t\t\t<\/div>\n\t\t\t\t<div class=\"elementor-element elementor-element-5df2271 elementor-widget elementor-widget-heading\" data-id=\"5df2271\" data-element_type=\"widget\" data-e-type=\"widget\" data-widget_type=\"heading.default\">\n\t\t\t\t<div class=\"elementor-widget-container\">\n\t\t\t\t\t<h2 class=\"elementor-heading-title elementor-size-default\">Mila Dili\u0107,  strukovni fizioterapeut<\/h2>\t\t\t\t<\/div>\n\t\t\t\t<\/div>\n\t\t\t\t\t<\/div>\n\t\t<\/div>\n\t\t\t\t<div class=\"elementor-column elementor-col-66 elementor-top-column elementor-element elementor-element-679b9bc\" data-id=\"679b9bc\" data-element_type=\"column\" data-e-type=\"column\">\n\t\t\t<div class=\"elementor-widget-wrap elementor-element-populated\">\n\t\t\t\t\t\t<div class=\"elementor-element elementor-element-9d315d6 elementor-widget elementor-widget-text-editor\" data-id=\"9d315d6\" data-element_type=\"widget\" data-e-type=\"widget\" data-widget_type=\"text-editor.default\">\n\t\t\t\t<div class=\"elementor-widget-container\">\n\t\t\t\t\t\t\t\t\t<p><b>Mila Dili\u0107<\/b>, ro\u0111ena 1983 u Ni\u0161u. Zavr\u0161ila srednju medicinsku \u0161kolu Dr Milenko Had\u017ei\u0107, smer fizioterapeutski tehni\u010dar i smer medicinska sestra. Vi\u0161u medicinsku skolu &#8211; smer vi\u0161i fizioterapeut (2007), a zatim je i Visoku zdravstvenu \u0161kolu strukovnih studija &#8211; smer strukovni fizioterapeut (2010) zavr\u0161ila u Beogradu.<\/p><p>Radila je u Institutu Ni\u0161ka banja, Domu zdravlja Doljevac, Ambulanti za fizikalnu medinicu i rehabilitaciju Elite rehab i Ordinaciji za fizikalnu medicinu i rehabilitaciju Galen. Poseduje licencu od 2013 god. U\u010destvovala na kongresima fizioterapeuta 2006. kao volonter predava\u010d i 2015. kao organizator kongresa. Majka dve divne devoj\u010dice.<\/p>\t\t\t\t\t\t\t\t<\/div>\n\t\t\t\t<\/div>\n\t\t\t\t\t<\/div>\n\t\t<\/div>\n\t\t\t\t\t<\/div>\n\t\t<\/section>\n\t\t\t\t<\/div>","protected":false},"excerpt":{"rendered":"<p>Mila Dili\u0107 Mila Dili\u0107, strukovni fizioterapeut Mila Dili\u0107, ro\u0111ena 1983 u Ni\u0161u. Zavr\u0161ila srednju medicinsku \u0161kolu Dr Milenko Had\u017ei\u0107, smer fizioterapeutski tehni\u010dar i smer medicinska sestra. Vi\u0161u medicinsku skolu &#8211; smer vi\u0161i fizioterapeut (2007), a zatim je i Visoku zdravstvenu \u0161kolu strukovnih studija &#8211; smer strukovni fizioterapeut (2010) zavr\u0161ila u Beogradu. Radila je u Institutu [&hellip;]<\/p>\n","protected":false},"author":1,"featured_media":0,"parent":545,"menu_order":0,"comment_status":"closed","ping_status":"closed","template":"","meta":{"footnotes":""},"class_list":["post-4553","page","type-page","status-publish","hentry"],"yoast_head":"<!-- This site is optimized with the Yoast SEO plugin v27.5 - https:\/\/yoast.com\/product\/yoast-seo-wordpress\/ -->\n<title>Mila Dili\u0107 - Aesthetica Ni\u0161<\/title>\n<meta name=\"description\" content=\"Zorana je specijaliste dermatovenerologije\" \/>\n<meta name=\"robots\" content=\"index, follow, max-snippet:-1, max-image-preview:large, max-video-preview:-1\" \/>\n<link rel=\"canonical\" href=\"https:\/\/www.aesthetica.rs\/bg\/za-nas\/mila-dilic\/\" \/>\n<meta property=\"og:locale\" content=\"bg_BG\" \/>\n<meta property=\"og:type\" content=\"article\" \/>\n<meta property=\"og:title\" content=\"Mila Dili\u0107 - Aesthetica Ni\u0161\" \/>\n<meta property=\"og:description\" content=\"Zorana je specijaliste dermatovenerologije\" \/>\n<meta property=\"og:url\" content=\"https:\/\/www.aesthetica.rs\/bg\/za-nas\/mila-dilic\/\" \/>\n<meta property=\"og:site_name\" content=\"Aesthetica LongaVita - Anti Aging Centar za estetsku medicinu u Ni\u0161u\" \/>\n<meta property=\"article:modified_time\" content=\"2024-02-23T15:17:57+00:00\" \/>\n<meta property=\"og:image\" content=\"https:\/\/www.aesthetica.rs\/wp-content\/uploads\/2024\/02\/Mila-dilic.jpg\" \/>\n<meta name=\"twitter:card\" content=\"summary_large_image\" \/>\n<meta name=\"twitter:label1\" content=\"Est. reading time\" \/>\n\t<meta name=\"twitter:data1\" content=\"1 \u043c\u0438\u043d\u0443\u0442\u0430\" \/>\n<script type=\"application\/ld+json\" class=\"yoast-schema-graph\">{\"@context\":\"https:\\\/\\\/schema.org\",\"@graph\":[{\"@type\":\"WebPage\",\"@id\":\"https:\\\/\\\/www.aesthetica.rs\\\/o-nama\\\/mila-dilic\\\/\",\"url\":\"https:\\\/\\\/www.aesthetica.rs\\\/o-nama\\\/mila-dilic\\\/\",\"name\":\"Mila Dili\u0107 - Aesthetica Ni\u0161\",\"isPartOf\":{\"@id\":\"https:\\\/\\\/www.aesthetica.rs\\\/#website\"},\"primaryImageOfPage\":{\"@id\":\"https:\\\/\\\/www.aesthetica.rs\\\/o-nama\\\/mila-dilic\\\/#primaryimage\"},\"image\":{\"@id\":\"https:\\\/\\\/www.aesthetica.rs\\\/o-nama\\\/mila-dilic\\\/#primaryimage\"},\"thumbnailUrl\":\"https:\\\/\\\/www.aesthetica.rs\\\/wp-content\\\/uploads\\\/2024\\\/02\\\/Mila-dilic.jpg\",\"datePublished\":\"2024-02-23T15:15:41+00:00\",\"dateModified\":\"2024-02-23T15:17:57+00:00\",\"description\":\"Zorana je specijaliste dermatovenerologije\",\"breadcrumb\":{\"@id\":\"https:\\\/\\\/www.aesthetica.rs\\\/o-nama\\\/mila-dilic\\\/#breadcrumb\"},\"inLanguage\":\"bg-BG\",\"potentialAction\":[{\"@type\":\"ReadAction\",\"target\":[\"https:\\\/\\\/www.aesthetica.rs\\\/o-nama\\\/mila-dilic\\\/\"]}]},{\"@type\":\"ImageObject\",\"inLanguage\":\"bg-BG\",\"@id\":\"https:\\\/\\\/www.aesthetica.rs\\\/o-nama\\\/mila-dilic\\\/#primaryimage\",\"url\":\"https:\\\/\\\/www.aesthetica.rs\\\/wp-content\\\/uploads\\\/2024\\\/02\\\/Mila-dilic.jpg\",\"contentUrl\":\"https:\\\/\\\/www.aesthetica.rs\\\/wp-content\\\/uploads\\\/2024\\\/02\\\/Mila-dilic.jpg\"},{\"@type\":\"BreadcrumbList\",\"@id\":\"https:\\\/\\\/www.aesthetica.rs\\\/o-nama\\\/mila-dilic\\\/#breadcrumb\",\"itemListElement\":[{\"@type\":\"ListItem\",\"position\":1,\"name\":\"\u041f\u043e\u0447\u0435\u0442\u043d\u0430\",\"item\":\"https:\\\/\\\/www.aesthetica.rs\\\/\"},{\"@type\":\"ListItem\",\"position\":2,\"name\":\"O nama\",\"item\":\"https:\\\/\\\/www.aesthetica.rs\\\/o-nama\\\/\"},{\"@type\":\"ListItem\",\"position\":3,\"name\":\"Mila Dili\u0107\"}]},{\"@type\":\"WebSite\",\"@id\":\"https:\\\/\\\/www.aesthetica.rs\\\/#website\",\"url\":\"https:\\\/\\\/www.aesthetica.rs\\\/\",\"name\":\"Anti Aging Centar: estetska medicinu u Ni\u0161u - Aesthetica LongaVita\",\"description\":\"\",\"potentialAction\":[{\"@type\":\"SearchAction\",\"target\":{\"@type\":\"EntryPoint\",\"urlTemplate\":\"https:\\\/\\\/www.aesthetica.rs\\\/?s={search_term_string}\"},\"query-input\":{\"@type\":\"PropertyValueSpecification\",\"valueRequired\":true,\"valueName\":\"search_term_string\"}}],\"inLanguage\":\"bg-BG\"}]}<\/script>\n<!-- \/ Yoast SEO plugin. -->","yoast_head_json":{"title":"Mila Dili\u0107 - Aesthetica Ni\u0161","description":"Zorana je specijaliste dermatovenerologije","robots":{"index":"index","follow":"follow","max-snippet":"max-snippet:-1","max-image-preview":"max-image-preview:large","max-video-preview":"max-video-preview:-1"},"canonical":"https:\/\/www.aesthetica.rs\/bg\/za-nas\/mila-dilic\/","og_locale":"bg_BG","og_type":"article","og_title":"Mila Dili\u0107 - Aesthetica Ni\u0161","og_description":"Zorana je specijaliste dermatovenerologije","og_url":"https:\/\/www.aesthetica.rs\/bg\/za-nas\/mila-dilic\/","og_site_name":"Aesthetica LongaVita - Anti Aging Centar za estetsku medicinu u Ni\u0161u","article_modified_time":"2024-02-23T15:17:57+00:00","og_image":[{"url":"https:\/\/www.aesthetica.rs\/wp-content\/uploads\/2024\/02\/Mila-dilic.jpg","type":"","width":"","height":""}],"twitter_card":"summary_large_image","twitter_misc":{"Est. reading time":"1 \u043c\u0438\u043d\u0443\u0442\u0430"},"schema":{"@context":"https:\/\/schema.org","@graph":[{"@type":"WebPage","@id":"https:\/\/www.aesthetica.rs\/o-nama\/mila-dilic\/","url":"https:\/\/www.aesthetica.rs\/o-nama\/mila-dilic\/","name":"Mila Dili\u0107 - Aesthetica Ni\u0161","isPartOf":{"@id":"https:\/\/www.aesthetica.rs\/#website"},"primaryImageOfPage":{"@id":"https:\/\/www.aesthetica.rs\/o-nama\/mila-dilic\/#primaryimage"},"image":{"@id":"https:\/\/www.aesthetica.rs\/o-nama\/mila-dilic\/#primaryimage"},"thumbnailUrl":"https:\/\/www.aesthetica.rs\/wp-content\/uploads\/2024\/02\/Mila-dilic.jpg","datePublished":"2024-02-23T15:15:41+00:00","dateModified":"2024-02-23T15:17:57+00:00","description":"Zorana je specijaliste dermatovenerologije","breadcrumb":{"@id":"https:\/\/www.aesthetica.rs\/o-nama\/mila-dilic\/#breadcrumb"},"inLanguage":"bg-BG","potentialAction":[{"@type":"ReadAction","target":["https:\/\/www.aesthetica.rs\/o-nama\/mila-dilic\/"]}]},{"@type":"ImageObject","inLanguage":"bg-BG","@id":"https:\/\/www.aesthetica.rs\/o-nama\/mila-dilic\/#primaryimage","url":"https:\/\/www.aesthetica.rs\/wp-content\/uploads\/2024\/02\/Mila-dilic.jpg","contentUrl":"https:\/\/www.aesthetica.rs\/wp-content\/uploads\/2024\/02\/Mila-dilic.jpg"},{"@type":"BreadcrumbList","@id":"https:\/\/www.aesthetica.rs\/o-nama\/mila-dilic\/#breadcrumb","itemListElement":[{"@type":"ListItem","position":1,"name":"\u041f\u043e\u0447\u0435\u0442\u043d\u0430","item":"https:\/\/www.aesthetica.rs\/"},{"@type":"ListItem","position":2,"name":"O nama","item":"https:\/\/www.aesthetica.rs\/o-nama\/"},{"@type":"ListItem","position":3,"name":"Mila Dili\u0107"}]},{"@type":"WebSite","@id":"https:\/\/www.aesthetica.rs\/#website","url":"https:\/\/www.aesthetica.rs\/","name":"Anti Aging Centar: estetska medicinu u Ni\u0161u - Aesthetica LongaVita","description":"","potentialAction":[{"@type":"SearchAction","target":{"@type":"EntryPoint","urlTemplate":"https:\/\/www.aesthetica.rs\/?s={search_term_string}"},"query-input":{"@type":"PropertyValueSpecification","valueRequired":true,"valueName":"search_term_string"}}],"inLanguage":"bg-BG"}]}},"_links":{"self":[{"href":"https:\/\/www.aesthetica.rs\/bg\/wp-json\/wp\/v2\/pages\/4553","targetHints":{"allow":["GET"]}}],"collection":[{"href":"https:\/\/www.aesthetica.rs\/bg\/wp-json\/wp\/v2\/pages"}],"about":[{"href":"https:\/\/www.aesthetica.rs\/bg\/wp-json\/wp\/v2\/types\/page"}],"author":[{"embeddable":true,"href":"https:\/\/www.aesthetica.rs\/bg\/wp-json\/wp\/v2\/users\/1"}],"replies":[{"embeddable":true,"href":"https:\/\/www.aesthetica.rs\/bg\/wp-json\/wp\/v2\/comments?post=4553"}],"version-history":[{"count":4,"href":"https:\/\/www.aesthetica.rs\/bg\/wp-json\/wp\/v2\/pages\/4553\/revisions"}],"predecessor-version":[{"id":4558,"href":"https:\/\/www.aesthetica.rs\/bg\/wp-json\/wp\/v2\/pages\/4553\/revisions\/4558"}],"up":[{"embeddable":true,"href":"https:\/\/www.aesthetica.rs\/bg\/wp-json\/wp\/v2\/pages\/545"}],"wp:attachment":[{"href":"https:\/\/www.aesthetica.rs\/bg\/wp-json\/wp\/v2\/media?parent=4553"}],"curies":[{"name":"wp","href":"https:\/\/api.w.org\/{rel}","templated":true}]}}