{"id":4571,"date":"2024-02-23T16:26:58","date_gmt":"2024-02-23T15:26:58","guid":{"rendered":"https:\/\/www.aesthetica.rs\/?page_id=4571"},"modified":"2024-02-23T16:31:16","modified_gmt":"2024-02-23T15:31:16","slug":"dr-marko-simic","status":"publish","type":"page","link":"https:\/\/www.aesthetica.rs\/bg\/za-nas\/dr-marko-simic\/","title":{"rendered":"Dr Marko Simi\u0107"},"content":{"rendered":"<div data-elementor-type=\"wp-page\" data-elementor-id=\"4571\" class=\"elementor elementor-4571\" data-elementor-post-type=\"page\">\n\t\t\t\t\t\t<section class=\"elementor-section elementor-top-section elementor-element elementor-element-abd8d2c elementor-section-boxed elementor-section-height-default elementor-section-height-default\" data-id=\"abd8d2c\" data-element_type=\"section\" data-e-type=\"section\">\n\t\t\t\t\t\t<div class=\"elementor-container elementor-column-gap-default\">\n\t\t\t\t\t<div class=\"elementor-column elementor-col-100 elementor-top-column elementor-element elementor-element-d5f511a\" data-id=\"d5f511a\" data-element_type=\"column\" data-e-type=\"column\">\n\t\t\t<div class=\"elementor-widget-wrap elementor-element-populated\">\n\t\t\t\t\t\t<div class=\"elementor-element elementor-element-ea4b4da elementor-widget elementor-widget-heading\" data-id=\"ea4b4da\" data-element_type=\"widget\" data-e-type=\"widget\" data-widget_type=\"heading.default\">\n\t\t\t\t<div class=\"elementor-widget-container\">\n\t\t\t\t\t<h1 class=\"elementor-heading-title elementor-size-default\">Dr Marko Simi\u0107<\/h1>\t\t\t\t<\/div>\n\t\t\t\t<\/div>\n\t\t\t\t\t<\/div>\n\t\t<\/div>\n\t\t\t\t\t<\/div>\n\t\t<\/section>\n\t\t\t\t<section class=\"elementor-section elementor-top-section elementor-element elementor-element-adf0d0d elementor-section-boxed elementor-section-height-default elementor-section-height-default\" data-id=\"adf0d0d\" data-element_type=\"section\" data-e-type=\"section\">\n\t\t\t\t\t\t<div class=\"elementor-container elementor-column-gap-default\">\n\t\t\t\t\t<div class=\"elementor-column elementor-col-33 elementor-top-column elementor-element elementor-element-6d40b54\" data-id=\"6d40b54\" data-element_type=\"column\" data-e-type=\"column\">\n\t\t\t<div class=\"elementor-widget-wrap elementor-element-populated\">\n\t\t\t\t\t\t<div class=\"elementor-element elementor-element-a22992a elementor-widget elementor-widget-image\" data-id=\"a22992a\" data-element_type=\"widget\" data-e-type=\"widget\" data-widget_type=\"image.default\">\n\t\t\t\t<div class=\"elementor-widget-container\">\n\t\t\t\t\t\t\t\t\t\t\t\t\t\t\t<img fetchpriority=\"high\" decoding=\"async\" width=\"320\" height=\"526\" src=\"https:\/\/www.aesthetica.rs\/wp-content\/uploads\/2024\/02\/marko-simic.jpg\" class=\"attachment-large size-large wp-image-4573\" alt=\"\" srcset=\"https:\/\/www.aesthetica.rs\/wp-content\/uploads\/2024\/02\/marko-simic.jpg 320w, https:\/\/www.aesthetica.rs\/wp-content\/uploads\/2024\/02\/marko-simic-183x300.jpg 183w, https:\/\/www.aesthetica.rs\/wp-content\/uploads\/2024\/02\/marko-simic-7x12.jpg 7w\" sizes=\"(max-width: 320px) 100vw, 320px\" \/>\t\t\t\t\t\t\t\t\t\t\t\t\t\t\t<\/div>\n\t\t\t\t<\/div>\n\t\t\t\t<div class=\"elementor-element elementor-element-5df2271 elementor-widget elementor-widget-heading\" data-id=\"5df2271\" data-element_type=\"widget\" data-e-type=\"widget\" data-widget_type=\"heading.default\">\n\t\t\t\t<div class=\"elementor-widget-container\">\n\t\t\t\t\t<h2 class=\"elementor-heading-title elementor-size-default\">Dr Marko Simi\u0107, specijalizant dermatovenerologije i doktor estetske medicine<\/h2>\t\t\t\t<\/div>\n\t\t\t\t<\/div>\n\t\t\t\t\t<\/div>\n\t\t<\/div>\n\t\t\t\t<div class=\"elementor-column elementor-col-66 elementor-top-column elementor-element elementor-element-679b9bc\" data-id=\"679b9bc\" data-element_type=\"column\" data-e-type=\"column\">\n\t\t\t<div class=\"elementor-widget-wrap elementor-element-populated\">\n\t\t\t\t\t\t<div class=\"elementor-element elementor-element-9d315d6 elementor-widget elementor-widget-text-editor\" data-id=\"9d315d6\" data-element_type=\"widget\" data-e-type=\"widget\" data-widget_type=\"text-editor.default\">\n\t\t\t\t<div class=\"elementor-widget-container\">\n\t\t\t\t\t\t\t\t\t<p>Marko Simi\u0107, ro\u0111en u Kragujevcu. 2011. godine zavr\u0161io Medicinski fakultet Univerziteta u Kragujevcu, u Srbiji, nakon \u010dega je samo 4 godine posle, a sada davne 2015. godine, zapo\u010deo sa prvim koracima i zakora\u010dio u svet estetske i antiaging medicine. Kako bi upotpunio celokupnu pri\u010du, 2017. godine je upisao specijalizaciju iz dermatovenerologije u UKC Kragujevac, u kome je i dan danas zaposlen u Centru za dermatovenerologiju.<\/p>\n<p>Od 2015. godine do sada je pro\u0161ao mnoge doma\u0107e i svetske kongrese, edukacije, radionice i predavanja, kako doma\u0107ih tako i svetskih predava\u010da, koji su mu preneli svoja znanja i ve\u0161tine, a koje danas sa zadovoljstvom primenjuje u svojoj praksi.<\/p>\n<p>U svom radu koristi mnogo razi\u010ditih materijala, svetskih poznatih brendova, pomo\u0107u kojih na \u0161to bolji i kvalitetniji na\u010din dolazi do \u017eeljenih rezultata.<\/p>\n<p>Pored nezaobilazne hijaluronske kiseline koju koristi za nadoknadu volumena (celog lica, nosa, brade, temporalne regije, linije brade i usana) i botulinskog toksina za spre\u010davanje pojava bora, poja\u010danog znojenja i zaustavljanje ne\u017eeljene mimike, ogroman fokus stavlja i na o\u010duvanju kvaliteta ko\u017ee pomo\u0107u odgovaraju\u0107ih skinboostera, stimulatora kolagena, PRP tretmana i laserske terapije.<\/p>\n<p>Svoje klijente tokom konsultacija i rada u ordinaciji upoznaje sa svim vidovima procedura zbog kojih su do\u0161li kod njega, kako bi na taj na\u010din jo\u0161 bolje shvatili \u0161ta je sve to \u0161to je njima neophodno da urade kako bi bili zadovoljni i sre\u0107ni sa rezultatima kada odu od nas.&nbsp;<\/p>\t\t\t\t\t\t\t\t<\/div>\n\t\t\t\t<\/div>\n\t\t\t\t\t<\/div>\n\t\t<\/div>\n\t\t\t\t\t<\/div>\n\t\t<\/section>\n\t\t\t\t<\/div>","protected":false},"excerpt":{"rendered":"<p>Dr Marko Simi\u0107 Dr Marko Simi\u0107, specijalizant dermatovenerologije i doktor estetske medicine Marko Simi\u0107, ro\u0111en u Kragujevcu. 2011. godine zavr\u0161io Medicinski fakultet Univerziteta u Kragujevcu, u Srbiji, nakon \u010dega je samo 4 godine posle, a sada davne 2015. godine, zapo\u010deo sa prvim koracima i zakora\u010dio u svet estetske i antiaging medicine. Kako bi upotpunio celokupnu [&hellip;]<\/p>\n","protected":false},"author":1,"featured_media":0,"parent":545,"menu_order":0,"comment_status":"closed","ping_status":"closed","template":"","meta":{"footnotes":""},"class_list":["post-4571","page","type-page","status-publish","hentry"],"yoast_head":"<!-- This site is optimized with the Yoast SEO plugin v27.5 - https:\/\/yoast.com\/product\/yoast-seo-wordpress\/ -->\n<title>Dr Marko Simi\u0107 - Aesthetica Ni\u0161<\/title>\n<meta name=\"description\" content=\"Zorana je specijaliste dermatovenerologije\" \/>\n<meta name=\"robots\" content=\"index, follow, max-snippet:-1, max-image-preview:large, max-video-preview:-1\" \/>\n<link rel=\"canonical\" href=\"https:\/\/www.aesthetica.rs\/bg\/za-nas\/dr-marko-simic\/\" \/>\n<meta property=\"og:locale\" content=\"bg_BG\" \/>\n<meta property=\"og:type\" content=\"article\" \/>\n<meta property=\"og:title\" content=\"Dr Marko Simi\u0107 - Aesthetica Ni\u0161\" \/>\n<meta property=\"og:description\" content=\"Zorana je specijaliste dermatovenerologije\" \/>\n<meta property=\"og:url\" content=\"https:\/\/www.aesthetica.rs\/bg\/za-nas\/dr-marko-simic\/\" \/>\n<meta property=\"og:site_name\" content=\"Aesthetica LongaVita - Anti Aging Centar za estetsku medicinu u Ni\u0161u\" \/>\n<meta property=\"article:modified_time\" content=\"2024-02-23T15:31:16+00:00\" \/>\n<meta property=\"og:image\" content=\"https:\/\/www.aesthetica.rs\/wp-content\/uploads\/2024\/02\/marko-simic.jpg\" \/>\n<meta name=\"twitter:card\" content=\"summary_large_image\" \/>\n<meta name=\"twitter:label1\" content=\"Est. reading time\" \/>\n\t<meta name=\"twitter:data1\" content=\"2 \u043c\u0438\u043d\u0443\u0442\u0438\" \/>\n<script type=\"application\/ld+json\" class=\"yoast-schema-graph\">{\"@context\":\"https:\\\/\\\/schema.org\",\"@graph\":[{\"@type\":\"WebPage\",\"@id\":\"https:\\\/\\\/www.aesthetica.rs\\\/o-nama\\\/dr-marko-simic\\\/\",\"url\":\"https:\\\/\\\/www.aesthetica.rs\\\/o-nama\\\/dr-marko-simic\\\/\",\"name\":\"Dr Marko Simi\u0107 - Aesthetica Ni\u0161\",\"isPartOf\":{\"@id\":\"https:\\\/\\\/www.aesthetica.rs\\\/#website\"},\"primaryImageOfPage\":{\"@id\":\"https:\\\/\\\/www.aesthetica.rs\\\/o-nama\\\/dr-marko-simic\\\/#primaryimage\"},\"image\":{\"@id\":\"https:\\\/\\\/www.aesthetica.rs\\\/o-nama\\\/dr-marko-simic\\\/#primaryimage\"},\"thumbnailUrl\":\"https:\\\/\\\/www.aesthetica.rs\\\/wp-content\\\/uploads\\\/2024\\\/02\\\/marko-simic.jpg\",\"datePublished\":\"2024-02-23T15:26:58+00:00\",\"dateModified\":\"2024-02-23T15:31:16+00:00\",\"description\":\"Zorana je specijaliste dermatovenerologije\",\"breadcrumb\":{\"@id\":\"https:\\\/\\\/www.aesthetica.rs\\\/o-nama\\\/dr-marko-simic\\\/#breadcrumb\"},\"inLanguage\":\"bg-BG\",\"potentialAction\":[{\"@type\":\"ReadAction\",\"target\":[\"https:\\\/\\\/www.aesthetica.rs\\\/o-nama\\\/dr-marko-simic\\\/\"]}]},{\"@type\":\"ImageObject\",\"inLanguage\":\"bg-BG\",\"@id\":\"https:\\\/\\\/www.aesthetica.rs\\\/o-nama\\\/dr-marko-simic\\\/#primaryimage\",\"url\":\"https:\\\/\\\/www.aesthetica.rs\\\/wp-content\\\/uploads\\\/2024\\\/02\\\/marko-simic.jpg\",\"contentUrl\":\"https:\\\/\\\/www.aesthetica.rs\\\/wp-content\\\/uploads\\\/2024\\\/02\\\/marko-simic.jpg\"},{\"@type\":\"BreadcrumbList\",\"@id\":\"https:\\\/\\\/www.aesthetica.rs\\\/o-nama\\\/dr-marko-simic\\\/#breadcrumb\",\"itemListElement\":[{\"@type\":\"ListItem\",\"position\":1,\"name\":\"\u041f\u043e\u0447\u0435\u0442\u043d\u0430\",\"item\":\"https:\\\/\\\/www.aesthetica.rs\\\/\"},{\"@type\":\"ListItem\",\"position\":2,\"name\":\"O nama\",\"item\":\"https:\\\/\\\/www.aesthetica.rs\\\/o-nama\\\/\"},{\"@type\":\"ListItem\",\"position\":3,\"name\":\"Dr Marko Simi\u0107\"}]},{\"@type\":\"WebSite\",\"@id\":\"https:\\\/\\\/www.aesthetica.rs\\\/#website\",\"url\":\"https:\\\/\\\/www.aesthetica.rs\\\/\",\"name\":\"Anti Aging Centar: estetska medicinu u Ni\u0161u - Aesthetica LongaVita\",\"description\":\"\",\"potentialAction\":[{\"@type\":\"SearchAction\",\"target\":{\"@type\":\"EntryPoint\",\"urlTemplate\":\"https:\\\/\\\/www.aesthetica.rs\\\/?s={search_term_string}\"},\"query-input\":{\"@type\":\"PropertyValueSpecification\",\"valueRequired\":true,\"valueName\":\"search_term_string\"}}],\"inLanguage\":\"bg-BG\"}]}<\/script>\n<!-- \/ Yoast SEO plugin. -->","yoast_head_json":{"title":"Dr Marko Simi\u0107 - Aesthetica Ni\u0161","description":"Zorana je specijaliste dermatovenerologije","robots":{"index":"index","follow":"follow","max-snippet":"max-snippet:-1","max-image-preview":"max-image-preview:large","max-video-preview":"max-video-preview:-1"},"canonical":"https:\/\/www.aesthetica.rs\/bg\/za-nas\/dr-marko-simic\/","og_locale":"bg_BG","og_type":"article","og_title":"Dr Marko Simi\u0107 - Aesthetica Ni\u0161","og_description":"Zorana je specijaliste dermatovenerologije","og_url":"https:\/\/www.aesthetica.rs\/bg\/za-nas\/dr-marko-simic\/","og_site_name":"Aesthetica LongaVita - Anti Aging Centar za estetsku medicinu u Ni\u0161u","article_modified_time":"2024-02-23T15:31:16+00:00","og_image":[{"url":"https:\/\/www.aesthetica.rs\/wp-content\/uploads\/2024\/02\/marko-simic.jpg","type":"","width":"","height":""}],"twitter_card":"summary_large_image","twitter_misc":{"Est. reading time":"2 \u043c\u0438\u043d\u0443\u0442\u0438"},"schema":{"@context":"https:\/\/schema.org","@graph":[{"@type":"WebPage","@id":"https:\/\/www.aesthetica.rs\/o-nama\/dr-marko-simic\/","url":"https:\/\/www.aesthetica.rs\/o-nama\/dr-marko-simic\/","name":"Dr Marko Simi\u0107 - Aesthetica Ni\u0161","isPartOf":{"@id":"https:\/\/www.aesthetica.rs\/#website"},"primaryImageOfPage":{"@id":"https:\/\/www.aesthetica.rs\/o-nama\/dr-marko-simic\/#primaryimage"},"image":{"@id":"https:\/\/www.aesthetica.rs\/o-nama\/dr-marko-simic\/#primaryimage"},"thumbnailUrl":"https:\/\/www.aesthetica.rs\/wp-content\/uploads\/2024\/02\/marko-simic.jpg","datePublished":"2024-02-23T15:26:58+00:00","dateModified":"2024-02-23T15:31:16+00:00","description":"Zorana je specijaliste dermatovenerologije","breadcrumb":{"@id":"https:\/\/www.aesthetica.rs\/o-nama\/dr-marko-simic\/#breadcrumb"},"inLanguage":"bg-BG","potentialAction":[{"@type":"ReadAction","target":["https:\/\/www.aesthetica.rs\/o-nama\/dr-marko-simic\/"]}]},{"@type":"ImageObject","inLanguage":"bg-BG","@id":"https:\/\/www.aesthetica.rs\/o-nama\/dr-marko-simic\/#primaryimage","url":"https:\/\/www.aesthetica.rs\/wp-content\/uploads\/2024\/02\/marko-simic.jpg","contentUrl":"https:\/\/www.aesthetica.rs\/wp-content\/uploads\/2024\/02\/marko-simic.jpg"},{"@type":"BreadcrumbList","@id":"https:\/\/www.aesthetica.rs\/o-nama\/dr-marko-simic\/#breadcrumb","itemListElement":[{"@type":"ListItem","position":1,"name":"\u041f\u043e\u0447\u0435\u0442\u043d\u0430","item":"https:\/\/www.aesthetica.rs\/"},{"@type":"ListItem","position":2,"name":"O nama","item":"https:\/\/www.aesthetica.rs\/o-nama\/"},{"@type":"ListItem","position":3,"name":"Dr Marko Simi\u0107"}]},{"@type":"WebSite","@id":"https:\/\/www.aesthetica.rs\/#website","url":"https:\/\/www.aesthetica.rs\/","name":"Anti Aging Centar: estetska medicinu u Ni\u0161u - Aesthetica LongaVita","description":"","potentialAction":[{"@type":"SearchAction","target":{"@type":"EntryPoint","urlTemplate":"https:\/\/www.aesthetica.rs\/?s={search_term_string}"},"query-input":{"@type":"PropertyValueSpecification","valueRequired":true,"valueName":"search_term_string"}}],"inLanguage":"bg-BG"}]}},"_links":{"self":[{"href":"https:\/\/www.aesthetica.rs\/bg\/wp-json\/wp\/v2\/pages\/4571","targetHints":{"allow":["GET"]}}],"collection":[{"href":"https:\/\/www.aesthetica.rs\/bg\/wp-json\/wp\/v2\/pages"}],"about":[{"href":"https:\/\/www.aesthetica.rs\/bg\/wp-json\/wp\/v2\/types\/page"}],"author":[{"embeddable":true,"href":"https:\/\/www.aesthetica.rs\/bg\/wp-json\/wp\/v2\/users\/1"}],"replies":[{"embeddable":true,"href":"https:\/\/www.aesthetica.rs\/bg\/wp-json\/wp\/v2\/comments?post=4571"}],"version-history":[{"count":4,"href":"https:\/\/www.aesthetica.rs\/bg\/wp-json\/wp\/v2\/pages\/4571\/revisions"}],"predecessor-version":[{"id":4576,"href":"https:\/\/www.aesthetica.rs\/bg\/wp-json\/wp\/v2\/pages\/4571\/revisions\/4576"}],"up":[{"embeddable":true,"href":"https:\/\/www.aesthetica.rs\/bg\/wp-json\/wp\/v2\/pages\/545"}],"wp:attachment":[{"href":"https:\/\/www.aesthetica.rs\/bg\/wp-json\/wp\/v2\/media?parent=4571"}],"curies":[{"name":"wp","href":"https:\/\/api.w.org\/{rel}","templated":true}]}}