{"id":1238,"date":"2023-03-19T12:18:06","date_gmt":"2023-03-19T11:18:06","guid":{"rendered":"https:\/\/aesthetica.joomswers.com\/?page_id=1238"},"modified":"2023-05-10T08:02:58","modified_gmt":"2023-05-10T06:02:58","slug":"tretman-radiofrekventnim-nozem-elektrohirurgija","status":"publish","type":"page","link":"https:\/\/www.aesthetica.rs\/en\/electrosurgery\/","title":{"rendered":"Radio frequency surgical knife treatment \u2013 electrosurgery"},"content":{"rendered":"<div data-elementor-type=\"wp-page\" data-elementor-id=\"1238\" class=\"elementor elementor-1238\" data-elementor-post-type=\"page\">\n\t\t\t\t\t\t<section class=\"elementor-section elementor-top-section elementor-element elementor-element-6387709d elementor-section-height-min-height elementor-section-items-top elementor-section-boxed elementor-section-height-default\" data-id=\"6387709d\" data-element_type=\"section\" data-e-type=\"section\" data-settings=\"{&quot;shape_divider_bottom&quot;:&quot;curve&quot;,&quot;shape_divider_bottom_negative&quot;:&quot;yes&quot;}\">\n\t\t\t\t\t<div class=\"elementor-shape elementor-shape-bottom\" aria-hidden=\"true\" data-negative=\"true\">\n\t\t\t<svg xmlns=\"http:\/\/www.w3.org\/2000\/svg\" viewbox=\"0 0 1000 100\" preserveaspectratio=\"none\">\n\t<path class=\"elementor-shape-fill\" d=\"M500,97C126.7,96.3,0.8,19.8,0,0v100l1000,0V1C1000,19.4,873.3,97.8,500,97z\"\/>\n<\/svg>\t\t<\/div>\n\t\t\t\t\t<div class=\"elementor-container elementor-column-gap-default\">\n\t\t\t\t\t<div class=\"elementor-column elementor-col-100 elementor-top-column elementor-element elementor-element-61dde67\" data-id=\"61dde67\" data-element_type=\"column\" data-e-type=\"column\">\n\t\t\t<div class=\"elementor-widget-wrap elementor-element-populated\">\n\t\t\t\t\t\t<div class=\"elementor-element elementor-element-124036c4 elementor-widget elementor-widget-heading\" data-id=\"124036c4\" data-element_type=\"widget\" data-e-type=\"widget\" data-widget_type=\"heading.default\">\n\t\t\t\t<div class=\"elementor-widget-container\">\n\t\t\t\t\t<h1 class=\"elementor-heading-title elementor-size-default\">Radio frequency surgical knife treatment \u2013 electrosurgery<\/h1>\t\t\t\t<\/div>\n\t\t\t\t<\/div>\n\t\t\t\t<div class=\"elementor-element elementor-element-55c20611 elementor-widget elementor-widget-image\" data-id=\"55c20611\" data-element_type=\"widget\" data-e-type=\"widget\" data-widget_type=\"image.default\">\n\t\t\t\t<div class=\"elementor-widget-container\">\n\t\t\t\t\t\t\t\t\t\t\t\t\t\t\t<img decoding=\"async\" width=\"479\" height=\"16\" src=\"https:\/\/www.aesthetica.rs\/wp-content\/uploads\/2023\/03\/shadow-background.png\" class=\"attachment-large size-large wp-image-182\" alt=\"\" srcset=\"https:\/\/www.aesthetica.rs\/wp-content\/uploads\/2023\/03\/shadow-background.png 479w, https:\/\/www.aesthetica.rs\/wp-content\/uploads\/2023\/03\/shadow-background-300x10.png 300w\" sizes=\"(max-width: 479px) 100vw, 479px\" \/>\t\t\t\t\t\t\t\t\t\t\t\t\t\t\t<\/div>\n\t\t\t\t<\/div>\n\t\t\t\t\t<\/div>\n\t\t<\/div>\n\t\t\t\t\t<\/div>\n\t\t<\/section>\n\t\t\t\t<section class=\"elementor-section elementor-top-section elementor-element elementor-element-4c91818 elementor-section-boxed elementor-section-height-default elementor-section-height-default\" data-id=\"4c91818\" data-element_type=\"section\" data-e-type=\"section\">\n\t\t\t\t\t\t<div class=\"elementor-container elementor-column-gap-default\">\n\t\t\t\t\t<div class=\"elementor-column elementor-col-100 elementor-top-column elementor-element elementor-element-c7dee0e\" data-id=\"c7dee0e\" data-element_type=\"column\" data-e-type=\"column\">\n\t\t\t<div class=\"elementor-widget-wrap elementor-element-populated\">\n\t\t\t\t\t\t<div class=\"elementor-element elementor-element-cf041ab elementor-widget elementor-widget-image\" data-id=\"cf041ab\" data-element_type=\"widget\" data-e-type=\"widget\" data-widget_type=\"image.default\">\n\t\t\t\t<div class=\"elementor-widget-container\">\n\t\t\t\t\t\t\t\t\t\t\t\t\t\t\t<img fetchpriority=\"high\" decoding=\"async\" width=\"800\" height=\"450\" src=\"https:\/\/www.aesthetica.rs\/wp-content\/uploads\/2023\/03\/elektrohirurgija-aesthetica.jpg\" class=\"attachment-large size-large wp-image-1240\" alt=\"\" srcset=\"https:\/\/www.aesthetica.rs\/wp-content\/uploads\/2023\/03\/elektrohirurgija-aesthetica.jpg 1000w, https:\/\/www.aesthetica.rs\/wp-content\/uploads\/2023\/03\/elektrohirurgija-aesthetica-300x169.jpg 300w, https:\/\/www.aesthetica.rs\/wp-content\/uploads\/2023\/03\/elektrohirurgija-aesthetica-768x432.jpg 768w\" sizes=\"(max-width: 800px) 100vw, 800px\" \/>\t\t\t\t\t\t\t\t\t\t\t\t\t\t\t<\/div>\n\t\t\t\t<\/div>\n\t\t\t\t\t<\/div>\n\t\t<\/div>\n\t\t\t\t\t<\/div>\n\t\t<\/section>\n\t\t\t\t<section class=\"elementor-section elementor-top-section elementor-element elementor-element-c4b63b6 elementor-section-boxed elementor-section-height-default elementor-section-height-default\" data-id=\"c4b63b6\" data-element_type=\"section\" data-e-type=\"section\">\n\t\t\t\t\t\t<div class=\"elementor-container elementor-column-gap-default\">\n\t\t\t\t\t<div class=\"elementor-column elementor-col-100 elementor-top-column elementor-element elementor-element-15cd257\" data-id=\"15cd257\" data-element_type=\"column\" data-e-type=\"column\">\n\t\t\t<div class=\"elementor-widget-wrap elementor-element-populated\">\n\t\t\t\t\t\t<div class=\"elementor-element elementor-element-a70164c elementor-widget elementor-widget-text-editor\" data-id=\"a70164c\" data-element_type=\"widget\" data-e-type=\"widget\" data-widget_type=\"text-editor.default\">\n\t\t\t\t<div class=\"elementor-widget-container\">\n\t\t\t\t\t\t\t\t\t<p>Radiowave surgery is an extremely precise operative technique, with which it is possible to remove all benign changes from the skin. The advantages of this method are that it requires less time than classic surgery, with minimal tissue trauma, which results in shorter recovery time, better wound healing, and imperceptible scars.<\/p><p>Here at the Longa Vita polyclinic, we use a radio wave device manufactured by the Ellman company, the leading manufacturer of such devices. Using high-frequency electromagnetic waves helps us achieve a fine cut, effective hemostasis (stopping bleeding), uncomplicated wound healing, and a completely acceptable aesthetic result.<\/p><p><strong>Performance technique<\/strong><\/p><p>The patient is placed in a lying or semi-sitting position on the table. A dispersion electrode (a grounding pad) is placed under the patient. The method is very comfortable and extremely fast, and is performed under local anesthesia. It takes 20 to 40 seconds to remove any change from the skin.<\/p><p><strong>Selection of patients<\/strong><\/p><p>While establishing the medical history, pay special attention to the presence of pacemakers and defibrillators, since high-frequency current can affect their operation or destroy them.<\/p><p><strong>Indications<\/strong><\/p><ul><li>Actinic keratoses<\/li><li>Seborrheic keratoses<\/li><li>Soft fibroids, pendulous warts<\/li><li>Pigmented moles (which are not suspicious and do not require pathohistological examination)<\/li><li>Xanthelasmas (accumulations of fatty substances)<\/li><li>Sebaceous cysts<\/li><li>Viral warts<\/li><li>Mollusca contagiosa (mollusks)<\/li><\/ul><p><strong>Contraindications<\/strong><\/p><p>Presence of electro stimulator and heart defibrillator<\/p><p>Suspicious pigment changes, observed dermoscopically, which require radical surgery and pathohistological examination<\/p><p><strong>Can moles be removed for aesthetic reasons?<\/strong><\/p><p>The answer is YES. Dermoscopically observed pigment changes, during an examination by a dermatology specialist, which are benign, not suspicious and do not require a pathohistological examination, can be removed for aesthetic reasons or because they are exposed to chronic irritation, e.g. clothing or shaving, without any risk to health, and with a maximally good aesthetic effect.<\/p><p><strong>Postoperative care and patient instructions<\/strong><\/p><p>All wounds are bandaged with sterile gauze, with advice given on regular rinsing with disinfectants and the use of antibiotics for local application, until a complete healing and a control examination by a dermatologist, if necessary.<\/p>\t\t\t\t\t\t\t\t<\/div>\n\t\t\t\t<\/div>\n\t\t\t\t\t<\/div>\n\t\t<\/div>\n\t\t\t\t\t<\/div>\n\t\t<\/section>\n\t\t\t\t<section class=\"elementor-section elementor-top-section elementor-element elementor-element-5b07c4e5 elementor-section-height-min-height elementor-section-boxed elementor-section-height-default elementor-section-items-middle\" data-id=\"5b07c4e5\" data-element_type=\"section\" data-e-type=\"section\" data-settings=\"{&quot;background_background&quot;:&quot;classic&quot;,&quot;shape_divider_top&quot;:&quot;arrow&quot;}\">\n\t\t\t\t\t\t\t<div class=\"elementor-background-overlay\"><\/div>\n\t\t\t\t\t\t<div class=\"elementor-shape elementor-shape-top\" aria-hidden=\"true\" data-negative=\"false\">\n\t\t\t<svg xmlns=\"http:\/\/www.w3.org\/2000\/svg\" viewbox=\"0 0 700 10\" preserveaspectratio=\"none\">\n\t<path class=\"elementor-shape-fill\" d=\"M350,10L340,0h20L350,10z\"\/>\n<\/svg>\t\t<\/div>\n\t\t\t\t\t<div class=\"elementor-container elementor-column-gap-default\">\n\t\t\t\t\t<div class=\"elementor-column elementor-col-100 elementor-top-column elementor-element elementor-element-47e1980\" data-id=\"47e1980\" data-element_type=\"column\" data-e-type=\"column\">\n\t\t\t<div class=\"elementor-widget-wrap elementor-element-populated\">\n\t\t\t\t\t\t<div class=\"elementor-element elementor-element-76ef5b7e elementor-widget elementor-widget-heading\" data-id=\"76ef5b7e\" data-element_type=\"widget\" data-e-type=\"widget\" data-widget_type=\"heading.default\">\n\t\t\t\t<div class=\"elementor-widget-container\">\n\t\t\t\t\t<h2 class=\"elementor-heading-title elementor-size-default\">Don't waste time, be confident and satisfied with your appearance from head to toe!<\/h2>\t\t\t\t<\/div>\n\t\t\t\t<\/div>\n\t\t\t\t<div class=\"elementor-element elementor-element-5d61fe6c elementor-widget elementor-widget-text-editor\" data-id=\"5d61fe6c\" data-element_type=\"widget\" data-e-type=\"widget\" data-widget_type=\"text-editor.default\">\n\t\t\t\t<div class=\"elementor-widget-container\">\n\t\t\t\t\t\t\t\t\t<p>Schedule a free consultation today!<\/p>\t\t\t\t\t\t\t\t<\/div>\n\t\t\t\t<\/div>\n\t\t\t\t<div class=\"elementor-element elementor-element-41ab9652 elementor-align-center elementor-widget elementor-widget-button\" data-id=\"41ab9652\" data-element_type=\"widget\" data-e-type=\"widget\" data-widget_type=\"button.default\">\n\t\t\t\t<div class=\"elementor-widget-container\">\n\t\t\t\t\t\t\t\t\t<div class=\"elementor-button-wrapper\">\n\t\t\t\t\t<a class=\"elementor-button elementor-button-link elementor-size-sm\" href=\"https:\/\/www.aesthetica.rs\/en\/schedule-a-free-consultation\/\">\n\t\t\t\t\t\t<span class=\"elementor-button-content-wrapper\">\n\t\t\t\t\t\t\t\t\t<span class=\"elementor-button-text\">Schedule a consultation online<\/span>\n\t\t\t\t\t<\/span>\n\t\t\t\t\t<\/a>\n\t\t\t\t<\/div>\n\t\t\t\t\t\t\t\t<\/div>\n\t\t\t\t<\/div>\n\t\t\t\t<div class=\"elementor-element elementor-element-5dda7450 elementor-widget elementor-widget-text-editor\" data-id=\"5dda7450\" data-element_type=\"widget\" data-e-type=\"widget\" data-widget_type=\"text-editor.default\">\n\t\t\t\t<div class=\"elementor-widget-container\">\n\t\t\t\t\t\t\t\t\t<p>or call us<\/p>\t\t\t\t\t\t\t\t<\/div>\n\t\t\t\t<\/div>\n\t\t\t\t<div class=\"elementor-element elementor-element-3bfba4b8 elementor-widget elementor-widget-text-editor\" data-id=\"3bfba4b8\" data-element_type=\"widget\" data-e-type=\"widget\" data-widget_type=\"text-editor.default\">\n\t\t\t\t<div class=\"elementor-widget-container\">\n\t\t\t\t\t\t\t\t\t<p><a style=\"color: #ffffff;\" href=\"tel:+381691122359\">+381 69 11 22 359<\/a><\/p>\t\t\t\t\t\t\t\t<\/div>\n\t\t\t\t<\/div>\n\t\t\t\t<div class=\"elementor-element elementor-element-3f681b02 elementor-widget elementor-widget-text-editor\" data-id=\"3f681b02\" data-element_type=\"widget\" data-e-type=\"widget\" data-widget_type=\"text-editor.default\">\n\t\t\t\t<div class=\"elementor-widget-container\">\n\t\t\t\t\t\t\t\t\tMon-Fri, 09<sup>00<\/sup>\u00a0&#8211; 20<sup>00<\/sup>\t\t\t\t\t\t\t\t<\/div>\n\t\t\t\t<\/div>\n\t\t\t\t\t<\/div>\n\t\t<\/div>\n\t\t\t\t\t<\/div>\n\t\t<\/section>\n\t\t\t\t<\/div>","protected":false},"excerpt":{"rendered":"<p>Tretman radiofrekventnim no\u017eem \u2013 elektrohirurgija Radiotalasna hirurgija je izuzetno precizna operativna tehnika, kojom je mogu\u0107e odstraniti sve dobro\u0107udne promene sa ko\u017ee. Prednosti ove metode su \u0161to zahteva manje vremena od klasi\u010dne hirurgije, uz minimalnu trauma tkiva, \u0161to rezultuje kra\u0107im vremenom oporavka, boljem zarastanju rana I neprimetnim o\u017eiljcima. U poliklinici Longa Vita koristimo radiotalasni aparat Ellman [&hellip;]<\/p>\n","protected":false},"author":1,"featured_media":0,"parent":0,"menu_order":0,"comment_status":"closed","ping_status":"closed","template":"","meta":{"footnotes":""},"class_list":["post-1238","page","type-page","status-publish","hentry"],"yoast_head":"<!-- This site is optimized with the Yoast SEO plugin v27.6 - https:\/\/yoast.com\/product\/yoast-seo-wordpress\/ -->\n<title>Tretman radiofrekventnim no\u017eem (elektrohirurgija) - Aesthetica Ni\u0161<\/title>\n<meta name=\"description\" content=\"Odstranjivanje dobro\u0107udnih promena sa ko\u017ee preciznom operativnom tehnikom radiotalasne hirurgije u Ni\u0161u. Zaka\u017eite va\u0161 termin!\" \/>\n<meta name=\"robots\" content=\"index, follow, max-snippet:-1, max-image-preview:large, max-video-preview:-1\" \/>\n<link rel=\"canonical\" href=\"https:\/\/www.aesthetica.rs\/en\/electrosurgery\/\" \/>\n<meta property=\"og:locale\" content=\"en_US\" \/>\n<meta property=\"og:type\" content=\"article\" \/>\n<meta property=\"og:title\" content=\"Tretman radiofrekventnim no\u017eem (elektrohirurgija) - Aesthetica Ni\u0161\" \/>\n<meta property=\"og:description\" content=\"Odstranjivanje dobro\u0107udnih promena sa ko\u017ee preciznom operativnom tehnikom radiotalasne hirurgije u Ni\u0161u. Zaka\u017eite va\u0161 termin!\" \/>\n<meta property=\"og:url\" content=\"https:\/\/www.aesthetica.rs\/en\/electrosurgery\/\" \/>\n<meta property=\"og:site_name\" content=\"Aesthetica LongaVita - Anti Aging Centar za estetsku medicinu u Ni\u0161u\" \/>\n<meta property=\"article:modified_time\" content=\"2023-05-10T06:02:58+00:00\" \/>\n<meta property=\"og:image\" content=\"https:\/\/aesthetica.joomswers.com\/wp-content\/uploads\/2023\/03\/shadow-background.png\" \/>\n<meta name=\"twitter:card\" content=\"summary_large_image\" \/>\n<meta name=\"twitter:label1\" content=\"Est. reading time\" \/>\n\t<meta name=\"twitter:data1\" content=\"3 minutes\" \/>\n<script type=\"application\/ld+json\" class=\"yoast-schema-graph\">{\"@context\":\"https:\\\/\\\/schema.org\",\"@graph\":[{\"@type\":\"WebPage\",\"@id\":\"https:\\\/\\\/www.aesthetica.rs\\\/tretman-radiofrekventnim-nozem-elektrohirurgija\\\/\",\"url\":\"https:\\\/\\\/www.aesthetica.rs\\\/tretman-radiofrekventnim-nozem-elektrohirurgija\\\/\",\"name\":\"Tretman radiofrekventnim no\u017eem (elektrohirurgija) - Aesthetica Ni\u0161\",\"isPartOf\":{\"@id\":\"https:\\\/\\\/www.aesthetica.rs\\\/#website\"},\"primaryImageOfPage\":{\"@id\":\"https:\\\/\\\/www.aesthetica.rs\\\/tretman-radiofrekventnim-nozem-elektrohirurgija\\\/#primaryimage\"},\"image\":{\"@id\":\"https:\\\/\\\/www.aesthetica.rs\\\/tretman-radiofrekventnim-nozem-elektrohirurgija\\\/#primaryimage\"},\"thumbnailUrl\":\"https:\\\/\\\/aesthetica.joomswers.com\\\/wp-content\\\/uploads\\\/2023\\\/03\\\/shadow-background.png\",\"datePublished\":\"2023-03-19T11:18:06+00:00\",\"dateModified\":\"2023-05-10T06:02:58+00:00\",\"description\":\"Odstranjivanje dobro\u0107udnih promena sa ko\u017ee preciznom operativnom tehnikom radiotalasne hirurgije u Ni\u0161u. Zaka\u017eite va\u0161 termin!\",\"breadcrumb\":{\"@id\":\"https:\\\/\\\/www.aesthetica.rs\\\/tretman-radiofrekventnim-nozem-elektrohirurgija\\\/#breadcrumb\"},\"inLanguage\":\"en-US\",\"potentialAction\":[{\"@type\":\"ReadAction\",\"target\":[\"https:\\\/\\\/www.aesthetica.rs\\\/tretman-radiofrekventnim-nozem-elektrohirurgija\\\/\"]}]},{\"@type\":\"ImageObject\",\"inLanguage\":\"en-US\",\"@id\":\"https:\\\/\\\/www.aesthetica.rs\\\/tretman-radiofrekventnim-nozem-elektrohirurgija\\\/#primaryimage\",\"url\":\"https:\\\/\\\/aesthetica.joomswers.com\\\/wp-content\\\/uploads\\\/2023\\\/03\\\/shadow-background.png\",\"contentUrl\":\"https:\\\/\\\/aesthetica.joomswers.com\\\/wp-content\\\/uploads\\\/2023\\\/03\\\/shadow-background.png\"},{\"@type\":\"BreadcrumbList\",\"@id\":\"https:\\\/\\\/www.aesthetica.rs\\\/tretman-radiofrekventnim-nozem-elektrohirurgija\\\/#breadcrumb\",\"itemListElement\":[{\"@type\":\"ListItem\",\"position\":1,\"name\":\"\u041f\u043e\u0447\u0435\u0442\u043d\u0430\",\"item\":\"https:\\\/\\\/www.aesthetica.rs\\\/\"},{\"@type\":\"ListItem\",\"position\":2,\"name\":\"Tretman radiofrekventnim no\u017eem \u2013 elektrohirurgija\"}]},{\"@type\":\"WebSite\",\"@id\":\"https:\\\/\\\/www.aesthetica.rs\\\/#website\",\"url\":\"https:\\\/\\\/www.aesthetica.rs\\\/\",\"name\":\"Anti Aging Centar: estetska medicinu u Ni\u0161u - Aesthetica LongaVita\",\"description\":\"\",\"potentialAction\":[{\"@type\":\"SearchAction\",\"target\":{\"@type\":\"EntryPoint\",\"urlTemplate\":\"https:\\\/\\\/www.aesthetica.rs\\\/?s={search_term_string}\"},\"query-input\":{\"@type\":\"PropertyValueSpecification\",\"valueRequired\":true,\"valueName\":\"search_term_string\"}}],\"inLanguage\":\"en-US\"}]}<\/script>\n<!-- \/ Yoast SEO plugin. -->","yoast_head_json":{"title":"Radiofrequency knife treatment, electrosurgery  - Aesthetica Ni\u0161","description":"Removal of benign changes from the skin using the precise operative technique of radio wave surgery in Ni\u0161. Schedule your appointment!","robots":{"index":"index","follow":"follow","max-snippet":"max-snippet:-1","max-image-preview":"max-image-preview:large","max-video-preview":"max-video-preview:-1"},"canonical":"https:\/\/www.aesthetica.rs\/en\/electrosurgery\/","og_locale":"en_US","og_type":"article","og_title":"Tretman radiofrekventnim no\u017eem (elektrohirurgija) - Aesthetica Ni\u0161","og_description":"Odstranjivanje dobro\u0107udnih promena sa ko\u017ee preciznom operativnom tehnikom radiotalasne hirurgije u Ni\u0161u. Zaka\u017eite va\u0161 termin!","og_url":"https:\/\/www.aesthetica.rs\/en\/electrosurgery\/","og_site_name":"Aesthetica LongaVita - Anti Aging Centar za estetsku medicinu u Ni\u0161u","article_modified_time":"2023-05-10T06:02:58+00:00","og_image":[{"url":"https:\/\/aesthetica.joomswers.com\/wp-content\/uploads\/2023\/03\/shadow-background.png","type":"","width":"","height":""}],"twitter_card":"summary_large_image","twitter_misc":{"Est. reading time":"3 minutes"},"schema":{"@context":"https:\/\/schema.org","@graph":[{"@type":"WebPage","@id":"https:\/\/www.aesthetica.rs\/tretman-radiofrekventnim-nozem-elektrohirurgija\/","url":"https:\/\/www.aesthetica.rs\/tretman-radiofrekventnim-nozem-elektrohirurgija\/","name":"Radiofrequency knife treatment, electrosurgery  - Aesthetica Ni\u0161","isPartOf":{"@id":"https:\/\/www.aesthetica.rs\/#website"},"primaryImageOfPage":{"@id":"https:\/\/www.aesthetica.rs\/tretman-radiofrekventnim-nozem-elektrohirurgija\/#primaryimage"},"image":{"@id":"https:\/\/www.aesthetica.rs\/tretman-radiofrekventnim-nozem-elektrohirurgija\/#primaryimage"},"thumbnailUrl":"https:\/\/aesthetica.joomswers.com\/wp-content\/uploads\/2023\/03\/shadow-background.png","datePublished":"2023-03-19T11:18:06+00:00","dateModified":"2023-05-10T06:02:58+00:00","description":"Removal of benign changes from the skin using the precise operative technique of radio wave surgery in Ni\u0161. Schedule your appointment!","breadcrumb":{"@id":"https:\/\/www.aesthetica.rs\/tretman-radiofrekventnim-nozem-elektrohirurgija\/#breadcrumb"},"inLanguage":"en-US","potentialAction":[{"@type":"ReadAction","target":["https:\/\/www.aesthetica.rs\/tretman-radiofrekventnim-nozem-elektrohirurgija\/"]}]},{"@type":"ImageObject","inLanguage":"en-US","@id":"https:\/\/www.aesthetica.rs\/tretman-radiofrekventnim-nozem-elektrohirurgija\/#primaryimage","url":"https:\/\/aesthetica.joomswers.com\/wp-content\/uploads\/2023\/03\/shadow-background.png","contentUrl":"https:\/\/aesthetica.joomswers.com\/wp-content\/uploads\/2023\/03\/shadow-background.png"},{"@type":"BreadcrumbList","@id":"https:\/\/www.aesthetica.rs\/tretman-radiofrekventnim-nozem-elektrohirurgija\/#breadcrumb","itemListElement":[{"@type":"ListItem","position":1,"name":"\u041f\u043e\u0447\u0435\u0442\u043d\u0430","item":"https:\/\/www.aesthetica.rs\/"},{"@type":"ListItem","position":2,"name":"Tretman radiofrekventnim no\u017eem \u2013 elektrohirurgija"}]},{"@type":"WebSite","@id":"https:\/\/www.aesthetica.rs\/#website","url":"https:\/\/www.aesthetica.rs\/","name":"Anti Aging Centar: estetska medicinu u Ni\u0161u - Aesthetica LongaVita","description":"","potentialAction":[{"@type":"SearchAction","target":{"@type":"EntryPoint","urlTemplate":"https:\/\/www.aesthetica.rs\/?s={search_term_string}"},"query-input":{"@type":"PropertyValueSpecification","valueRequired":true,"valueName":"search_term_string"}}],"inLanguage":"en-US"}]}},"_links":{"self":[{"href":"https:\/\/www.aesthetica.rs\/en\/wp-json\/wp\/v2\/pages\/1238","targetHints":{"allow":["GET"]}}],"collection":[{"href":"https:\/\/www.aesthetica.rs\/en\/wp-json\/wp\/v2\/pages"}],"about":[{"href":"https:\/\/www.aesthetica.rs\/en\/wp-json\/wp\/v2\/types\/page"}],"author":[{"embeddable":true,"href":"https:\/\/www.aesthetica.rs\/en\/wp-json\/wp\/v2\/users\/1"}],"replies":[{"embeddable":true,"href":"https:\/\/www.aesthetica.rs\/en\/wp-json\/wp\/v2\/comments?post=1238"}],"version-history":[{"count":6,"href":"https:\/\/www.aesthetica.rs\/en\/wp-json\/wp\/v2\/pages\/1238\/revisions"}],"predecessor-version":[{"id":2784,"href":"https:\/\/www.aesthetica.rs\/en\/wp-json\/wp\/v2\/pages\/1238\/revisions\/2784"}],"wp:attachment":[{"href":"https:\/\/www.aesthetica.rs\/en\/wp-json\/wp\/v2\/media?parent=1238"}],"curies":[{"name":"wp","href":"https:\/\/api.w.org\/{rel}","templated":true}]}}