{"id":1543,"date":"2023-03-20T16:36:38","date_gmt":"2023-03-20T15:36:38","guid":{"rendered":"https:\/\/aesthetica.joomswers.com\/?page_id=1543"},"modified":"2023-05-10T08:25:16","modified_gmt":"2023-05-10T06:25:16","slug":"dr-milos-markovic-2","status":"publish","type":"page","link":"https:\/\/www.aesthetica.rs\/en\/about-us\/dr-milos-markovic-2\/","title":{"rendered":"Dr Milo\u0161 Markovi\u0107"},"content":{"rendered":"<div data-elementor-type=\"wp-page\" data-elementor-id=\"1543\" class=\"elementor elementor-1543\" data-elementor-post-type=\"page\">\n\t\t\t\t\t\t<section class=\"elementor-section elementor-top-section elementor-element elementor-element-abd8d2c elementor-section-boxed elementor-section-height-default elementor-section-height-default\" data-id=\"abd8d2c\" data-element_type=\"section\" data-e-type=\"section\">\n\t\t\t\t\t\t<div class=\"elementor-container elementor-column-gap-default\">\n\t\t\t\t\t<div class=\"elementor-column elementor-col-100 elementor-top-column elementor-element elementor-element-d5f511a\" data-id=\"d5f511a\" data-element_type=\"column\" data-e-type=\"column\">\n\t\t\t<div class=\"elementor-widget-wrap elementor-element-populated\">\n\t\t\t\t\t\t<div class=\"elementor-element elementor-element-ea4b4da elementor-widget elementor-widget-heading\" data-id=\"ea4b4da\" data-element_type=\"widget\" data-e-type=\"widget\" data-widget_type=\"heading.default\">\n\t\t\t\t<div class=\"elementor-widget-container\">\n\t\t\t\t\t<h1 class=\"elementor-heading-title elementor-size-default\">Dr Milo\u0161 Markovi\u0107, doctor of general and aesthetic medicine<\/h1>\t\t\t\t<\/div>\n\t\t\t\t<\/div>\n\t\t\t\t\t<\/div>\n\t\t<\/div>\n\t\t\t\t\t<\/div>\n\t\t<\/section>\n\t\t\t\t<section class=\"elementor-section elementor-top-section elementor-element elementor-element-adf0d0d elementor-section-boxed elementor-section-height-default elementor-section-height-default\" data-id=\"adf0d0d\" data-element_type=\"section\" data-e-type=\"section\">\n\t\t\t\t\t\t<div class=\"elementor-container elementor-column-gap-default\">\n\t\t\t\t\t<div class=\"elementor-column elementor-col-33 elementor-top-column elementor-element elementor-element-6d40b54\" data-id=\"6d40b54\" data-element_type=\"column\" data-e-type=\"column\">\n\t\t\t<div class=\"elementor-widget-wrap elementor-element-populated\">\n\t\t\t\t\t\t<div class=\"elementor-element elementor-element-a22992a elementor-widget elementor-widget-image\" data-id=\"a22992a\" data-element_type=\"widget\" data-e-type=\"widget\" data-widget_type=\"image.default\">\n\t\t\t\t<div class=\"elementor-widget-container\">\n\t\t\t\t\t\t\t\t\t\t\t\t\t\t\t<img fetchpriority=\"high\" decoding=\"async\" width=\"350\" height=\"500\" src=\"https:\/\/www.aesthetica.rs\/wp-content\/uploads\/2023\/03\/Dr-Milos-Markovic.jpg\" class=\"attachment-large size-large wp-image-572\" alt=\"\" srcset=\"https:\/\/www.aesthetica.rs\/wp-content\/uploads\/2023\/03\/Dr-Milos-Markovic.jpg 350w, https:\/\/www.aesthetica.rs\/wp-content\/uploads\/2023\/03\/Dr-Milos-Markovic-210x300.jpg 210w\" sizes=\"(max-width: 350px) 100vw, 350px\" \/>\t\t\t\t\t\t\t\t\t\t\t\t\t\t\t<\/div>\n\t\t\t\t<\/div>\n\t\t\t\t<div class=\"elementor-element elementor-element-5df2271 elementor-widget elementor-widget-heading\" data-id=\"5df2271\" data-element_type=\"widget\" data-e-type=\"widget\" data-widget_type=\"heading.default\">\n\t\t\t\t<div class=\"elementor-widget-container\">\n\t\t\t\t\t<h2 class=\"elementor-heading-title elementor-size-default\">Milo\u0161 Markovi\u0107<\/h2>\t\t\t\t<\/div>\n\t\t\t\t<\/div>\n\t\t\t\t\t<\/div>\n\t\t<\/div>\n\t\t\t\t<div class=\"elementor-column elementor-col-66 elementor-top-column elementor-element elementor-element-679b9bc\" data-id=\"679b9bc\" data-element_type=\"column\" data-e-type=\"column\">\n\t\t\t<div class=\"elementor-widget-wrap elementor-element-populated\">\n\t\t\t\t\t\t<div class=\"elementor-element elementor-element-9d315d6 elementor-widget elementor-widget-text-editor\" data-id=\"9d315d6\" data-element_type=\"widget\" data-e-type=\"widget\" data-widget_type=\"text-editor.default\">\n\t\t\t\t<div class=\"elementor-widget-container\">\n\t\t\t\t\t\t\t\t\t<p>Dr Milo\u0161 Markovi\u0107 was born in 1989. He graduated from the Faculty of Medicine in Ni\u0161 in 2015, with an average grade of 9.85. After the studies and completing medical internship and state exam, he volunteered for a year at the Clinic for Plastic, Reconstructive, and Aesthetic Surgery in the Clinical Center Ni\u0161. After that, he started working at the general hospital in Pirot.<\/p><p>He specializes in general surgery at the Ni\u0161 Clinical Center. He is a doctor, a participant of domestic and international medical congresses, fluent in English, French, and German. He is also a fan of amateur photography. He completed his professional training in the field of dermal fillers at the Medica Aesthetica Clinic in Belgrade. He plans to undergo further training in the field of aesthetic and anti-aging medicine both in the country and abroad.<\/p>\t\t\t\t\t\t\t\t<\/div>\n\t\t\t\t<\/div>\n\t\t\t\t\t<\/div>\n\t\t<\/div>\n\t\t\t\t\t<\/div>\n\t\t<\/section>\n\t\t\t\t<\/div>","protected":false},"excerpt":{"rendered":"<p>Dr Milo\u0161 Markovi\u0107, doktor op\u0161te i estetske medicine Milo\u0161 Markovi\u0107 Dr Milo\u0161 Markovi\u0107,\u00a0ro\u0111en 1989 godine, zavr\u0161io Medicinski fakultet u Ni\u0161u 2015. godine, sa prose\u010dnom ocenom 9.85. Nakon studiranja, lekarskog sta\u017ea i dr\u017eavnog ispita, volontirao godinu dana na Klinici za plasti\u010dnu, rekonstruktivnu i estetsku hirurgiju, u KC Ni\u0161. Posle toga po\u010deo sa radom u op\u0161toj bolnici [&hellip;]<\/p>\n","protected":false},"author":1,"featured_media":0,"parent":545,"menu_order":0,"comment_status":"closed","ping_status":"closed","template":"","meta":{"footnotes":""},"class_list":["post-1543","page","type-page","status-publish","hentry"],"yoast_head":"<!-- This site is optimized with the Yoast SEO plugin v27.4 - https:\/\/yoast.com\/product\/yoast-seo-wordpress\/ -->\n<title>Dr Milo\u0161 Markovi\u0107 - Aesthetica Ni\u0161<\/title>\n<meta name=\"description\" content=\"Milo\u0161 je doktor op\u0161te i estetske medicine i stru\u010dnjak iz oblasti dermalnih filera. Specijalizant op\u0161te hirurgije u KC Ni\u0161.\" \/>\n<meta name=\"robots\" content=\"index, follow, max-snippet:-1, max-image-preview:large, max-video-preview:-1\" \/>\n<link rel=\"canonical\" href=\"https:\/\/www.aesthetica.rs\/en\/about-us\/dr-milos-markovic-2\/\" \/>\n<meta property=\"og:locale\" content=\"en_US\" \/>\n<meta property=\"og:type\" content=\"article\" \/>\n<meta property=\"og:title\" content=\"Dr Milo\u0161 Markovi\u0107 - Aesthetica Ni\u0161\" \/>\n<meta property=\"og:description\" content=\"Milo\u0161 je doktor op\u0161te i estetske medicine i stru\u010dnjak iz oblasti dermalnih filera. Specijalizant op\u0161te hirurgije u KC Ni\u0161.\" \/>\n<meta property=\"og:url\" content=\"https:\/\/www.aesthetica.rs\/en\/about-us\/dr-milos-markovic-2\/\" \/>\n<meta property=\"og:site_name\" content=\"Aesthetica LongaVita - Anti Aging Centar za estetsku medicinu u Ni\u0161u\" \/>\n<meta property=\"article:modified_time\" content=\"2023-05-10T06:25:16+00:00\" \/>\n<meta property=\"og:image\" content=\"https:\/\/aesthetica.joomswers.com\/wp-content\/uploads\/2023\/03\/Dr-Milos-Markovic.jpg\" \/>\n<meta name=\"twitter:card\" content=\"summary_large_image\" \/>\n<meta name=\"twitter:label1\" content=\"Est. reading time\" \/>\n\t<meta name=\"twitter:data1\" content=\"1 minute\" \/>\n<script type=\"application\/ld+json\" class=\"yoast-schema-graph\">{\"@context\":\"https:\\\/\\\/schema.org\",\"@graph\":[{\"@type\":\"WebPage\",\"@id\":\"https:\\\/\\\/www.aesthetica.rs\\\/o-nama\\\/dr-milos-markovic-2\\\/\",\"url\":\"https:\\\/\\\/www.aesthetica.rs\\\/o-nama\\\/dr-milos-markovic-2\\\/\",\"name\":\"Dr Milo\u0161 Markovi\u0107 - Aesthetica Ni\u0161\",\"isPartOf\":{\"@id\":\"https:\\\/\\\/www.aesthetica.rs\\\/#website\"},\"primaryImageOfPage\":{\"@id\":\"https:\\\/\\\/www.aesthetica.rs\\\/o-nama\\\/dr-milos-markovic-2\\\/#primaryimage\"},\"image\":{\"@id\":\"https:\\\/\\\/www.aesthetica.rs\\\/o-nama\\\/dr-milos-markovic-2\\\/#primaryimage\"},\"thumbnailUrl\":\"https:\\\/\\\/aesthetica.joomswers.com\\\/wp-content\\\/uploads\\\/2023\\\/03\\\/Dr-Milos-Markovic.jpg\",\"datePublished\":\"2023-03-20T15:36:38+00:00\",\"dateModified\":\"2023-05-10T06:25:16+00:00\",\"description\":\"Milo\u0161 je doktor op\u0161te i estetske medicine i stru\u010dnjak iz oblasti dermalnih filera. Specijalizant op\u0161te hirurgije u KC Ni\u0161.\",\"breadcrumb\":{\"@id\":\"https:\\\/\\\/www.aesthetica.rs\\\/o-nama\\\/dr-milos-markovic-2\\\/#breadcrumb\"},\"inLanguage\":\"en-US\",\"potentialAction\":[{\"@type\":\"ReadAction\",\"target\":[\"https:\\\/\\\/www.aesthetica.rs\\\/o-nama\\\/dr-milos-markovic-2\\\/\"]}]},{\"@type\":\"ImageObject\",\"inLanguage\":\"en-US\",\"@id\":\"https:\\\/\\\/www.aesthetica.rs\\\/o-nama\\\/dr-milos-markovic-2\\\/#primaryimage\",\"url\":\"https:\\\/\\\/aesthetica.joomswers.com\\\/wp-content\\\/uploads\\\/2023\\\/03\\\/Dr-Milos-Markovic.jpg\",\"contentUrl\":\"https:\\\/\\\/aesthetica.joomswers.com\\\/wp-content\\\/uploads\\\/2023\\\/03\\\/Dr-Milos-Markovic.jpg\"},{\"@type\":\"BreadcrumbList\",\"@id\":\"https:\\\/\\\/www.aesthetica.rs\\\/o-nama\\\/dr-milos-markovic-2\\\/#breadcrumb\",\"itemListElement\":[{\"@type\":\"ListItem\",\"position\":1,\"name\":\"\u041f\u043e\u0447\u0435\u0442\u043d\u0430\",\"item\":\"https:\\\/\\\/www.aesthetica.rs\\\/\"},{\"@type\":\"ListItem\",\"position\":2,\"name\":\"O nama\",\"item\":\"https:\\\/\\\/www.aesthetica.rs\\\/o-nama\\\/\"},{\"@type\":\"ListItem\",\"position\":3,\"name\":\"Dr Milo\u0161 Markovi\u0107\"}]},{\"@type\":\"WebSite\",\"@id\":\"https:\\\/\\\/www.aesthetica.rs\\\/#website\",\"url\":\"https:\\\/\\\/www.aesthetica.rs\\\/\",\"name\":\"Anti Aging Centar: estetska medicinu u Ni\u0161u - Aesthetica LongaVita\",\"description\":\"\",\"potentialAction\":[{\"@type\":\"SearchAction\",\"target\":{\"@type\":\"EntryPoint\",\"urlTemplate\":\"https:\\\/\\\/www.aesthetica.rs\\\/?s={search_term_string}\"},\"query-input\":{\"@type\":\"PropertyValueSpecification\",\"valueRequired\":true,\"valueName\":\"search_term_string\"}}],\"inLanguage\":\"en-US\"}]}<\/script>\n<!-- \/ Yoast SEO plugin. -->","yoast_head_json":{"title":"Dr Milo\u0161 Markovi\u0107 - Aesthetica Ni\u0161","description":"Milo\u0161 je doktor op\u0161te i estetske medicine i stru\u010dnjak iz oblasti dermalnih filera. Specijalizant op\u0161te hirurgije u KC Ni\u0161.","robots":{"index":"index","follow":"follow","max-snippet":"max-snippet:-1","max-image-preview":"max-image-preview:large","max-video-preview":"max-video-preview:-1"},"canonical":"https:\/\/www.aesthetica.rs\/en\/about-us\/dr-milos-markovic-2\/","og_locale":"en_US","og_type":"article","og_title":"Dr Milo\u0161 Markovi\u0107 - Aesthetica Ni\u0161","og_description":"Milo\u0161 je doktor op\u0161te i estetske medicine i stru\u010dnjak iz oblasti dermalnih filera. Specijalizant op\u0161te hirurgije u KC Ni\u0161.","og_url":"https:\/\/www.aesthetica.rs\/en\/about-us\/dr-milos-markovic-2\/","og_site_name":"Aesthetica LongaVita - Anti Aging Centar za estetsku medicinu u Ni\u0161u","article_modified_time":"2023-05-10T06:25:16+00:00","og_image":[{"url":"https:\/\/aesthetica.joomswers.com\/wp-content\/uploads\/2023\/03\/Dr-Milos-Markovic.jpg","type":"","width":"","height":""}],"twitter_card":"summary_large_image","twitter_misc":{"Est. reading time":"1 minute"},"schema":{"@context":"https:\/\/schema.org","@graph":[{"@type":"WebPage","@id":"https:\/\/www.aesthetica.rs\/o-nama\/dr-milos-markovic-2\/","url":"https:\/\/www.aesthetica.rs\/o-nama\/dr-milos-markovic-2\/","name":"Dr Milo\u0161 Markovi\u0107 - Aesthetica Ni\u0161","isPartOf":{"@id":"https:\/\/www.aesthetica.rs\/#website"},"primaryImageOfPage":{"@id":"https:\/\/www.aesthetica.rs\/o-nama\/dr-milos-markovic-2\/#primaryimage"},"image":{"@id":"https:\/\/www.aesthetica.rs\/o-nama\/dr-milos-markovic-2\/#primaryimage"},"thumbnailUrl":"https:\/\/aesthetica.joomswers.com\/wp-content\/uploads\/2023\/03\/Dr-Milos-Markovic.jpg","datePublished":"2023-03-20T15:36:38+00:00","dateModified":"2023-05-10T06:25:16+00:00","description":"Milo\u0161 je doktor op\u0161te i estetske medicine i stru\u010dnjak iz oblasti dermalnih filera. Specijalizant op\u0161te hirurgije u KC Ni\u0161.","breadcrumb":{"@id":"https:\/\/www.aesthetica.rs\/o-nama\/dr-milos-markovic-2\/#breadcrumb"},"inLanguage":"en-US","potentialAction":[{"@type":"ReadAction","target":["https:\/\/www.aesthetica.rs\/o-nama\/dr-milos-markovic-2\/"]}]},{"@type":"ImageObject","inLanguage":"en-US","@id":"https:\/\/www.aesthetica.rs\/o-nama\/dr-milos-markovic-2\/#primaryimage","url":"https:\/\/aesthetica.joomswers.com\/wp-content\/uploads\/2023\/03\/Dr-Milos-Markovic.jpg","contentUrl":"https:\/\/aesthetica.joomswers.com\/wp-content\/uploads\/2023\/03\/Dr-Milos-Markovic.jpg"},{"@type":"BreadcrumbList","@id":"https:\/\/www.aesthetica.rs\/o-nama\/dr-milos-markovic-2\/#breadcrumb","itemListElement":[{"@type":"ListItem","position":1,"name":"\u041f\u043e\u0447\u0435\u0442\u043d\u0430","item":"https:\/\/www.aesthetica.rs\/"},{"@type":"ListItem","position":2,"name":"O nama","item":"https:\/\/www.aesthetica.rs\/o-nama\/"},{"@type":"ListItem","position":3,"name":"Dr Milo\u0161 Markovi\u0107"}]},{"@type":"WebSite","@id":"https:\/\/www.aesthetica.rs\/#website","url":"https:\/\/www.aesthetica.rs\/","name":"Anti Aging Centar: estetska medicinu u Ni\u0161u - Aesthetica LongaVita","description":"","potentialAction":[{"@type":"SearchAction","target":{"@type":"EntryPoint","urlTemplate":"https:\/\/www.aesthetica.rs\/?s={search_term_string}"},"query-input":{"@type":"PropertyValueSpecification","valueRequired":true,"valueName":"search_term_string"}}],"inLanguage":"en-US"}]}},"_links":{"self":[{"href":"https:\/\/www.aesthetica.rs\/en\/wp-json\/wp\/v2\/pages\/1543","targetHints":{"allow":["GET"]}}],"collection":[{"href":"https:\/\/www.aesthetica.rs\/en\/wp-json\/wp\/v2\/pages"}],"about":[{"href":"https:\/\/www.aesthetica.rs\/en\/wp-json\/wp\/v2\/types\/page"}],"author":[{"embeddable":true,"href":"https:\/\/www.aesthetica.rs\/en\/wp-json\/wp\/v2\/users\/1"}],"replies":[{"embeddable":true,"href":"https:\/\/www.aesthetica.rs\/en\/wp-json\/wp\/v2\/comments?post=1543"}],"version-history":[{"count":8,"href":"https:\/\/www.aesthetica.rs\/en\/wp-json\/wp\/v2\/pages\/1543\/revisions"}],"predecessor-version":[{"id":2789,"href":"https:\/\/www.aesthetica.rs\/en\/wp-json\/wp\/v2\/pages\/1543\/revisions\/2789"}],"up":[{"embeddable":true,"href":"https:\/\/www.aesthetica.rs\/en\/wp-json\/wp\/v2\/pages\/545"}],"wp:attachment":[{"href":"https:\/\/www.aesthetica.rs\/en\/wp-json\/wp\/v2\/media?parent=1543"}],"curies":[{"name":"wp","href":"https:\/\/api.w.org\/{rel}","templated":true}]}}