{"id":1823,"date":"2023-03-23T21:04:46","date_gmt":"2023-03-23T20:04:46","guid":{"rendered":"https:\/\/aesthetica.joomswers.com\/?page_id=1823"},"modified":"2026-03-25T14:42:49","modified_gmt":"2026-03-25T13:42:49","slug":"masaze","status":"publish","type":"page","link":"https:\/\/www.aesthetica.rs\/en\/price-list\/massages\/","title":{"rendered":"Massages"},"content":{"rendered":"<div data-elementor-type=\"wp-page\" data-elementor-id=\"1823\" class=\"elementor elementor-1823\" data-elementor-post-type=\"page\">\n\t\t\t\t\t\t<section class=\"elementor-section elementor-top-section elementor-element elementor-element-5e92d08 elementor-section-boxed elementor-section-height-default elementor-section-height-default\" data-id=\"5e92d08\" data-element_type=\"section\" data-e-type=\"section\">\n\t\t\t\t\t\t<div class=\"elementor-container elementor-column-gap-default\">\n\t\t\t\t\t<div class=\"elementor-column elementor-col-100 elementor-top-column elementor-element elementor-element-da7549d\" data-id=\"da7549d\" data-element_type=\"column\" data-e-type=\"column\">\n\t\t\t<div class=\"elementor-widget-wrap elementor-element-populated\">\n\t\t\t\t\t\t<div class=\"elementor-element elementor-element-374b1de elementor-widget elementor-widget-heading\" data-id=\"374b1de\" data-element_type=\"widget\" data-e-type=\"widget\" data-widget_type=\"heading.default\">\n\t\t\t\t<div class=\"elementor-widget-container\">\n\t\t\t\t\t<h1 class=\"elementor-heading-title elementor-size-default\">Cenovnik - oblikovanje tela<\/h1>\t\t\t\t<\/div>\n\t\t\t\t<\/div>\n\t\t\t\t<div class=\"elementor-element elementor-element-26af324 elementor-widget elementor-widget-text-editor\" data-id=\"26af324\" data-element_type=\"widget\" data-e-type=\"widget\" data-widget_type=\"text-editor.default\">\n\t\t\t\t<div class=\"elementor-widget-container\">\n\t\t\t\t\t\t\t\t\t<p class=\"subtitle\">Below you will find the price list of our services. For more detailed information, please contact us. Our professional staff will be happy to help you find all the information you need regarding payment and\/or appointment availability and, if necessary, provide further information.<\/p>\t\t\t\t\t\t\t\t<\/div>\n\t\t\t\t<\/div>\n\t\t\t\t\t<\/div>\n\t\t<\/div>\n\t\t\t\t\t<\/div>\n\t\t<\/section>\n\t\t\t\t<section class=\"elementor-section elementor-top-section elementor-element elementor-element-342e2ab elementor-section-boxed elementor-section-height-default elementor-section-height-default\" data-id=\"342e2ab\" data-element_type=\"section\" data-e-type=\"section\" id=\"aparaturno\" data-settings=\"{&quot;background_background&quot;:&quot;classic&quot;}\">\n\t\t\t\t\t\t<div class=\"elementor-container elementor-column-gap-default\">\n\t\t\t\t\t<div class=\"elementor-column elementor-col-100 elementor-top-column elementor-element elementor-element-a00e113\" data-id=\"a00e113\" data-element_type=\"column\" data-e-type=\"column\">\n\t\t\t<div class=\"elementor-widget-wrap elementor-element-populated\">\n\t\t\t\t\t\t<div class=\"elementor-element elementor-element-a78a793 elementor-widget elementor-widget-price-list\" data-id=\"a78a793\" data-element_type=\"widget\" data-e-type=\"widget\" data-widget_type=\"price-list.default\">\n\t\t\t\t<div class=\"elementor-widget-container\">\n\t\t\t\t\t\n\t\t<ul class=\"elementor-price-list\">\n\n\t\t\t\t\t\t\t\t\t<li><a class=\"elementor-price-list-item\" href=\"#\">\t\t\t\t\n\t\t\t\t<div class=\"elementor-price-list-text\">\n\t\t\t\t\t\t\t\t\t<div class=\"elementor-price-list-header\">\n\t\t\t\t\t\t\t\t\t\t\t<span class=\"elementor-price-list-title\">\n\t\t\t\t\t\t\tRemoval of fatty deposits using the Med Contour Multipower treatment\t\t\t\t\t\t<\/span>\n\t\t\t\t\t\t\t\t\t\t\t\t\t\t\t\t\t\t<span class=\"elementor-price-list-separator\"><\/span>\n\t\t\t\t\t\t\t\t\t\t\t\t\t\t\t\t\t\t\t<span class=\"elementor-price-list-price\">9600 RSD<\/span>\n\t\t\t\t\t\t\t\t\t\t<\/div>\n\t\t\t\t\t\t\t\t\t\t\t\t<\/div>\n\t\t\t\t<\/a><\/li>\t\t\t\t\t\t\t\t\t\t\t\t<li><a class=\"elementor-price-list-item\" href=\"#\">\t\t\t\t\n\t\t\t\t<div class=\"elementor-price-list-text\">\n\t\t\t\t\t\t\t\t\t<div class=\"elementor-price-list-header\">\n\t\t\t\t\t\t\t\t\t\t\t<span class=\"elementor-price-list-title\">\n\t\t\t\t\t\t\tRemoval of fatty deposits using the Med Contour Multipower treatment\t\t\t\t\t\t<\/span>\n\t\t\t\t\t\t\t\t\t\t\t\t\t\t\t\t\t\t<span class=\"elementor-price-list-separator\"><\/span>\n\t\t\t\t\t\t\t\t\t\t\t\t\t\t\t\t\t\t\t<span class=\"elementor-price-list-price\">33600 RSD<\/span>\n\t\t\t\t\t\t\t\t\t\t<\/div>\n\t\t\t\t\t\t\t\t\t\t\t\t\t\t\t<p class=\"elementor-price-list-description\">\n\t\t\t\t\t\t\t5 tretmana + 5 presoterapija gratis\t\t\t\t\t\t<\/p>\n\t\t\t\t\t\t\t\t<\/div>\n\t\t\t\t<\/a><\/li>\t\t\t\t\t\t\t\t\t\t\t\t<li><a class=\"elementor-price-list-item\" href=\"#\">\t\t\t\t\n\t\t\t\t<div class=\"elementor-price-list-text\">\n\t\t\t\t\t\t\t\t\t<div class=\"elementor-price-list-header\">\n\t\t\t\t\t\t\t\t\t\t\t<span class=\"elementor-price-list-title\">\n\t\t\t\t\t\t\tLipoliza podbradka\t\t\t\t\t\t<\/span>\n\t\t\t\t\t\t\t\t\t\t\t\t\t\t\t\t\t\t<span class=\"elementor-price-list-separator\"><\/span>\n\t\t\t\t\t\t\t\t\t\t\t\t\t\t\t\t\t\t\t<span class=\"elementor-price-list-price\">6000 RSD<\/span>\n\t\t\t\t\t\t\t\t\t\t<\/div>\n\t\t\t\t\t\t\t\t\t\t\t\t<\/div>\n\t\t\t\t<\/a><\/li>\t\t\t\t\t\t\t\t\t\t\t\t<li><a class=\"elementor-price-list-item\" href=\"#\">\t\t\t\t\n\t\t\t\t<div class=\"elementor-price-list-text\">\n\t\t\t\t\t\t\t\t\t<div class=\"elementor-price-list-header\">\n\t\t\t\t\t\t\t\t\t\t\t<span class=\"elementor-price-list-title\">\n\t\t\t\t\t\t\tRemoval of fatty deposits by lipolysis\t\t\t\t\t\t<\/span>\n\t\t\t\t\t\t\t\t\t\t\t\t\t\t\t\t\t\t<span class=\"elementor-price-list-separator\"><\/span>\n\t\t\t\t\t\t\t\t\t\t\t\t\t\t\t\t\t\t\t<span class=\"elementor-price-list-price\">9600 RSD<\/span>\n\t\t\t\t\t\t\t\t\t\t<\/div>\n\t\t\t\t\t\t\t\t\t\t\t\t<\/div>\n\t\t\t\t<\/a><\/li>\t\t\t\t\t\t\t\t\t\t\t\t<li><a class=\"elementor-price-list-item\" href=\"#\">\t\t\t\t\n\t\t\t\t<div class=\"elementor-price-list-text\">\n\t\t\t\t\t\t\t\t\t<div class=\"elementor-price-list-header\">\n\t\t\t\t\t\t\t\t\t\t\t<span class=\"elementor-price-list-title\">\n\t\t\t\t\t\t\tCellulite removal with mesococktails\t\t\t\t\t\t<\/span>\n\t\t\t\t\t\t\t\t\t\t\t\t\t\t\t\t\t\t<span class=\"elementor-price-list-separator\"><\/span>\n\t\t\t\t\t\t\t\t\t\t\t\t\t\t\t\t\t\t\t<span class=\"elementor-price-list-price\">6000 RSD<\/span>\n\t\t\t\t\t\t\t\t\t\t<\/div>\n\t\t\t\t\t\t\t\t\t\t\t\t<\/div>\n\t\t\t\t<\/a><\/li>\t\t\t\t\t\t\t\t\t\t\t\t<li><a class=\"elementor-price-list-item\" href=\"#\">\t\t\t\t\n\t\t\t\t<div class=\"elementor-price-list-text\">\n\t\t\t\t\t\t\t\t\t<div class=\"elementor-price-list-header\">\n\t\t\t\t\t\t\t\t\t\t\t<span class=\"elementor-price-list-title\">\n\t\t\t\t\t\t\tBotox treatment for hyperhidrosis\t\t\t\t\t\t<\/span>\n\t\t\t\t\t\t\t\t\t\t\t\t\t\t\t\t\t\t<span class=\"elementor-price-list-separator\"><\/span>\n\t\t\t\t\t\t\t\t\t\t\t\t\t\t\t\t\t\t\t<span class=\"elementor-price-list-price\">36000 RSD<\/span>\n\t\t\t\t\t\t\t\t\t\t<\/div>\n\t\t\t\t\t\t\t\t\t\t\t\t<\/div>\n\t\t\t\t<\/a><\/li>\t\t\t\t\t\n\t\t<\/ul>\n\n\t\t\t\t\t\t<\/div>\n\t\t\t\t<\/div>\n\t\t\t\t\t<\/div>\n\t\t<\/div>\n\t\t\t\t\t<\/div>\n\t\t<\/section>\n\t\t\t\t<section class=\"elementor-section elementor-top-section elementor-element elementor-element-6bebaff elementor-section-boxed elementor-section-height-default elementor-section-height-default\" data-id=\"6bebaff\" data-element_type=\"section\" data-e-type=\"section\">\n\t\t\t\t\t\t<div class=\"elementor-container elementor-column-gap-default\">\n\t\t\t\t\t<div class=\"elementor-column elementor-col-100 elementor-top-column elementor-element elementor-element-ab70f1c\" data-id=\"ab70f1c\" data-element_type=\"column\" data-e-type=\"column\">\n\t\t\t<div class=\"elementor-widget-wrap elementor-element-populated\">\n\t\t\t\t\t\t<div class=\"elementor-element elementor-element-a28d9ef elementor-widget elementor-widget-text-editor\" data-id=\"a28d9ef\" data-element_type=\"widget\" data-e-type=\"widget\" data-widget_type=\"text-editor.default\">\n\t\t\t\t<div class=\"elementor-widget-container\">\n\t\t\t\t\t\t\t\t\t<div class=\"row\">\n<div class=\"col-xs-12 text-left payment-options first\"><strong>Possibilities of payment in several installments<\/strong><\/div>\n<\/div>\n<div class=\"row\">\n<div class=\"col-xs-12 col-md-12 text-left payment-options translation-block\">We offer our clients various payment options. In cooperation with Banca Intesa, we ensured the possibility of paying in installments, but also interest-free payment up to a certain number of installments.<\/div>\n<\/div>\n<div class=\"row\">\n<div class=\"col-xs-12 col-md-12 text-left payment-options last\">Cards we accept: American Express, Visa, Master Card, Maestro, Dina<\/div>\n<\/div>\t\t\t\t\t\t\t\t<\/div>\n\t\t\t\t<\/div>\n\t\t\t\t<div class=\"elementor-element elementor-element-be4bc5f elementor-widget elementor-widget-image\" data-id=\"be4bc5f\" data-element_type=\"widget\" data-e-type=\"widget\" data-widget_type=\"image.default\">\n\t\t\t\t<div class=\"elementor-widget-container\">\n\t\t\t\t\t\t\t\t\t\t\t\t\t\t\t<img decoding=\"async\" width=\"241\" height=\"39\" src=\"https:\/\/www.aesthetica.rs\/wp-content\/uploads\/2023\/03\/kartice-longavita.png\" class=\"attachment-large size-large wp-image-1704\" alt=\"\" \/>\t\t\t\t\t\t\t\t\t\t\t\t\t\t\t<\/div>\n\t\t\t\t<\/div>\n\t\t\t\t\t<\/div>\n\t\t<\/div>\n\t\t\t\t\t<\/div>\n\t\t<\/section>\n\t\t\t\t<\/div>","protected":false},"excerpt":{"rendered":"<p>Cenovnik &#8211; oblikovanje tela U nastavku mo\u017eete videti cenovnik na\u0161ih usluga, za detaljnije informacije molimo da nam se obratite. Na\u0161e stru\u010dno osoblje rado \u0107e Vam pomo\u0107i da dodjete do svih podataka koji su vam potrebni vezano za pla\u0107anje i\/ili raspolo\u017eivost termina i po potrebi pru\u017eiti dalja obave\u0161tenja. Uklanjanje masnih naslaga tretmanom Med Contour Multipower 9600 [&hellip;]<\/p>\n","protected":false},"author":1,"featured_media":0,"parent":588,"menu_order":0,"comment_status":"closed","ping_status":"closed","template":"","meta":{"footnotes":""},"class_list":["post-1823","page","type-page","status-publish","hentry"],"yoast_head":"<!-- This site is optimized with the Yoast SEO plugin v27.4 - https:\/\/yoast.com\/product\/yoast-seo-wordpress\/ -->\n<title>Cenovnik za masa\u017ee - Aesthetica Ni\u0161<\/title>\n<meta name=\"description\" content=\"Pogledajte detaljne cene svih usluga masa\u017ee u Aesthetica centru estetske medicine. Obratite nam se za informacije o pla\u0107anju i terminima.\" \/>\n<meta name=\"robots\" content=\"index, follow, max-snippet:-1, max-image-preview:large, max-video-preview:-1\" \/>\n<link rel=\"canonical\" href=\"https:\/\/www.aesthetica.rs\/en\/price-list\/massages\/\" \/>\n<meta property=\"og:locale\" content=\"en_US\" \/>\n<meta property=\"og:type\" content=\"article\" \/>\n<meta property=\"og:title\" content=\"Cenovnik za masa\u017ee - Aesthetica Ni\u0161\" \/>\n<meta property=\"og:description\" content=\"Pogledajte detaljne cene svih usluga masa\u017ee u Aesthetica centru estetske medicine. Obratite nam se za informacije o pla\u0107anju i terminima.\" \/>\n<meta property=\"og:url\" content=\"https:\/\/www.aesthetica.rs\/en\/price-list\/massages\/\" \/>\n<meta property=\"og:site_name\" content=\"Aesthetica LongaVita - Anti Aging Centar za estetsku medicinu u Ni\u0161u\" \/>\n<meta property=\"article:modified_time\" content=\"2026-03-25T13:42:49+00:00\" \/>\n<meta property=\"og:image\" content=\"https:\/\/www.aesthetica.rs\/wp-content\/uploads\/2023\/03\/kartice-longavita.png\" \/>\n\t<meta property=\"og:image:width\" content=\"241\" \/>\n\t<meta property=\"og:image:height\" content=\"39\" \/>\n\t<meta property=\"og:image:type\" content=\"image\/png\" \/>\n<meta name=\"twitter:card\" content=\"summary_large_image\" \/>\n<meta name=\"twitter:label1\" content=\"Est. reading time\" \/>\n\t<meta name=\"twitter:data1\" content=\"1 minute\" \/>\n<script type=\"application\/ld+json\" class=\"yoast-schema-graph\">{\"@context\":\"https:\\\/\\\/schema.org\",\"@graph\":[{\"@type\":\"WebPage\",\"@id\":\"https:\\\/\\\/www.aesthetica.rs\\\/cenovnik\\\/masaze\\\/\",\"url\":\"https:\\\/\\\/www.aesthetica.rs\\\/cenovnik\\\/masaze\\\/\",\"name\":\"Cenovnik za masa\u017ee - Aesthetica Ni\u0161\",\"isPartOf\":{\"@id\":\"https:\\\/\\\/www.aesthetica.rs\\\/#website\"},\"primaryImageOfPage\":{\"@id\":\"https:\\\/\\\/www.aesthetica.rs\\\/cenovnik\\\/masaze\\\/#primaryimage\"},\"image\":{\"@id\":\"https:\\\/\\\/www.aesthetica.rs\\\/cenovnik\\\/masaze\\\/#primaryimage\"},\"thumbnailUrl\":\"https:\\\/\\\/www.aesthetica.rs\\\/wp-content\\\/uploads\\\/2023\\\/03\\\/kartice-longavita.png\",\"datePublished\":\"2023-03-23T20:04:46+00:00\",\"dateModified\":\"2026-03-25T13:42:49+00:00\",\"description\":\"Pogledajte detaljne cene svih usluga masa\u017ee u Aesthetica centru estetske medicine. Obratite nam se za informacije o pla\u0107anju i terminima.\",\"breadcrumb\":{\"@id\":\"https:\\\/\\\/www.aesthetica.rs\\\/cenovnik\\\/masaze\\\/#breadcrumb\"},\"inLanguage\":\"en-US\",\"potentialAction\":[{\"@type\":\"ReadAction\",\"target\":[\"https:\\\/\\\/www.aesthetica.rs\\\/cenovnik\\\/masaze\\\/\"]}]},{\"@type\":\"ImageObject\",\"inLanguage\":\"en-US\",\"@id\":\"https:\\\/\\\/www.aesthetica.rs\\\/cenovnik\\\/masaze\\\/#primaryimage\",\"url\":\"https:\\\/\\\/www.aesthetica.rs\\\/wp-content\\\/uploads\\\/2023\\\/03\\\/kartice-longavita.png\",\"contentUrl\":\"https:\\\/\\\/www.aesthetica.rs\\\/wp-content\\\/uploads\\\/2023\\\/03\\\/kartice-longavita.png\"},{\"@type\":\"BreadcrumbList\",\"@id\":\"https:\\\/\\\/www.aesthetica.rs\\\/cenovnik\\\/masaze\\\/#breadcrumb\",\"itemListElement\":[{\"@type\":\"ListItem\",\"position\":1,\"name\":\"\u041f\u043e\u0447\u0435\u0442\u043d\u0430\",\"item\":\"https:\\\/\\\/www.aesthetica.rs\\\/\"},{\"@type\":\"ListItem\",\"position\":2,\"name\":\"Cenovnik\",\"item\":\"https:\\\/\\\/www.aesthetica.rs\\\/cenovnik\\\/\"},{\"@type\":\"ListItem\",\"position\":3,\"name\":\"Masa\u017ee\"}]},{\"@type\":\"WebSite\",\"@id\":\"https:\\\/\\\/www.aesthetica.rs\\\/#website\",\"url\":\"https:\\\/\\\/www.aesthetica.rs\\\/\",\"name\":\"Anti Aging Centar: estetska medicinu u Ni\u0161u - Aesthetica LongaVita\",\"description\":\"\",\"potentialAction\":[{\"@type\":\"SearchAction\",\"target\":{\"@type\":\"EntryPoint\",\"urlTemplate\":\"https:\\\/\\\/www.aesthetica.rs\\\/?s={search_term_string}\"},\"query-input\":{\"@type\":\"PropertyValueSpecification\",\"valueRequired\":true,\"valueName\":\"search_term_string\"}}],\"inLanguage\":\"en-US\"}]}<\/script>\n<!-- \/ Yoast SEO plugin. -->","yoast_head_json":{"title":"Price list for massages - Aesthetica Ni\u0161","description":"See the detailed prices of all massage services at the Aesthetica center of aesthetic medicine. Contact us for payment and appointment information.","robots":{"index":"index","follow":"follow","max-snippet":"max-snippet:-1","max-image-preview":"max-image-preview:large","max-video-preview":"max-video-preview:-1"},"canonical":"https:\/\/www.aesthetica.rs\/en\/price-list\/massages\/","og_locale":"en_US","og_type":"article","og_title":"Cenovnik za masa\u017ee - Aesthetica Ni\u0161","og_description":"Pogledajte detaljne cene svih usluga masa\u017ee u Aesthetica centru estetske medicine. Obratite nam se za informacije o pla\u0107anju i terminima.","og_url":"https:\/\/www.aesthetica.rs\/en\/price-list\/massages\/","og_site_name":"Aesthetica LongaVita - Anti Aging Centar za estetsku medicinu u Ni\u0161u","article_modified_time":"2026-03-25T13:42:49+00:00","og_image":[{"width":241,"height":39,"url":"https:\/\/www.aesthetica.rs\/wp-content\/uploads\/2023\/03\/kartice-longavita.png","type":"image\/png"}],"twitter_card":"summary_large_image","twitter_misc":{"Est. reading time":"1 minute"},"schema":{"@context":"https:\/\/schema.org","@graph":[{"@type":"WebPage","@id":"https:\/\/www.aesthetica.rs\/cenovnik\/masaze\/","url":"https:\/\/www.aesthetica.rs\/cenovnik\/masaze\/","name":"Price list for massages - Aesthetica Ni\u0161","isPartOf":{"@id":"https:\/\/www.aesthetica.rs\/#website"},"primaryImageOfPage":{"@id":"https:\/\/www.aesthetica.rs\/cenovnik\/masaze\/#primaryimage"},"image":{"@id":"https:\/\/www.aesthetica.rs\/cenovnik\/masaze\/#primaryimage"},"thumbnailUrl":"https:\/\/www.aesthetica.rs\/wp-content\/uploads\/2023\/03\/kartice-longavita.png","datePublished":"2023-03-23T20:04:46+00:00","dateModified":"2026-03-25T13:42:49+00:00","description":"See the detailed prices of all massage services at the Aesthetica center of aesthetic medicine. Contact us for payment and appointment information.","breadcrumb":{"@id":"https:\/\/www.aesthetica.rs\/cenovnik\/masaze\/#breadcrumb"},"inLanguage":"en-US","potentialAction":[{"@type":"ReadAction","target":["https:\/\/www.aesthetica.rs\/cenovnik\/masaze\/"]}]},{"@type":"ImageObject","inLanguage":"en-US","@id":"https:\/\/www.aesthetica.rs\/cenovnik\/masaze\/#primaryimage","url":"https:\/\/www.aesthetica.rs\/wp-content\/uploads\/2023\/03\/kartice-longavita.png","contentUrl":"https:\/\/www.aesthetica.rs\/wp-content\/uploads\/2023\/03\/kartice-longavita.png"},{"@type":"BreadcrumbList","@id":"https:\/\/www.aesthetica.rs\/cenovnik\/masaze\/#breadcrumb","itemListElement":[{"@type":"ListItem","position":1,"name":"\u041f\u043e\u0447\u0435\u0442\u043d\u0430","item":"https:\/\/www.aesthetica.rs\/"},{"@type":"ListItem","position":2,"name":"Cenovnik","item":"https:\/\/www.aesthetica.rs\/cenovnik\/"},{"@type":"ListItem","position":3,"name":"Masa\u017ee"}]},{"@type":"WebSite","@id":"https:\/\/www.aesthetica.rs\/#website","url":"https:\/\/www.aesthetica.rs\/","name":"Anti Aging Centar: estetska medicinu u Ni\u0161u - Aesthetica LongaVita","description":"","potentialAction":[{"@type":"SearchAction","target":{"@type":"EntryPoint","urlTemplate":"https:\/\/www.aesthetica.rs\/?s={search_term_string}"},"query-input":{"@type":"PropertyValueSpecification","valueRequired":true,"valueName":"search_term_string"}}],"inLanguage":"en-US"}]}},"_links":{"self":[{"href":"https:\/\/www.aesthetica.rs\/en\/wp-json\/wp\/v2\/pages\/1823","targetHints":{"allow":["GET"]}}],"collection":[{"href":"https:\/\/www.aesthetica.rs\/en\/wp-json\/wp\/v2\/pages"}],"about":[{"href":"https:\/\/www.aesthetica.rs\/en\/wp-json\/wp\/v2\/types\/page"}],"author":[{"embeddable":true,"href":"https:\/\/www.aesthetica.rs\/en\/wp-json\/wp\/v2\/users\/1"}],"replies":[{"embeddable":true,"href":"https:\/\/www.aesthetica.rs\/en\/wp-json\/wp\/v2\/comments?post=1823"}],"version-history":[{"count":188,"href":"https:\/\/www.aesthetica.rs\/en\/wp-json\/wp\/v2\/pages\/1823\/revisions"}],"predecessor-version":[{"id":5909,"href":"https:\/\/www.aesthetica.rs\/en\/wp-json\/wp\/v2\/pages\/1823\/revisions\/5909"}],"up":[{"embeddable":true,"href":"https:\/\/www.aesthetica.rs\/en\/wp-json\/wp\/v2\/pages\/588"}],"wp:attachment":[{"href":"https:\/\/www.aesthetica.rs\/en\/wp-json\/wp\/v2\/media?parent=1823"}],"curies":[{"name":"wp","href":"https:\/\/api.w.org\/{rel}","templated":true}]}}