{"id":4559,"date":"2024-02-23T16:18:51","date_gmt":"2024-02-23T15:18:51","guid":{"rendered":"https:\/\/www.aesthetica.rs\/?page_id=4559"},"modified":"2024-03-28T10:44:45","modified_gmt":"2024-03-28T09:44:45","slug":"dr-sladjana-stojkovic","status":"publish","type":"page","link":"https:\/\/www.aesthetica.rs\/en\/about-us\/dr-sladjana-stojkovic\/","title":{"rendered":"Dr Sla\u0111ana Stojkovi\u0107"},"content":{"rendered":"<div data-elementor-type=\"wp-page\" data-elementor-id=\"4559\" class=\"elementor elementor-4559\" data-elementor-post-type=\"page\">\n\t\t\t\t\t\t<section class=\"elementor-section elementor-top-section elementor-element elementor-element-abd8d2c elementor-section-boxed elementor-section-height-default elementor-section-height-default\" data-id=\"abd8d2c\" data-element_type=\"section\" data-e-type=\"section\">\n\t\t\t\t\t\t<div class=\"elementor-container elementor-column-gap-default\">\n\t\t\t\t\t<div class=\"elementor-column elementor-col-100 elementor-top-column elementor-element elementor-element-d5f511a\" data-id=\"d5f511a\" data-element_type=\"column\" data-e-type=\"column\">\n\t\t\t<div class=\"elementor-widget-wrap elementor-element-populated\">\n\t\t\t\t\t\t<div class=\"elementor-element elementor-element-ea4b4da elementor-widget elementor-widget-heading\" data-id=\"ea4b4da\" data-element_type=\"widget\" data-e-type=\"widget\" data-widget_type=\"heading.default\">\n\t\t\t\t<div class=\"elementor-widget-container\">\n\t\t\t\t\t<h1 class=\"elementor-heading-title elementor-size-default\">Dr sci. Sla\u0111ana Stojkovi\u0107<\/h1>\t\t\t\t<\/div>\n\t\t\t\t<\/div>\n\t\t\t\t\t<\/div>\n\t\t<\/div>\n\t\t\t\t\t<\/div>\n\t\t<\/section>\n\t\t\t\t<section class=\"elementor-section elementor-top-section elementor-element elementor-element-adf0d0d elementor-section-boxed elementor-section-height-default elementor-section-height-default\" data-id=\"adf0d0d\" data-element_type=\"section\" data-e-type=\"section\">\n\t\t\t\t\t\t<div class=\"elementor-container elementor-column-gap-default\">\n\t\t\t\t\t<div class=\"elementor-column elementor-col-33 elementor-top-column elementor-element elementor-element-6d40b54\" data-id=\"6d40b54\" data-element_type=\"column\" data-e-type=\"column\">\n\t\t\t<div class=\"elementor-widget-wrap elementor-element-populated\">\n\t\t\t\t\t\t<div class=\"elementor-element elementor-element-a22992a elementor-widget elementor-widget-image\" data-id=\"a22992a\" data-element_type=\"widget\" data-e-type=\"widget\" data-widget_type=\"image.default\">\n\t\t\t\t<div class=\"elementor-widget-container\">\n\t\t\t\t\t\t\t\t\t\t\t\t\t\t\t<img fetchpriority=\"high\" decoding=\"async\" width=\"320\" height=\"526\" src=\"https:\/\/www.aesthetica.rs\/wp-content\/uploads\/2024\/02\/sladjana-stojkovic.jpg\" class=\"attachment-large size-large wp-image-4561\" alt=\"\" srcset=\"https:\/\/www.aesthetica.rs\/wp-content\/uploads\/2024\/02\/sladjana-stojkovic.jpg 320w, https:\/\/www.aesthetica.rs\/wp-content\/uploads\/2024\/02\/sladjana-stojkovic-183x300.jpg 183w, https:\/\/www.aesthetica.rs\/wp-content\/uploads\/2024\/02\/sladjana-stojkovic-7x12.jpg 7w\" sizes=\"(max-width: 320px) 100vw, 320px\" \/>\t\t\t\t\t\t\t\t\t\t\t\t\t\t\t<\/div>\n\t\t\t\t<\/div>\n\t\t\t\t<div class=\"elementor-element elementor-element-5df2271 elementor-widget elementor-widget-heading\" data-id=\"5df2271\" data-element_type=\"widget\" data-e-type=\"widget\" data-widget_type=\"heading.default\">\n\t\t\t\t<div class=\"elementor-widget-container\">\n\t\t\t\t\t<h2 class=\"elementor-heading-title elementor-size-default\">Dr Sla\u0111ana Stojkovi\u0107, specijalista  dermatovenerologije i doktor estetske medicine<\/h2>\t\t\t\t<\/div>\n\t\t\t\t<\/div>\n\t\t\t\t\t<\/div>\n\t\t<\/div>\n\t\t\t\t<div class=\"elementor-column elementor-col-66 elementor-top-column elementor-element elementor-element-679b9bc\" data-id=\"679b9bc\" data-element_type=\"column\" data-e-type=\"column\">\n\t\t\t<div class=\"elementor-widget-wrap elementor-element-populated\">\n\t\t\t\t\t\t<div class=\"elementor-element elementor-element-9d315d6 elementor-widget elementor-widget-text-editor\" data-id=\"9d315d6\" data-element_type=\"widget\" data-e-type=\"widget\" data-widget_type=\"text-editor.default\">\n\t\t\t\t<div class=\"elementor-widget-container\">\n\t\t\t\t\t\t\t\t\t<p><strong>Sla\u0111ana Stojkovi\u0107<\/strong> rodjena 03.09.1980 god. U Kumanovu R. S. Makedonija. Diplomirala na Medicinskom fakultetu, Univerziteta u Ni\u0161u 2008. god. Nakon obavljenog lekarskogi sta\u017ea u Vojnoj bolnici i Domu zdravlja u Ni\u0161u, radi kao lekar op\u0161te prakse u privatnoj poliklinici u Vlasotincu (Novembar 2008.-Maj 2010.). Specijalizaciju iz Dermatovenerologije na Klinici za dermatovenerologiju u UKC Ni\u0161 zavr\u0161ava maja 2022. god. Od novembra 2022. god. radi kao specijalista dermatovenerolog u DZ Medigroup u Ni\u0161u.<\/p><p>Stru\u010dno, odgovorno, posve\u0107eno, marljivo pristupa u radu sa ambulantnim i hospitalnim pacijentima.<\/p><p>Kontinuirano se edukuje u oblasti dermoskopije , za sagledavanje pigmentnih i nepigmentnih lezija na ko\u017ei. U svakodnevnoj praksi obavlja procedure radiotalasne hirurgije za uklanjanje promena na ko\u017ei radiotalasnim no\u017eem kao sto su papilomi, bradavice, kondilomi, angiomi, seboroi\u010dne keratoze, bazocelularni karcinimi. Edukovana iz oblasti Krio Pro terapije te\u010dnim azotom i procedure sprovodi u svakodnevnom radu.<\/p><p>Kontinuirano se edukuje iz oblasti estetske dermatologije. Poseduje sertifikate o novim mezoterapijskim protokolima i tehnikama i uspe\u0161no obavlja procedure mezoterapije lica I tela kao i PRP (Platelet Rich Plasma) tretmane.<\/p><p>Aktivno u\u010destvuje na brojnih kongresima i kontinuiranim edukacijama iz oblasti dermatologije, etetske medicine, dermoskopije.<\/p><p>15-16.12.2017. Estetska dermatologija \u2013 od bazi\u010dnih principa do klini\u010dke prakse ASKED<br \/>16.03.2018. KME Prakti\u010dna dermoskopija \u2013 osnovni kurs<br \/>23.04.2018. KME \u201cOsetljiva ko\u017ea, mit ili stvarnost\u201d<br \/>14-15.12.2018. Izazovi u estetskoj dermatologiji ASKED<br \/>25-26.01.2019. \u0160kola dermatologije UDVS<br \/>22.02.2019. KME \u201cOsetljiva ko\u017ea, mit ili stvarnost\u201d<br \/>30.03.2019. KME Prakti\u010dna dermoskopija \u2013 napredni kurs<br \/>14-16.11.2019. XXI beogradski dermatolo\u0161ki dani sa me\u0111unarodnim u\u010de\u0161\u0107em \u2013 UDVS<br \/>13-14.12.2019. Nacionalni kongres sa me\u0111unarodnim u\u010de\u0161\u0107em ASKED \u2013 Dermatologija u estetskoj medicini<br \/>24-26.01.2020. \u0160kola dermatologije UDVS<br \/>09-10.12.2022. 14. ASKED kongres<br \/>20.03.2023. Me\u0111unarodni seminar 1. kategorije DERMOSKOPIJA<br \/>04.11.2023. Me\u0111unarodni seminar 1. kategorije NAOS Dermatolo\u0161ki susreti<br \/>18.11.2023. Prakti\u010dna dermoskopija melanocitnih lezija \u2013 napredni nivo<\/p><p>22-25.11.2023. 23.Beogradski Dermatolo\u0161ki Dani sa medjunarodnim u\u010de\u0107\u0161\u0107em<br \/>8-9.12.2023. 15.ASKED kongres<\/p><p>\u010clan Udru\u017eenja Dermatovenerologa Srbije<br \/>\u010clan lekarske komore Srbije<\/p>\t\t\t\t\t\t\t\t<\/div>\n\t\t\t\t<\/div>\n\t\t\t\t\t<\/div>\n\t\t<\/div>\n\t\t\t\t\t<\/div>\n\t\t<\/section>\n\t\t\t\t<\/div>","protected":false},"excerpt":{"rendered":"<p>Dr sci. Sla\u0111ana Stojkovi\u0107 Dr Sla\u0111ana Stojkovi\u0107, specijalista dermatovenerologije i doktor estetske medicine Sla\u0111ana Stojkovi\u0107 rodjena 03.09.1980 god. U Kumanovu R. S. Makedonija. Diplomirala na Medicinskom fakultetu, Univerziteta u Ni\u0161u 2008. god. Nakon obavljenog lekarskogi sta\u017ea u Vojnoj bolnici i Domu zdravlja u Ni\u0161u, radi kao lekar op\u0161te prakse u privatnoj poliklinici u Vlasotincu (Novembar [&hellip;]<\/p>\n","protected":false},"author":1,"featured_media":0,"parent":545,"menu_order":0,"comment_status":"closed","ping_status":"closed","template":"","meta":{"footnotes":""},"class_list":["post-4559","page","type-page","status-publish","hentry"],"yoast_head":"<!-- This site is optimized with the Yoast SEO plugin v27.5 - https:\/\/yoast.com\/product\/yoast-seo-wordpress\/ -->\n<title>Dr Sla\u0111ana Stojkovi\u0107 - Aesthetica Ni\u0161<\/title>\n<meta name=\"description\" content=\"Zorana je specijaliste dermatovenerologije\" \/>\n<meta name=\"robots\" content=\"index, follow, max-snippet:-1, max-image-preview:large, max-video-preview:-1\" \/>\n<link rel=\"canonical\" href=\"https:\/\/www.aesthetica.rs\/en\/about-us\/dr-sladjana-stojkovic\/\" \/>\n<meta property=\"og:locale\" content=\"en_US\" \/>\n<meta property=\"og:type\" content=\"article\" \/>\n<meta property=\"og:title\" content=\"Dr Sla\u0111ana Stojkovi\u0107 - Aesthetica Ni\u0161\" \/>\n<meta property=\"og:description\" content=\"Zorana je specijaliste dermatovenerologije\" \/>\n<meta property=\"og:url\" content=\"https:\/\/www.aesthetica.rs\/en\/about-us\/dr-sladjana-stojkovic\/\" \/>\n<meta property=\"og:site_name\" content=\"Aesthetica LongaVita - Anti Aging Centar za estetsku medicinu u Ni\u0161u\" \/>\n<meta property=\"article:modified_time\" content=\"2024-03-28T09:44:45+00:00\" \/>\n<meta property=\"og:image\" content=\"https:\/\/www.aesthetica.rs\/wp-content\/uploads\/2024\/02\/sladjana-stojkovic.jpg\" \/>\n<meta name=\"twitter:card\" content=\"summary_large_image\" \/>\n<meta name=\"twitter:label1\" content=\"Est. reading time\" \/>\n\t<meta name=\"twitter:data1\" content=\"2 minutes\" \/>\n<script type=\"application\/ld+json\" class=\"yoast-schema-graph\">{\"@context\":\"https:\\\/\\\/schema.org\",\"@graph\":[{\"@type\":\"WebPage\",\"@id\":\"https:\\\/\\\/www.aesthetica.rs\\\/o-nama\\\/dr-sladjana-stojkovic\\\/\",\"url\":\"https:\\\/\\\/www.aesthetica.rs\\\/o-nama\\\/dr-sladjana-stojkovic\\\/\",\"name\":\"Dr Sla\u0111ana Stojkovi\u0107 - Aesthetica Ni\u0161\",\"isPartOf\":{\"@id\":\"https:\\\/\\\/www.aesthetica.rs\\\/#website\"},\"primaryImageOfPage\":{\"@id\":\"https:\\\/\\\/www.aesthetica.rs\\\/o-nama\\\/dr-sladjana-stojkovic\\\/#primaryimage\"},\"image\":{\"@id\":\"https:\\\/\\\/www.aesthetica.rs\\\/o-nama\\\/dr-sladjana-stojkovic\\\/#primaryimage\"},\"thumbnailUrl\":\"https:\\\/\\\/www.aesthetica.rs\\\/wp-content\\\/uploads\\\/2024\\\/02\\\/sladjana-stojkovic.jpg\",\"datePublished\":\"2024-02-23T15:18:51+00:00\",\"dateModified\":\"2024-03-28T09:44:45+00:00\",\"description\":\"Zorana je specijaliste dermatovenerologije\",\"breadcrumb\":{\"@id\":\"https:\\\/\\\/www.aesthetica.rs\\\/o-nama\\\/dr-sladjana-stojkovic\\\/#breadcrumb\"},\"inLanguage\":\"en-US\",\"potentialAction\":[{\"@type\":\"ReadAction\",\"target\":[\"https:\\\/\\\/www.aesthetica.rs\\\/o-nama\\\/dr-sladjana-stojkovic\\\/\"]}]},{\"@type\":\"ImageObject\",\"inLanguage\":\"en-US\",\"@id\":\"https:\\\/\\\/www.aesthetica.rs\\\/o-nama\\\/dr-sladjana-stojkovic\\\/#primaryimage\",\"url\":\"https:\\\/\\\/www.aesthetica.rs\\\/wp-content\\\/uploads\\\/2024\\\/02\\\/sladjana-stojkovic.jpg\",\"contentUrl\":\"https:\\\/\\\/www.aesthetica.rs\\\/wp-content\\\/uploads\\\/2024\\\/02\\\/sladjana-stojkovic.jpg\"},{\"@type\":\"BreadcrumbList\",\"@id\":\"https:\\\/\\\/www.aesthetica.rs\\\/o-nama\\\/dr-sladjana-stojkovic\\\/#breadcrumb\",\"itemListElement\":[{\"@type\":\"ListItem\",\"position\":1,\"name\":\"\u041f\u043e\u0447\u0435\u0442\u043d\u0430\",\"item\":\"https:\\\/\\\/www.aesthetica.rs\\\/\"},{\"@type\":\"ListItem\",\"position\":2,\"name\":\"O nama\",\"item\":\"https:\\\/\\\/www.aesthetica.rs\\\/o-nama\\\/\"},{\"@type\":\"ListItem\",\"position\":3,\"name\":\"Dr Sla\u0111ana Stojkovi\u0107\"}]},{\"@type\":\"WebSite\",\"@id\":\"https:\\\/\\\/www.aesthetica.rs\\\/#website\",\"url\":\"https:\\\/\\\/www.aesthetica.rs\\\/\",\"name\":\"Anti Aging Centar: estetska medicinu u Ni\u0161u - Aesthetica LongaVita\",\"description\":\"\",\"potentialAction\":[{\"@type\":\"SearchAction\",\"target\":{\"@type\":\"EntryPoint\",\"urlTemplate\":\"https:\\\/\\\/www.aesthetica.rs\\\/?s={search_term_string}\"},\"query-input\":{\"@type\":\"PropertyValueSpecification\",\"valueRequired\":true,\"valueName\":\"search_term_string\"}}],\"inLanguage\":\"en-US\"}]}<\/script>\n<!-- \/ Yoast SEO plugin. -->","yoast_head_json":{"title":"Dr Sla\u0111ana Stojkovi\u0107 - Aesthetica Ni\u0161","description":"Zorana je specijaliste dermatovenerologije","robots":{"index":"index","follow":"follow","max-snippet":"max-snippet:-1","max-image-preview":"max-image-preview:large","max-video-preview":"max-video-preview:-1"},"canonical":"https:\/\/www.aesthetica.rs\/en\/about-us\/dr-sladjana-stojkovic\/","og_locale":"en_US","og_type":"article","og_title":"Dr Sla\u0111ana Stojkovi\u0107 - Aesthetica Ni\u0161","og_description":"Zorana je specijaliste dermatovenerologije","og_url":"https:\/\/www.aesthetica.rs\/en\/about-us\/dr-sladjana-stojkovic\/","og_site_name":"Aesthetica LongaVita - Anti Aging Centar za estetsku medicinu u Ni\u0161u","article_modified_time":"2024-03-28T09:44:45+00:00","og_image":[{"url":"https:\/\/www.aesthetica.rs\/wp-content\/uploads\/2024\/02\/sladjana-stojkovic.jpg","type":"","width":"","height":""}],"twitter_card":"summary_large_image","twitter_misc":{"Est. reading time":"2 minutes"},"schema":{"@context":"https:\/\/schema.org","@graph":[{"@type":"WebPage","@id":"https:\/\/www.aesthetica.rs\/o-nama\/dr-sladjana-stojkovic\/","url":"https:\/\/www.aesthetica.rs\/o-nama\/dr-sladjana-stojkovic\/","name":"Dr Sla\u0111ana Stojkovi\u0107 - Aesthetica Ni\u0161","isPartOf":{"@id":"https:\/\/www.aesthetica.rs\/#website"},"primaryImageOfPage":{"@id":"https:\/\/www.aesthetica.rs\/o-nama\/dr-sladjana-stojkovic\/#primaryimage"},"image":{"@id":"https:\/\/www.aesthetica.rs\/o-nama\/dr-sladjana-stojkovic\/#primaryimage"},"thumbnailUrl":"https:\/\/www.aesthetica.rs\/wp-content\/uploads\/2024\/02\/sladjana-stojkovic.jpg","datePublished":"2024-02-23T15:18:51+00:00","dateModified":"2024-03-28T09:44:45+00:00","description":"Zorana je specijaliste dermatovenerologije","breadcrumb":{"@id":"https:\/\/www.aesthetica.rs\/o-nama\/dr-sladjana-stojkovic\/#breadcrumb"},"inLanguage":"en-US","potentialAction":[{"@type":"ReadAction","target":["https:\/\/www.aesthetica.rs\/o-nama\/dr-sladjana-stojkovic\/"]}]},{"@type":"ImageObject","inLanguage":"en-US","@id":"https:\/\/www.aesthetica.rs\/o-nama\/dr-sladjana-stojkovic\/#primaryimage","url":"https:\/\/www.aesthetica.rs\/wp-content\/uploads\/2024\/02\/sladjana-stojkovic.jpg","contentUrl":"https:\/\/www.aesthetica.rs\/wp-content\/uploads\/2024\/02\/sladjana-stojkovic.jpg"},{"@type":"BreadcrumbList","@id":"https:\/\/www.aesthetica.rs\/o-nama\/dr-sladjana-stojkovic\/#breadcrumb","itemListElement":[{"@type":"ListItem","position":1,"name":"\u041f\u043e\u0447\u0435\u0442\u043d\u0430","item":"https:\/\/www.aesthetica.rs\/"},{"@type":"ListItem","position":2,"name":"O nama","item":"https:\/\/www.aesthetica.rs\/o-nama\/"},{"@type":"ListItem","position":3,"name":"Dr Sla\u0111ana Stojkovi\u0107"}]},{"@type":"WebSite","@id":"https:\/\/www.aesthetica.rs\/#website","url":"https:\/\/www.aesthetica.rs\/","name":"Anti Aging Centar: estetska medicinu u Ni\u0161u - Aesthetica LongaVita","description":"","potentialAction":[{"@type":"SearchAction","target":{"@type":"EntryPoint","urlTemplate":"https:\/\/www.aesthetica.rs\/?s={search_term_string}"},"query-input":{"@type":"PropertyValueSpecification","valueRequired":true,"valueName":"search_term_string"}}],"inLanguage":"en-US"}]}},"_links":{"self":[{"href":"https:\/\/www.aesthetica.rs\/en\/wp-json\/wp\/v2\/pages\/4559","targetHints":{"allow":["GET"]}}],"collection":[{"href":"https:\/\/www.aesthetica.rs\/en\/wp-json\/wp\/v2\/pages"}],"about":[{"href":"https:\/\/www.aesthetica.rs\/en\/wp-json\/wp\/v2\/types\/page"}],"author":[{"embeddable":true,"href":"https:\/\/www.aesthetica.rs\/en\/wp-json\/wp\/v2\/users\/1"}],"replies":[{"embeddable":true,"href":"https:\/\/www.aesthetica.rs\/en\/wp-json\/wp\/v2\/comments?post=4559"}],"version-history":[{"count":7,"href":"https:\/\/www.aesthetica.rs\/en\/wp-json\/wp\/v2\/pages\/4559\/revisions"}],"predecessor-version":[{"id":4599,"href":"https:\/\/www.aesthetica.rs\/en\/wp-json\/wp\/v2\/pages\/4559\/revisions\/4599"}],"up":[{"embeddable":true,"href":"https:\/\/www.aesthetica.rs\/en\/wp-json\/wp\/v2\/pages\/545"}],"wp:attachment":[{"href":"https:\/\/www.aesthetica.rs\/en\/wp-json\/wp\/v2\/media?parent=4559"}],"curies":[{"name":"wp","href":"https:\/\/api.w.org\/{rel}","templated":true}]}}