{"id":527,"date":"2023-03-07T08:36:59","date_gmt":"2023-03-07T07:36:59","guid":{"rendered":"https:\/\/aesthetica.joomswers.com\/?page_id=527"},"modified":"2025-08-30T12:36:08","modified_gmt":"2025-08-30T10:36:08","slug":"zakazite-konsultacije","status":"publish","type":"page","link":"https:\/\/www.aesthetica.rs\/en\/schedule-a-free-consultation\/","title":{"rendered":"Schedule a consultation"},"content":{"rendered":"\t\t<div data-elementor-type=\"wp-page\" data-elementor-id=\"527\" class=\"elementor elementor-527\" data-elementor-post-type=\"page\">\n\t\t\t\t\t\t<section class=\"elementor-section elementor-top-section elementor-element elementor-element-dc4f1cf elementor-section-boxed elementor-section-height-default elementor-section-height-default\" data-id=\"dc4f1cf\" data-element_type=\"section\" data-e-type=\"section\">\n\t\t\t\t\t\t<div class=\"elementor-container elementor-column-gap-default\">\n\t\t\t\t\t<div class=\"elementor-column elementor-col-66 elementor-top-column elementor-element elementor-element-588bed2\" data-id=\"588bed2\" data-element_type=\"column\" data-e-type=\"column\">\n\t\t\t<div class=\"elementor-widget-wrap elementor-element-populated\">\n\t\t\t\t\t\t<div class=\"elementor-element elementor-element-f012983 elementor-widget elementor-widget-heading\" data-id=\"f012983\" data-element_type=\"widget\" data-e-type=\"widget\" data-widget_type=\"heading.default\">\n\t\t\t\t<div class=\"elementor-widget-container\">\n\t\t\t\t\t<h2 class=\"elementor-heading-title elementor-size-default\">Hvala \u0161to ste zainteresovani za na\u0161e usluge.<\/h2>\t\t\t\t<\/div>\n\t\t\t\t<\/div>\n\t\t\t\t<div class=\"elementor-element elementor-element-944d492 elementor-widget elementor-widget-heading\" data-id=\"944d492\" data-element_type=\"widget\" data-e-type=\"widget\" data-widget_type=\"heading.default\">\n\t\t\t\t<div class=\"elementor-widget-container\">\n\t\t\t\t\t<h2 class=\"elementor-heading-title elementor-size-default\">Zaka\u017eite besplatne konsultacije.<\/h2>\t\t\t\t<\/div>\n\t\t\t\t<\/div>\n\t\t\t\t<div class=\"elementor-element elementor-element-52e2baa elementor-widget elementor-widget-text-editor\" data-id=\"52e2baa\" data-element_type=\"widget\" data-e-type=\"widget\" data-widget_type=\"text-editor.default\">\n\t\t\t\t<div class=\"elementor-widget-container\">\n\t\t\t\t\t\t\t\t\tPopunite formu ispod i mi \u0107emo Vas kontaktirati u najkra\u0107em mogu\u0107em roku.\t\t\t\t\t\t\t\t<\/div>\n\t\t\t\t<\/div>\n\t\t\t\t<div class=\"elementor-element elementor-element-992cb20 elementor-widget elementor-widget-text-editor\" data-id=\"992cb20\" data-element_type=\"widget\" data-e-type=\"widget\" data-widget_type=\"text-editor.default\">\n\t\t\t\t<div class=\"elementor-widget-container\">\n\t\t\t\t\t\t\t\t\t<p>*Sva polja su obavezna. Tretmane Longa Vita Aesthetica centra mogu raditi osobe starije od 18 godina.<\/p>\t\t\t\t\t\t\t\t<\/div>\n\t\t\t\t<\/div>\n\t\t\t\t<div class=\"elementor-element elementor-element-2cfa187 elementor-button-align-start elementor-widget elementor-widget-form\" data-id=\"2cfa187\" data-element_type=\"widget\" data-e-type=\"widget\" data-settings=\"{&quot;step_next_label&quot;:&quot;Slede\\u0107e&quot;,&quot;step_previous_label&quot;:&quot;Prethodno&quot;,&quot;button_width&quot;:&quot;100&quot;,&quot;step_type&quot;:&quot;number_text&quot;,&quot;step_icon_shape&quot;:&quot;circle&quot;}\" data-widget_type=\"form.default\">\n\t\t\t\t<div class=\"elementor-widget-container\">\n\t\t\t\t\t\t\t<form class=\"elementor-form\" method=\"post\" name=\"New Form\" aria-label=\"New Form\">\n\t\t\t<input type=\"hidden\" name=\"post_id\" value=\"527\"\/>\n\t\t\t<input type=\"hidden\" name=\"form_id\" value=\"2cfa187\"\/>\n\t\t\t<input type=\"hidden\" name=\"referer_title\" value=\"Zaka\u017eite konsultacije za Anti Aging usluge u Ni\u0161u - Aesthetica Ni\u0161\" \/>\n\n\t\t\t\t\t\t\t<input type=\"hidden\" name=\"queried_id\" value=\"527\"\/>\n\t\t\t\n\t\t\t<div class=\"elementor-form-fields-wrapper elementor-labels-\">\n\t\t\t\t\t\t\t\t<div class=\"elementor-field-type-step elementor-field-group elementor-column elementor-field-group-name elementor-col-100\">\n\t\t\t\t\t\t\t<div class=\"e-field-step elementor-hidden\" data-label=\"Odaberite tretman\" data-previousButton=\"\" data-nextButton=\"\" data-iconUrl=\"\" data-iconLibrary=\"fas fa-star\" data-icon=\"\" ><\/div>\n\n\t\t\t\t\t\t<\/div>\n\t\t\t\t\t\t\t\t<div class=\"elementor-field-type-checkbox elementor-field-group elementor-column elementor-field-group-field_10a93f4 elementor-col-100\">\n\t\t\t\t\t<div class=\"elementor-field-subgroup  \"><span class=\"elementor-field-option\"><input type=\"checkbox\" value=\"Uklanjanje masnih naslaga - Lipoliza\" id=\"form-field-field_10a93f4-0\" name=\"form_fields[field_10a93f4][]\"> <label for=\"form-field-field_10a93f4-0\">Uklanjanje masnih naslaga - Lipoliza<\/label><\/span><span class=\"elementor-field-option\"><input type=\"checkbox\" value=\"Uklanjanje masnih naslaga - MCM\" id=\"form-field-field_10a93f4-1\" name=\"form_fields[field_10a93f4][]\"> <label for=\"form-field-field_10a93f4-1\">Uklanjanje masnih naslaga - MCM<\/label><\/span><span class=\"elementor-field-option\"><input type=\"checkbox\" value=\"Ukalnjanje celulita\" id=\"form-field-field_10a93f4-2\" name=\"form_fields[field_10a93f4][]\"> <label for=\"form-field-field_10a93f4-2\">Ukalnjanje celulita<\/label><\/span><span class=\"elementor-field-option\"><input type=\"checkbox\" value=\"Oblikovanje i zatezanje ko\u017ee\" id=\"form-field-field_10a93f4-3\" name=\"form_fields[field_10a93f4][]\"> <label for=\"form-field-field_10a93f4-3\">Oblikovanje i zatezanje ko\u017ee<\/label><\/span><span class=\"elementor-field-option\"><input type=\"checkbox\" value=\"Podmla\u0111ivanje \u0161aka i uklanjanje fleka\" id=\"form-field-field_10a93f4-4\" name=\"form_fields[field_10a93f4][]\"> <label for=\"form-field-field_10a93f4-4\">Podmla\u0111ivanje \u0161aka i uklanjanje fleka<\/label><\/span><span class=\"elementor-field-option\"><input type=\"checkbox\" value=\"Lifting lica\" id=\"form-field-field_10a93f4-5\" name=\"form_fields[field_10a93f4][]\"> <label for=\"form-field-field_10a93f4-5\">Lifting lica<\/label><\/span><span class=\"elementor-field-option\"><input type=\"checkbox\" value=\"MOdeliranje i nadoknada volumena lica\" id=\"form-field-field_10a93f4-6\" name=\"form_fields[field_10a93f4][]\"> <label for=\"form-field-field_10a93f4-6\">MOdeliranje i nadoknada volumena lica<\/label><\/span><span class=\"elementor-field-option\"><input type=\"checkbox\" value=\"Hidratacija lica\" id=\"form-field-field_10a93f4-7\" name=\"form_fields[field_10a93f4][]\"> <label for=\"form-field-field_10a93f4-7\">Hidratacija lica<\/label><\/span><span class=\"elementor-field-option\"><input type=\"checkbox\" value=\"Izjedna\u010davanje tena lica, o\u017eiljci, fleke i pigmentacija\" id=\"form-field-field_10a93f4-8\" name=\"form_fields[field_10a93f4][]\"> <label for=\"form-field-field_10a93f4-8\">Izjedna\u010davanje tena lica, o\u017eiljci, fleke i pigmentacija<\/label><\/span><span class=\"elementor-field-option\"><input type=\"checkbox\" value=\"Bore\" id=\"form-field-field_10a93f4-9\" name=\"form_fields[field_10a93f4][]\"> <label for=\"form-field-field_10a93f4-9\">Bore<\/label><\/span><span class=\"elementor-field-option\"><input type=\"checkbox\" value=\"POdo\u010dnjaci i o\u010dni kapci\" id=\"form-field-field_10a93f4-10\" name=\"form_fields[field_10a93f4][]\"> <label for=\"form-field-field_10a93f4-10\">POdo\u010dnjaci i o\u010dni kapci<\/label><\/span><span class=\"elementor-field-option\"><input type=\"checkbox\" value=\"Dekolte, vrat i podbradak\" id=\"form-field-field_10a93f4-11\" name=\"form_fields[field_10a93f4][]\"> <label for=\"form-field-field_10a93f4-11\">Dekolte, vrat i podbradak<\/label><\/span><span class=\"elementor-field-option\"><input type=\"checkbox\" value=\"Uve\u0107anje usana\" id=\"form-field-field_10a93f4-12\" name=\"form_fields[field_10a93f4][]\"> <label for=\"form-field-field_10a93f4-12\">Uve\u0107anje usana<\/label><\/span><span class=\"elementor-field-option\"><input type=\"checkbox\" value=\"Jagodice i obrazi\" id=\"form-field-field_10a93f4-13\" name=\"form_fields[field_10a93f4][]\"> <label for=\"form-field-field_10a93f4-13\">Jagodice i obrazi<\/label><\/span><span class=\"elementor-field-option\"><input type=\"checkbox\" value=\"Kosa\" id=\"form-field-field_10a93f4-14\" name=\"form_fields[field_10a93f4][]\"> <label for=\"form-field-field_10a93f4-14\">Kosa<\/label><\/span><span class=\"elementor-field-option\"><input type=\"checkbox\" value=\"\u010celo\" id=\"form-field-field_10a93f4-15\" name=\"form_fields[field_10a93f4][]\"> <label for=\"form-field-field_10a93f4-15\">\u010celo<\/label><\/span><span class=\"elementor-field-option\"><input type=\"checkbox\" value=\"Mezoterapija\" id=\"form-field-field_10a93f4-16\" name=\"form_fields[field_10a93f4][]\"> <label for=\"form-field-field_10a93f4-16\">Mezoterapija<\/label><\/span><span class=\"elementor-field-option\"><input type=\"checkbox\" value=\"Hijaluron fileri\" id=\"form-field-field_10a93f4-17\" name=\"form_fields[field_10a93f4][]\"> <label for=\"form-field-field_10a93f4-17\">Hijaluron fileri<\/label><\/span><span class=\"elementor-field-option\"><input type=\"checkbox\" value=\"PRP - &quot;Vampirski tretman&quot;\" id=\"form-field-field_10a93f4-18\" name=\"form_fields[field_10a93f4][]\"> <label for=\"form-field-field_10a93f4-18\">PRP - \"Vampirski tretman\"<\/label><\/span><span class=\"elementor-field-option\"><input type=\"checkbox\" value=\"Mezoniti\" id=\"form-field-field_10a93f4-19\" name=\"form_fields[field_10a93f4][]\"> <label for=\"form-field-field_10a93f4-19\">Mezoniti<\/label><\/span><span class=\"elementor-field-option\"><input type=\"checkbox\" value=\"BOTOX\" id=\"form-field-field_10a93f4-20\" name=\"form_fields[field_10a93f4][]\"> <label for=\"form-field-field_10a93f4-20\">BOTOX<\/label><\/span><span class=\"elementor-field-option\"><input type=\"checkbox\" value=\"Masa\u017ee\" id=\"form-field-field_10a93f4-21\" name=\"form_fields[field_10a93f4][]\"> <label for=\"form-field-field_10a93f4-21\">Masa\u017ee<\/label><\/span><span class=\"elementor-field-option\"><input type=\"checkbox\" value=\"Nutricionisti\u010dko savetovanje\" id=\"form-field-field_10a93f4-22\" name=\"form_fields[field_10a93f4][]\"> <label for=\"form-field-field_10a93f4-22\">Nutricionisti\u010dko savetovanje<\/label><\/span><\/div>\t\t\t\t<\/div>\n\t\t\t\t\t\t\t\t<div class=\"elementor-field-type-step elementor-field-group elementor-column elementor-field-group-field_1ed802a elementor-col-100\">\n\t\t\t\t\t\t\t<div class=\"e-field-step elementor-hidden\" data-label=\"Va\u0161i podaci\" data-previousButton=\"\" data-nextButton=\"\" data-iconUrl=\"\" data-iconLibrary=\"fas fa-star\" data-icon=\"\" ><\/div>\n\n\t\t\t\t\t\t<\/div>\n\t\t\t\t\t\t\t\t<div class=\"elementor-field-type-text elementor-field-group elementor-column elementor-field-group-field_3655b47 elementor-col-100 elementor-field-required\">\n\t\t\t\t\t\t\t\t\t\t\t\t<label for=\"form-field-field_3655b47\" class=\"elementor-field-label elementor-screen-only\">\n\t\t\t\t\t\t\t\tIme\t\t\t\t\t\t\t<\/label>\n\t\t\t\t\t\t\t\t\t\t\t\t\t\t<input size=\"1\" type=\"text\" name=\"form_fields[field_3655b47]\" id=\"form-field-field_3655b47\" class=\"elementor-field elementor-size-sm  elementor-field-textual\" placeholder=\"Ime\" required=\"required\">\n\t\t\t\t\t\t\t\t\t\t\t<\/div>\n\t\t\t\t\t\t\t\t<div class=\"elementor-field-type-text elementor-field-group elementor-column elementor-field-group-field_797342a elementor-col-100 elementor-field-required\">\n\t\t\t\t\t\t\t\t\t\t\t\t<label for=\"form-field-field_797342a\" class=\"elementor-field-label elementor-screen-only\">\n\t\t\t\t\t\t\t\tPrezime\t\t\t\t\t\t\t<\/label>\n\t\t\t\t\t\t\t\t\t\t\t\t\t\t<input size=\"1\" type=\"text\" name=\"form_fields[field_797342a]\" id=\"form-field-field_797342a\" class=\"elementor-field elementor-size-sm  elementor-field-textual\" placeholder=\"Prezime\" required=\"required\">\n\t\t\t\t\t\t\t\t\t\t\t<\/div>\n\t\t\t\t\t\t\t\t<div class=\"elementor-field-type-email elementor-field-group elementor-column elementor-field-group-field_5738803 elementor-col-100 elementor-field-required\">\n\t\t\t\t\t\t\t\t\t\t\t\t<label for=\"form-field-field_5738803\" class=\"elementor-field-label elementor-screen-only\">\n\t\t\t\t\t\t\t\tEmail\t\t\t\t\t\t\t<\/label>\n\t\t\t\t\t\t\t\t\t\t\t\t\t\t<input size=\"1\" type=\"email\" name=\"form_fields[field_5738803]\" id=\"form-field-field_5738803\" class=\"elementor-field elementor-size-sm  elementor-field-textual\" placeholder=\"Email\" required=\"required\">\n\t\t\t\t\t\t\t\t\t\t\t<\/div>\n\t\t\t\t\t\t\t\t<div class=\"elementor-field-type-text elementor-field-group elementor-column elementor-field-group-field_2e0edc0 elementor-col-100 elementor-field-required\">\n\t\t\t\t\t\t\t\t\t\t\t\t<label for=\"form-field-field_2e0edc0\" class=\"elementor-field-label elementor-screen-only\">\n\t\t\t\t\t\t\t\tTelefon\t\t\t\t\t\t\t<\/label>\n\t\t\t\t\t\t\t\t\t\t\t\t\t\t<input size=\"1\" type=\"text\" name=\"form_fields[field_2e0edc0]\" id=\"form-field-field_2e0edc0\" class=\"elementor-field elementor-size-sm  elementor-field-textual\" placeholder=\"Telefon\" required=\"required\">\n\t\t\t\t\t\t\t\t\t\t\t<\/div>\n\t\t\t\t\t\t\t\t<div class=\"elementor-field-type-textarea elementor-field-group elementor-column elementor-field-group-field_8f7f4be elementor-col-100 elementor-field-required\">\n\t\t\t\t\t\t\t\t\t\t\t\t<label for=\"form-field-field_8f7f4be\" class=\"elementor-field-label elementor-screen-only\">\n\t\t\t\t\t\t\t\tPostavite nam pitanje\t\t\t\t\t\t\t<\/label>\n\t\t\t\t\t\t<textarea class=\"elementor-field-textual elementor-field  elementor-size-sm\" name=\"form_fields[field_8f7f4be]\" id=\"form-field-field_8f7f4be\" rows=\"4\" placeholder=\"Postavite nam pitanje\" required=\"required\"><\/textarea>\t\t\t\t<\/div>\n\t\t\t\t\t\t\t\t<div class=\"elementor-field-group elementor-column elementor-field-type-submit elementor-col-100 e-form__buttons\">\n\t\t\t\t\t<button class=\"elementor-button elementor-size-sm\" type=\"submit\">\n\t\t\t\t\t\t<span class=\"elementor-button-content-wrapper\">\n\t\t\t\t\t\t\t\t\t\t\t\t\t\t\t\t\t\t\t\t\t\t<span class=\"elementor-button-text\">Po\u0161alji i zaka\u017ei<\/span>\n\t\t\t\t\t\t\t\t\t\t\t\t\t<\/span>\n\t\t\t\t\t<\/button>\n\t\t\t\t<\/div>\n\t\t\t<\/div>\n\t\t<\/form>\n\t\t\t\t\t\t<\/div>\n\t\t\t\t<\/div>\n\t\t\t\t\t<\/div>\n\t\t<\/div>\n\t\t\t\t<div class=\"elementor-column elementor-col-33 elementor-top-column elementor-element elementor-element-e219367\" data-id=\"e219367\" data-element_type=\"column\" data-e-type=\"column\" data-settings=\"{&quot;background_background&quot;:&quot;classic&quot;}\">\n\t\t\t<div class=\"elementor-widget-wrap elementor-element-populated\">\n\t\t\t\t\t\t<div class=\"elementor-element elementor-element-1328fe4 elementor-widget elementor-widget-heading\" data-id=\"1328fe4\" data-element_type=\"widget\" data-e-type=\"widget\" data-widget_type=\"heading.default\">\n\t\t\t\t<div class=\"elementor-widget-container\">\n\t\t\t\t\t<h3 class=\"elementor-heading-title elementor-size-default\">1. korak<\/h3>\t\t\t\t<\/div>\n\t\t\t\t<\/div>\n\t\t\t\t<div class=\"elementor-element elementor-element-2c48a43 elementor-widget elementor-widget-image\" data-id=\"2c48a43\" data-element_type=\"widget\" data-e-type=\"widget\" data-widget_type=\"image.default\">\n\t\t\t\t<div class=\"elementor-widget-container\">\n\t\t\t\t\t\t\t\t\t\t\t\t\t\t\t<img decoding=\"async\" width=\"84\" height=\"95\" src=\"https:\/\/www.aesthetica.rs\/wp-content\/uploads\/2023\/03\/step-1.png\" class=\"attachment-large size-large wp-image-529\" alt=\"\" \/>\t\t\t\t\t\t\t\t\t\t\t\t\t\t\t<\/div>\n\t\t\t\t<\/div>\n\t\t\t\t<div class=\"elementor-element elementor-element-ad7d3b4 elementor-widget elementor-widget-heading\" data-id=\"ad7d3b4\" data-element_type=\"widget\" data-e-type=\"widget\" data-widget_type=\"heading.default\">\n\t\t\t\t<div class=\"elementor-widget-container\">\n\t\t\t\t\t<h3 class=\"elementor-heading-title elementor-size-default\">2. korak<\/h3>\t\t\t\t<\/div>\n\t\t\t\t<\/div>\n\t\t\t\t<div class=\"elementor-element elementor-element-91e0197 elementor-widget elementor-widget-image\" data-id=\"91e0197\" data-element_type=\"widget\" data-e-type=\"widget\" data-widget_type=\"image.default\">\n\t\t\t\t<div class=\"elementor-widget-container\">\n\t\t\t\t\t\t\t\t\t\t\t\t\t\t\t<img decoding=\"async\" width=\"99\" height=\"99\" src=\"https:\/\/www.aesthetica.rs\/wp-content\/uploads\/2023\/03\/step-2.png\" class=\"attachment-large size-large wp-image-530\" alt=\"\" \/>\t\t\t\t\t\t\t\t\t\t\t\t\t\t\t<\/div>\n\t\t\t\t<\/div>\n\t\t\t\t<div class=\"elementor-element elementor-element-c02d153 elementor-widget elementor-widget-heading\" data-id=\"c02d153\" data-element_type=\"widget\" data-e-type=\"widget\" data-widget_type=\"heading.default\">\n\t\t\t\t<div class=\"elementor-widget-container\">\n\t\t\t\t\t<h3 class=\"elementor-heading-title elementor-size-default\">3. korak<\/h3>\t\t\t\t<\/div>\n\t\t\t\t<\/div>\n\t\t\t\t<div class=\"elementor-element elementor-element-3c5fe9c elementor-widget elementor-widget-image\" data-id=\"3c5fe9c\" data-element_type=\"widget\" data-e-type=\"widget\" data-widget_type=\"image.default\">\n\t\t\t\t<div class=\"elementor-widget-container\">\n\t\t\t\t\t\t\t\t\t\t\t\t\t\t\t<img decoding=\"async\" width=\"84\" height=\"106\" src=\"https:\/\/www.aesthetica.rs\/wp-content\/uploads\/2023\/03\/step-3.png\" class=\"attachment-large size-large wp-image-531\" alt=\"\" \/>\t\t\t\t\t\t\t\t\t\t\t\t\t\t\t<\/div>\n\t\t\t\t<\/div>\n\t\t\t\t\t<\/div>\n\t\t<\/div>\n\t\t\t\t\t<\/div>\n\t\t<\/section>\n\t\t\t\t<\/div>\n\t\t","protected":false},"excerpt":{"rendered":"<p>Hvala \u0161to ste zainteresovani za na\u0161e usluge. Zaka\u017eite besplatne konsultacije. Popunite formu ispod i mi \u0107emo Vas kontaktirati u najkra\u0107em mogu\u0107em roku. *Sva polja su obavezna. Tretmane Longa Vita Aesthetica centra mogu raditi osobe starije od 18 godina. 1. korak 2. korak 3. korak<\/p>","protected":false},"author":1,"featured_media":0,"parent":0,"menu_order":0,"comment_status":"closed","ping_status":"closed","template":"","meta":{"footnotes":""},"class_list":["post-527","page","type-page","status-publish","hentry"],"yoast_head":"<!-- This site is optimized with the Yoast SEO plugin v27.4 - https:\/\/yoast.com\/product\/yoast-seo-wordpress\/ -->\n<title>Zaka\u017eite konsultacije za Anti Aging usluge u Ni\u0161u - Aesthetica Ni\u0161<\/title>\n<meta name=\"description\" content=\"Zaka\u017eite besplatne konsultacije iz oblasti estetske medicine - popunite formu ispod i mi \u0107emo Vas kontaktirati u najkra\u0107em mogu\u0107em roku.\" \/>\n<meta name=\"robots\" content=\"index, follow, max-snippet:-1, max-image-preview:large, max-video-preview:-1\" \/>\n<link rel=\"canonical\" href=\"https:\/\/www.aesthetica.rs\/en\/schedule-a-free-consultation\/\" \/>\n<meta property=\"og:locale\" content=\"en_US\" \/>\n<meta property=\"og:type\" content=\"article\" \/>\n<meta property=\"og:title\" content=\"Zaka\u017eite konsultacije za Anti Aging usluge u Ni\u0161u - Aesthetica Ni\u0161\" \/>\n<meta property=\"og:description\" content=\"Zaka\u017eite besplatne konsultacije iz oblasti estetske medicine - popunite formu ispod i mi \u0107emo Vas kontaktirati u najkra\u0107em mogu\u0107em roku.\" \/>\n<meta property=\"og:url\" content=\"https:\/\/www.aesthetica.rs\/en\/schedule-a-free-consultation\/\" \/>\n<meta property=\"og:site_name\" content=\"Aesthetica LongaVita - Anti Aging Centar za estetsku medicinu u Ni\u0161u\" \/>\n<meta property=\"article:modified_time\" content=\"2025-08-30T10:36:08+00:00\" \/>\n<meta property=\"og:image\" content=\"https:\/\/www.aesthetica.rs\/wp-content\/uploads\/2023\/03\/step-1.png\" \/>\n\t<meta property=\"og:image:width\" content=\"84\" \/>\n\t<meta property=\"og:image:height\" content=\"95\" \/>\n\t<meta property=\"og:image:type\" content=\"image\/png\" \/>\n<meta name=\"twitter:card\" content=\"summary_large_image\" \/>\n<meta name=\"twitter:label1\" content=\"Est. reading time\" \/>\n\t<meta name=\"twitter:data1\" content=\"2 minutes\" \/>\n<script type=\"application\/ld+json\" class=\"yoast-schema-graph\">{\"@context\":\"https:\\\/\\\/schema.org\",\"@graph\":[{\"@type\":\"WebPage\",\"@id\":\"https:\\\/\\\/www.aesthetica.rs\\\/zakazite-konsultacije\\\/\",\"url\":\"https:\\\/\\\/www.aesthetica.rs\\\/zakazite-konsultacije\\\/\",\"name\":\"Zaka\u017eite konsultacije za Anti Aging usluge u Ni\u0161u - Aesthetica Ni\u0161\",\"isPartOf\":{\"@id\":\"https:\\\/\\\/www.aesthetica.rs\\\/#website\"},\"primaryImageOfPage\":{\"@id\":\"https:\\\/\\\/www.aesthetica.rs\\\/zakazite-konsultacije\\\/#primaryimage\"},\"image\":{\"@id\":\"https:\\\/\\\/www.aesthetica.rs\\\/zakazite-konsultacije\\\/#primaryimage\"},\"thumbnailUrl\":\"https:\\\/\\\/www.aesthetica.rs\\\/wp-content\\\/uploads\\\/2023\\\/03\\\/step-1.png\",\"datePublished\":\"2023-03-07T07:36:59+00:00\",\"dateModified\":\"2025-08-30T10:36:08+00:00\",\"description\":\"Zaka\u017eite besplatne konsultacije iz oblasti estetske medicine - popunite formu ispod i mi \u0107emo Vas kontaktirati u najkra\u0107em mogu\u0107em roku.\",\"breadcrumb\":{\"@id\":\"https:\\\/\\\/www.aesthetica.rs\\\/zakazite-konsultacije\\\/#breadcrumb\"},\"inLanguage\":\"en-US\",\"potentialAction\":[{\"@type\":\"ReadAction\",\"target\":[\"https:\\\/\\\/www.aesthetica.rs\\\/zakazite-konsultacije\\\/\"]}]},{\"@type\":\"ImageObject\",\"inLanguage\":\"en-US\",\"@id\":\"https:\\\/\\\/www.aesthetica.rs\\\/zakazite-konsultacije\\\/#primaryimage\",\"url\":\"https:\\\/\\\/www.aesthetica.rs\\\/wp-content\\\/uploads\\\/2023\\\/03\\\/step-1.png\",\"contentUrl\":\"https:\\\/\\\/www.aesthetica.rs\\\/wp-content\\\/uploads\\\/2023\\\/03\\\/step-1.png\"},{\"@type\":\"BreadcrumbList\",\"@id\":\"https:\\\/\\\/www.aesthetica.rs\\\/zakazite-konsultacije\\\/#breadcrumb\",\"itemListElement\":[{\"@type\":\"ListItem\",\"position\":1,\"name\":\"\u041f\u043e\u0447\u0435\u0442\u043d\u0430\",\"item\":\"https:\\\/\\\/www.aesthetica.rs\\\/\"},{\"@type\":\"ListItem\",\"position\":2,\"name\":\"Zaka\u017eite konsultacije\"}]},{\"@type\":\"WebSite\",\"@id\":\"https:\\\/\\\/www.aesthetica.rs\\\/#website\",\"url\":\"https:\\\/\\\/www.aesthetica.rs\\\/\",\"name\":\"Anti Aging Centar: estetska medicinu u Ni\u0161u - Aesthetica LongaVita\",\"description\":\"\",\"potentialAction\":[{\"@type\":\"SearchAction\",\"target\":{\"@type\":\"EntryPoint\",\"urlTemplate\":\"https:\\\/\\\/www.aesthetica.rs\\\/?s={search_term_string}\"},\"query-input\":{\"@type\":\"PropertyValueSpecification\",\"valueRequired\":true,\"valueName\":\"search_term_string\"}}],\"inLanguage\":\"en-US\"}]}<\/script>\n<!-- \/ Yoast SEO plugin. -->","yoast_head_json":{"title":"Schedule a free consultation - Aesthetica Ni\u0161","description":"Fill out the form below and we will contact you as soon as possible.","robots":{"index":"index","follow":"follow","max-snippet":"max-snippet:-1","max-image-preview":"max-image-preview:large","max-video-preview":"max-video-preview:-1"},"canonical":"https:\/\/www.aesthetica.rs\/en\/schedule-a-free-consultation\/","og_locale":"en_US","og_type":"article","og_title":"Zaka\u017eite konsultacije za Anti Aging usluge u Ni\u0161u - Aesthetica Ni\u0161","og_description":"Zaka\u017eite besplatne konsultacije iz oblasti estetske medicine - popunite formu ispod i mi \u0107emo Vas kontaktirati u najkra\u0107em mogu\u0107em roku.","og_url":"https:\/\/www.aesthetica.rs\/en\/schedule-a-free-consultation\/","og_site_name":"Aesthetica LongaVita - Anti Aging Centar za estetsku medicinu u Ni\u0161u","article_modified_time":"2025-08-30T10:36:08+00:00","og_image":[{"width":84,"height":95,"url":"https:\/\/www.aesthetica.rs\/wp-content\/uploads\/2023\/03\/step-1.png","type":"image\/png"}],"twitter_card":"summary_large_image","twitter_misc":{"Est. reading time":"2 minutes"},"schema":{"@context":"https:\/\/schema.org","@graph":[{"@type":"WebPage","@id":"https:\/\/www.aesthetica.rs\/zakazite-konsultacije\/","url":"https:\/\/www.aesthetica.rs\/zakazite-konsultacije\/","name":"Schedule a free consultation - Aesthetica Ni\u0161","isPartOf":{"@id":"https:\/\/www.aesthetica.rs\/#website"},"primaryImageOfPage":{"@id":"https:\/\/www.aesthetica.rs\/zakazite-konsultacije\/#primaryimage"},"image":{"@id":"https:\/\/www.aesthetica.rs\/zakazite-konsultacije\/#primaryimage"},"thumbnailUrl":"https:\/\/www.aesthetica.rs\/wp-content\/uploads\/2023\/03\/step-1.png","datePublished":"2023-03-07T07:36:59+00:00","dateModified":"2025-08-30T10:36:08+00:00","description":"Fill out the form below and we will contact you as soon as possible.","breadcrumb":{"@id":"https:\/\/www.aesthetica.rs\/zakazite-konsultacije\/#breadcrumb"},"inLanguage":"en-US","potentialAction":[{"@type":"ReadAction","target":["https:\/\/www.aesthetica.rs\/zakazite-konsultacije\/"]}]},{"@type":"ImageObject","inLanguage":"en-US","@id":"https:\/\/www.aesthetica.rs\/zakazite-konsultacije\/#primaryimage","url":"https:\/\/www.aesthetica.rs\/wp-content\/uploads\/2023\/03\/step-1.png","contentUrl":"https:\/\/www.aesthetica.rs\/wp-content\/uploads\/2023\/03\/step-1.png"},{"@type":"BreadcrumbList","@id":"https:\/\/www.aesthetica.rs\/zakazite-konsultacije\/#breadcrumb","itemListElement":[{"@type":"ListItem","position":1,"name":"\u041f\u043e\u0447\u0435\u0442\u043d\u0430","item":"https:\/\/www.aesthetica.rs\/"},{"@type":"ListItem","position":2,"name":"Zaka\u017eite konsultacije"}]},{"@type":"WebSite","@id":"https:\/\/www.aesthetica.rs\/#website","url":"https:\/\/www.aesthetica.rs\/","name":"Anti Aging Centar: estetska medicinu u Ni\u0161u - Aesthetica LongaVita","description":"","potentialAction":[{"@type":"SearchAction","target":{"@type":"EntryPoint","urlTemplate":"https:\/\/www.aesthetica.rs\/?s={search_term_string}"},"query-input":{"@type":"PropertyValueSpecification","valueRequired":true,"valueName":"search_term_string"}}],"inLanguage":"en-US"}]}},"_links":{"self":[{"href":"https:\/\/www.aesthetica.rs\/en\/wp-json\/wp\/v2\/pages\/527","targetHints":{"allow":["GET"]}}],"collection":[{"href":"https:\/\/www.aesthetica.rs\/en\/wp-json\/wp\/v2\/pages"}],"about":[{"href":"https:\/\/www.aesthetica.rs\/en\/wp-json\/wp\/v2\/types\/page"}],"author":[{"embeddable":true,"href":"https:\/\/www.aesthetica.rs\/en\/wp-json\/wp\/v2\/users\/1"}],"replies":[{"embeddable":true,"href":"https:\/\/www.aesthetica.rs\/en\/wp-json\/wp\/v2\/comments?post=527"}],"version-history":[{"count":20,"href":"https:\/\/www.aesthetica.rs\/en\/wp-json\/wp\/v2\/pages\/527\/revisions"}],"predecessor-version":[{"id":5834,"href":"https:\/\/www.aesthetica.rs\/en\/wp-json\/wp\/v2\/pages\/527\/revisions\/5834"}],"wp:attachment":[{"href":"https:\/\/www.aesthetica.rs\/en\/wp-json\/wp\/v2\/media?parent=527"}],"curies":[{"name":"wp","href":"https:\/\/api.w.org\/{rel}","templated":true}]}}