{"id":988,"date":"2023-03-09T15:12:40","date_gmt":"2023-03-09T14:12:40","guid":{"rendered":"https:\/\/aesthetica.joomswers.com\/?page_id=988"},"modified":"2023-05-10T14:37:34","modified_gmt":"2023-05-10T12:37:34","slug":"5-prp-vampirski-tretman","status":"publish","type":"page","link":"https:\/\/www.aesthetica.rs\/en\/gallery\/5-prp-vampirski-tretman\/","title":{"rendered":"PRP Vampire facial"},"content":{"rendered":"<div data-elementor-type=\"wp-page\" data-elementor-id=\"988\" class=\"elementor elementor-988\" data-elementor-post-type=\"page\">\n\t\t\t\t\t\t<section class=\"elementor-section elementor-top-section elementor-element elementor-element-4db867e elementor-section-boxed elementor-section-height-default elementor-section-height-default\" data-id=\"4db867e\" data-element_type=\"section\" data-e-type=\"section\">\n\t\t\t\t\t\t<div class=\"elementor-container elementor-column-gap-default\">\n\t\t\t\t\t<div class=\"elementor-column elementor-col-100 elementor-top-column elementor-element elementor-element-1fbe8ea\" data-id=\"1fbe8ea\" data-element_type=\"column\" data-e-type=\"column\">\n\t\t\t<div class=\"elementor-widget-wrap elementor-element-populated\">\n\t\t\t\t\t\t<div class=\"elementor-element elementor-element-2f02ff7 elementor-widget elementor-widget-heading\" data-id=\"2f02ff7\" data-element_type=\"widget\" data-e-type=\"widget\" data-widget_type=\"heading.default\">\n\t\t\t\t<div class=\"elementor-widget-container\">\n\t\t\t\t\t<h2 class=\"elementor-heading-title elementor-size-default\"><a href=\"https:\/\/www.aesthetica.rs\/en\/gallery\/\">Back to the gallery<\/a><\/h2>\t\t\t\t<\/div>\n\t\t\t\t<\/div>\n\t\t\t\t<div class=\"elementor-element elementor-element-c8292b1 elementor-widget elementor-widget-gallery\" data-id=\"c8292b1\" data-element_type=\"widget\" data-e-type=\"widget\" data-settings=\"{&quot;columns&quot;:3,&quot;gap&quot;:{&quot;unit&quot;:&quot;px&quot;,&quot;size&quot;:20,&quot;sizes&quot;:[]},&quot;lazyload&quot;:&quot;yes&quot;,&quot;gallery_layout&quot;:&quot;grid&quot;,&quot;columns_tablet&quot;:2,&quot;columns_mobile&quot;:1,&quot;gap_tablet&quot;:{&quot;unit&quot;:&quot;px&quot;,&quot;size&quot;:10,&quot;sizes&quot;:[]},&quot;gap_mobile&quot;:{&quot;unit&quot;:&quot;px&quot;,&quot;size&quot;:10,&quot;sizes&quot;:[]},&quot;link_to&quot;:&quot;file&quot;,&quot;aspect_ratio&quot;:&quot;3:2&quot;,&quot;overlay_background&quot;:&quot;yes&quot;,&quot;content_hover_animation&quot;:&quot;fade-in&quot;}\" data-widget_type=\"gallery.default\">\n\t\t\t\t<div class=\"elementor-widget-container\">\n\t\t\t\t\t\t\t<div class=\"elementor-gallery__container\">\n\t\t\t\t\t\t\t<a class=\"e-gallery-item elementor-gallery-item elementor-animated-content\" href=\"https:\/\/www.aesthetica.rs\/wp-content\/uploads\/2023\/03\/prp-vampirski-treman-01.jpg\" data-elementor-open-lightbox=\"yes\" data-elementor-lightbox-slideshow=\"c8292b1\" data-elementor-lightbox-title=\"prp vampirski treman 01\" data-e-action-hash=\"#elementor-action%3Aaction%3Dlightbox%26settings%3DeyJpZCI6OTkwLCJ1cmwiOiJodHRwczpcL1wvd3d3LmFlc3RoZXRpY2EucnNcL3dwLWNvbnRlbnRcL3VwbG9hZHNcLzIwMjNcLzAzXC9wcnAtdmFtcGlyc2tpLXRyZW1hbi0wMS5qcGciLCJzbGlkZXNob3ciOiJjODI5MmIxIn0%3D\">\n\t\t\t\t\t<div class=\"e-gallery-image elementor-gallery-item__image\" data-thumbnail=\"https:\/\/www.aesthetica.rs\/wp-content\/uploads\/2023\/03\/prp-vampirski-treman-01-768x432.jpg\" data-width=\"768\" data-height=\"432\" aria-label=\"\" role=\"img\" ><\/div>\n\t\t\t\t\t\t\t\t\t\t\t<div class=\"elementor-gallery-item__overlay\"><\/div>\n\t\t\t\t\t\t\t\t\t\t\t\t\t\t<\/a>\n\t\t\t\t\t\t\t<a class=\"e-gallery-item elementor-gallery-item elementor-animated-content\" href=\"https:\/\/www.aesthetica.rs\/wp-content\/uploads\/2023\/03\/prp-vampirski-treman-02.jpg\" data-elementor-open-lightbox=\"yes\" data-elementor-lightbox-slideshow=\"c8292b1\" data-elementor-lightbox-title=\"prp vampirski treman 02\" data-e-action-hash=\"#elementor-action%3Aaction%3Dlightbox%26settings%3DeyJpZCI6OTkxLCJ1cmwiOiJodHRwczpcL1wvd3d3LmFlc3RoZXRpY2EucnNcL3dwLWNvbnRlbnRcL3VwbG9hZHNcLzIwMjNcLzAzXC9wcnAtdmFtcGlyc2tpLXRyZW1hbi0wMi5qcGciLCJzbGlkZXNob3ciOiJjODI5MmIxIn0%3D\">\n\t\t\t\t\t<div class=\"e-gallery-image elementor-gallery-item__image\" data-thumbnail=\"https:\/\/www.aesthetica.rs\/wp-content\/uploads\/2023\/03\/prp-vampirski-treman-02-768x432.jpg\" data-width=\"768\" data-height=\"432\" aria-label=\"\" role=\"img\" ><\/div>\n\t\t\t\t\t\t\t\t\t\t\t<div class=\"elementor-gallery-item__overlay\"><\/div>\n\t\t\t\t\t\t\t\t\t\t\t\t\t\t<\/a>\n\t\t\t\t\t\t\t<a class=\"e-gallery-item elementor-gallery-item elementor-animated-content\" href=\"https:\/\/www.aesthetica.rs\/wp-content\/uploads\/2023\/03\/prp-vampirski-treman-03.jpg\" data-elementor-open-lightbox=\"yes\" data-elementor-lightbox-slideshow=\"c8292b1\" data-elementor-lightbox-title=\"prp vampirski treman 03\" data-e-action-hash=\"#elementor-action%3Aaction%3Dlightbox%26settings%3DeyJpZCI6OTkyLCJ1cmwiOiJodHRwczpcL1wvd3d3LmFlc3RoZXRpY2EucnNcL3dwLWNvbnRlbnRcL3VwbG9hZHNcLzIwMjNcLzAzXC9wcnAtdmFtcGlyc2tpLXRyZW1hbi0wMy5qcGciLCJzbGlkZXNob3ciOiJjODI5MmIxIn0%3D\">\n\t\t\t\t\t<div class=\"e-gallery-image elementor-gallery-item__image\" data-thumbnail=\"https:\/\/www.aesthetica.rs\/wp-content\/uploads\/2023\/03\/prp-vampirski-treman-03-768x432.jpg\" data-width=\"768\" data-height=\"432\" aria-label=\"\" role=\"img\" ><\/div>\n\t\t\t\t\t\t\t\t\t\t\t<div class=\"elementor-gallery-item__overlay\"><\/div>\n\t\t\t\t\t\t\t\t\t\t\t\t\t\t<\/a>\n\t\t\t\t\t\t\t<a class=\"e-gallery-item elementor-gallery-item elementor-animated-content\" href=\"https:\/\/www.aesthetica.rs\/wp-content\/uploads\/2023\/03\/prp-vampirski-treman-04.jpg\" data-elementor-open-lightbox=\"yes\" data-elementor-lightbox-slideshow=\"c8292b1\" data-elementor-lightbox-title=\"prp vampirski treman 04\" data-e-action-hash=\"#elementor-action%3Aaction%3Dlightbox%26settings%3DeyJpZCI6OTk0LCJ1cmwiOiJodHRwczpcL1wvd3d3LmFlc3RoZXRpY2EucnNcL3dwLWNvbnRlbnRcL3VwbG9hZHNcLzIwMjNcLzAzXC9wcnAtdmFtcGlyc2tpLXRyZW1hbi0wNC5qcGciLCJzbGlkZXNob3ciOiJjODI5MmIxIn0%3D\">\n\t\t\t\t\t<div class=\"e-gallery-image elementor-gallery-item__image\" data-thumbnail=\"https:\/\/www.aesthetica.rs\/wp-content\/uploads\/2023\/03\/prp-vampirski-treman-04-768x432.jpg\" data-width=\"768\" data-height=\"432\" aria-label=\"\" role=\"img\" ><\/div>\n\t\t\t\t\t\t\t\t\t\t\t<div class=\"elementor-gallery-item__overlay\"><\/div>\n\t\t\t\t\t\t\t\t\t\t\t\t\t\t<\/a>\n\t\t\t\t\t\t\t<a class=\"e-gallery-item elementor-gallery-item elementor-animated-content\" href=\"https:\/\/www.aesthetica.rs\/wp-content\/uploads\/2023\/03\/prp-vampirski-treman-05.jpg\" data-elementor-open-lightbox=\"yes\" data-elementor-lightbox-slideshow=\"c8292b1\" data-elementor-lightbox-title=\"prp vampirski treman 05\" data-e-action-hash=\"#elementor-action%3Aaction%3Dlightbox%26settings%3DeyJpZCI6OTk1LCJ1cmwiOiJodHRwczpcL1wvd3d3LmFlc3RoZXRpY2EucnNcL3dwLWNvbnRlbnRcL3VwbG9hZHNcLzIwMjNcLzAzXC9wcnAtdmFtcGlyc2tpLXRyZW1hbi0wNS5qcGciLCJzbGlkZXNob3ciOiJjODI5MmIxIn0%3D\">\n\t\t\t\t\t<div class=\"e-gallery-image elementor-gallery-item__image\" data-thumbnail=\"https:\/\/www.aesthetica.rs\/wp-content\/uploads\/2023\/03\/prp-vampirski-treman-05-768x432.jpg\" data-width=\"768\" data-height=\"432\" aria-label=\"\" role=\"img\" ><\/div>\n\t\t\t\t\t\t\t\t\t\t\t<div class=\"elementor-gallery-item__overlay\"><\/div>\n\t\t\t\t\t\t\t\t\t\t\t\t\t\t<\/a>\n\t\t\t\t\t\t\t<a class=\"e-gallery-item elementor-gallery-item elementor-animated-content\" href=\"https:\/\/www.aesthetica.rs\/wp-content\/uploads\/2023\/03\/prp-vampirski-treman-06.jpg\" data-elementor-open-lightbox=\"yes\" data-elementor-lightbox-slideshow=\"c8292b1\" data-elementor-lightbox-title=\"prp vampirski treman 06\" data-e-action-hash=\"#elementor-action%3Aaction%3Dlightbox%26settings%3DeyJpZCI6OTk2LCJ1cmwiOiJodHRwczpcL1wvd3d3LmFlc3RoZXRpY2EucnNcL3dwLWNvbnRlbnRcL3VwbG9hZHNcLzIwMjNcLzAzXC9wcnAtdmFtcGlyc2tpLXRyZW1hbi0wNi5qcGciLCJzbGlkZXNob3ciOiJjODI5MmIxIn0%3D\">\n\t\t\t\t\t<div class=\"e-gallery-image elementor-gallery-item__image\" data-thumbnail=\"https:\/\/www.aesthetica.rs\/wp-content\/uploads\/2023\/03\/prp-vampirski-treman-06-768x432.jpg\" data-width=\"768\" data-height=\"432\" aria-label=\"\" role=\"img\" ><\/div>\n\t\t\t\t\t\t\t\t\t\t\t<div class=\"elementor-gallery-item__overlay\"><\/div>\n\t\t\t\t\t\t\t\t\t\t\t\t\t\t<\/a>\n\t\t\t\t\t\t\t<a class=\"e-gallery-item elementor-gallery-item elementor-animated-content\" href=\"https:\/\/www.aesthetica.rs\/wp-content\/uploads\/2023\/03\/prp-vampirski-treman-07.jpg\" data-elementor-open-lightbox=\"yes\" data-elementor-lightbox-slideshow=\"c8292b1\" data-elementor-lightbox-title=\"prp vampirski treman 07\" data-e-action-hash=\"#elementor-action%3Aaction%3Dlightbox%26settings%3DeyJpZCI6OTk3LCJ1cmwiOiJodHRwczpcL1wvd3d3LmFlc3RoZXRpY2EucnNcL3dwLWNvbnRlbnRcL3VwbG9hZHNcLzIwMjNcLzAzXC9wcnAtdmFtcGlyc2tpLXRyZW1hbi0wNy5qcGciLCJzbGlkZXNob3ciOiJjODI5MmIxIn0%3D\">\n\t\t\t\t\t<div class=\"e-gallery-image elementor-gallery-item__image\" data-thumbnail=\"https:\/\/www.aesthetica.rs\/wp-content\/uploads\/2023\/03\/prp-vampirski-treman-07-768x432.jpg\" data-width=\"768\" data-height=\"432\" aria-label=\"\" role=\"img\" ><\/div>\n\t\t\t\t\t\t\t\t\t\t\t<div class=\"elementor-gallery-item__overlay\"><\/div>\n\t\t\t\t\t\t\t\t\t\t\t\t\t\t<\/a>\n\t\t\t\t\t\t\t<a class=\"e-gallery-item elementor-gallery-item elementor-animated-content\" href=\"https:\/\/www.aesthetica.rs\/wp-content\/uploads\/2023\/03\/prp-vampirski-treman-08.jpg\" data-elementor-open-lightbox=\"yes\" data-elementor-lightbox-slideshow=\"c8292b1\" data-elementor-lightbox-title=\"prp vampirski treman 08\" data-e-action-hash=\"#elementor-action%3Aaction%3Dlightbox%26settings%3DeyJpZCI6OTk4LCJ1cmwiOiJodHRwczpcL1wvd3d3LmFlc3RoZXRpY2EucnNcL3dwLWNvbnRlbnRcL3VwbG9hZHNcLzIwMjNcLzAzXC9wcnAtdmFtcGlyc2tpLXRyZW1hbi0wOC5qcGciLCJzbGlkZXNob3ciOiJjODI5MmIxIn0%3D\">\n\t\t\t\t\t<div class=\"e-gallery-image elementor-gallery-item__image\" data-thumbnail=\"https:\/\/www.aesthetica.rs\/wp-content\/uploads\/2023\/03\/prp-vampirski-treman-08-768x432.jpg\" data-width=\"768\" data-height=\"432\" aria-label=\"\" role=\"img\" ><\/div>\n\t\t\t\t\t\t\t\t\t\t\t<div class=\"elementor-gallery-item__overlay\"><\/div>\n\t\t\t\t\t\t\t\t\t\t\t\t\t\t<\/a>\n\t\t\t\t\t\t\t<a class=\"e-gallery-item elementor-gallery-item elementor-animated-content\" href=\"https:\/\/www.aesthetica.rs\/wp-content\/uploads\/2023\/03\/prp-vampirski-treman-09.jpg\" data-elementor-open-lightbox=\"yes\" data-elementor-lightbox-slideshow=\"c8292b1\" data-elementor-lightbox-title=\"prp vampirski treman 09\" data-e-action-hash=\"#elementor-action%3Aaction%3Dlightbox%26settings%3DeyJpZCI6OTk5LCJ1cmwiOiJodHRwczpcL1wvd3d3LmFlc3RoZXRpY2EucnNcL3dwLWNvbnRlbnRcL3VwbG9hZHNcLzIwMjNcLzAzXC9wcnAtdmFtcGlyc2tpLXRyZW1hbi0wOS5qcGciLCJzbGlkZXNob3ciOiJjODI5MmIxIn0%3D\">\n\t\t\t\t\t<div class=\"e-gallery-image elementor-gallery-item__image\" data-thumbnail=\"https:\/\/www.aesthetica.rs\/wp-content\/uploads\/2023\/03\/prp-vampirski-treman-09-768x512.jpg\" data-width=\"768\" data-height=\"512\" aria-label=\"\" role=\"img\" ><\/div>\n\t\t\t\t\t\t\t\t\t\t\t<div class=\"elementor-gallery-item__overlay\"><\/div>\n\t\t\t\t\t\t\t\t\t\t\t\t\t\t<\/a>\n\t\t\t\t\t<\/div>\n\t\t\t\t\t<\/div>\n\t\t\t\t<\/div>\n\t\t\t\t\t<\/div>\n\t\t<\/div>\n\t\t\t\t\t<\/div>\n\t\t<\/section>\n\t\t\t\t<\/div>","protected":false},"excerpt":{"rendered":"<p>Back to the gallery<\/p>","protected":false},"author":1,"featured_media":0,"parent":896,"menu_order":0,"comment_status":"closed","ping_status":"closed","template":"","meta":{"footnotes":""},"class_list":["post-988","page","type-page","status-publish","hentry"],"yoast_head":"<!-- This site is optimized with the Yoast SEO plugin v27.4 - https:\/\/yoast.com\/product\/yoast-seo-wordpress\/ -->\n<title>Galerija fotografija(PRP Vampirski tretman) - Aesthetica Ni\u0161<\/title>\n<meta name=\"description\" content=\"Pogledajte galeriju fotografija iz Aesthetica centra za estetsku medicinu. Uverite se svojim o\u010dima kako izgledaju na\u0161i PRP vampirski tretmani!\" \/>\n<meta name=\"robots\" content=\"index, follow, max-snippet:-1, max-image-preview:large, max-video-preview:-1\" \/>\n<link rel=\"canonical\" href=\"https:\/\/www.aesthetica.rs\/en\/gallery\/5-prp-vampirski-tretman\/\" \/>\n<meta property=\"og:locale\" content=\"en_US\" \/>\n<meta property=\"og:type\" content=\"article\" \/>\n<meta property=\"og:title\" content=\"Galerija fotografija(PRP Vampirski tretman) - Aesthetica Ni\u0161\" \/>\n<meta property=\"og:description\" content=\"Pogledajte galeriju fotografija iz Aesthetica centra za estetsku medicinu. Uverite se svojim o\u010dima kako izgledaju na\u0161i PRP vampirski tretmani!\" \/>\n<meta property=\"og:url\" content=\"https:\/\/www.aesthetica.rs\/en\/gallery\/5-prp-vampirski-tretman\/\" \/>\n<meta property=\"og:site_name\" content=\"Aesthetica LongaVita - Anti Aging Centar za estetsku medicinu u Ni\u0161u\" \/>\n<meta property=\"article:modified_time\" content=\"2023-05-10T12:37:34+00:00\" \/>\n<meta name=\"twitter:card\" content=\"summary_large_image\" \/>\n<meta name=\"twitter:label1\" content=\"Est. reading time\" \/>\n\t<meta name=\"twitter:data1\" content=\"1 minute\" \/>\n<script type=\"application\/ld+json\" class=\"yoast-schema-graph\">{\"@context\":\"https:\\\/\\\/schema.org\",\"@graph\":[{\"@type\":\"WebPage\",\"@id\":\"https:\\\/\\\/www.aesthetica.rs\\\/galerija\\\/5-prp-vampirski-tretman\\\/\",\"url\":\"https:\\\/\\\/www.aesthetica.rs\\\/galerija\\\/5-prp-vampirski-tretman\\\/\",\"name\":\"Galerija fotografija(PRP Vampirski tretman) - Aesthetica Ni\u0161\",\"isPartOf\":{\"@id\":\"https:\\\/\\\/www.aesthetica.rs\\\/#website\"},\"datePublished\":\"2023-03-09T14:12:40+00:00\",\"dateModified\":\"2023-05-10T12:37:34+00:00\",\"description\":\"Pogledajte galeriju fotografija iz Aesthetica centra za estetsku medicinu. Uverite se svojim o\u010dima kako izgledaju na\u0161i PRP vampirski tretmani!\",\"breadcrumb\":{\"@id\":\"https:\\\/\\\/www.aesthetica.rs\\\/galerija\\\/5-prp-vampirski-tretman\\\/#breadcrumb\"},\"inLanguage\":\"en-US\",\"potentialAction\":[{\"@type\":\"ReadAction\",\"target\":[\"https:\\\/\\\/www.aesthetica.rs\\\/galerija\\\/5-prp-vampirski-tretman\\\/\"]}]},{\"@type\":\"BreadcrumbList\",\"@id\":\"https:\\\/\\\/www.aesthetica.rs\\\/galerija\\\/5-prp-vampirski-tretman\\\/#breadcrumb\",\"itemListElement\":[{\"@type\":\"ListItem\",\"position\":1,\"name\":\"\u041f\u043e\u0447\u0435\u0442\u043d\u0430\",\"item\":\"https:\\\/\\\/www.aesthetica.rs\\\/\"},{\"@type\":\"ListItem\",\"position\":2,\"name\":\"Galerija\",\"item\":\"https:\\\/\\\/www.aesthetica.rs\\\/galerija\\\/\"},{\"@type\":\"ListItem\",\"position\":3,\"name\":\"PRP Vampirski tretman\"}]},{\"@type\":\"WebSite\",\"@id\":\"https:\\\/\\\/www.aesthetica.rs\\\/#website\",\"url\":\"https:\\\/\\\/www.aesthetica.rs\\\/\",\"name\":\"Anti Aging Centar: estetska medicinu u Ni\u0161u - Aesthetica LongaVita\",\"description\":\"\",\"potentialAction\":[{\"@type\":\"SearchAction\",\"target\":{\"@type\":\"EntryPoint\",\"urlTemplate\":\"https:\\\/\\\/www.aesthetica.rs\\\/?s={search_term_string}\"},\"query-input\":{\"@type\":\"PropertyValueSpecification\",\"valueRequired\":true,\"valueName\":\"search_term_string\"}}],\"inLanguage\":\"en-US\"}]}<\/script>\n<!-- \/ Yoast SEO plugin. -->","yoast_head_json":{"title":"Galerija fotografija(PRP Vampirski tretman) - Aesthetica Ni\u0161","description":"Pogledajte galeriju fotografija iz Aesthetica centra za estetsku medicinu. Uverite se svojim o\u010dima kako izgledaju na\u0161i PRP vampirski tretmani!","robots":{"index":"index","follow":"follow","max-snippet":"max-snippet:-1","max-image-preview":"max-image-preview:large","max-video-preview":"max-video-preview:-1"},"canonical":"https:\/\/www.aesthetica.rs\/en\/gallery\/5-prp-vampirski-tretman\/","og_locale":"en_US","og_type":"article","og_title":"Galerija fotografija(PRP Vampirski tretman) - Aesthetica Ni\u0161","og_description":"Pogledajte galeriju fotografija iz Aesthetica centra za estetsku medicinu. Uverite se svojim o\u010dima kako izgledaju na\u0161i PRP vampirski tretmani!","og_url":"https:\/\/www.aesthetica.rs\/en\/gallery\/5-prp-vampirski-tretman\/","og_site_name":"Aesthetica LongaVita - Anti Aging Centar za estetsku medicinu u Ni\u0161u","article_modified_time":"2023-05-10T12:37:34+00:00","twitter_card":"summary_large_image","twitter_misc":{"Est. reading time":"1 minute"},"schema":{"@context":"https:\/\/schema.org","@graph":[{"@type":"WebPage","@id":"https:\/\/www.aesthetica.rs\/galerija\/5-prp-vampirski-tretman\/","url":"https:\/\/www.aesthetica.rs\/galerija\/5-prp-vampirski-tretman\/","name":"Galerija fotografija(PRP Vampirski tretman) - Aesthetica Ni\u0161","isPartOf":{"@id":"https:\/\/www.aesthetica.rs\/#website"},"datePublished":"2023-03-09T14:12:40+00:00","dateModified":"2023-05-10T12:37:34+00:00","description":"Pogledajte galeriju fotografija iz Aesthetica centra za estetsku medicinu. Uverite se svojim o\u010dima kako izgledaju na\u0161i PRP vampirski tretmani!","breadcrumb":{"@id":"https:\/\/www.aesthetica.rs\/galerija\/5-prp-vampirski-tretman\/#breadcrumb"},"inLanguage":"en-US","potentialAction":[{"@type":"ReadAction","target":["https:\/\/www.aesthetica.rs\/galerija\/5-prp-vampirski-tretman\/"]}]},{"@type":"BreadcrumbList","@id":"https:\/\/www.aesthetica.rs\/galerija\/5-prp-vampirski-tretman\/#breadcrumb","itemListElement":[{"@type":"ListItem","position":1,"name":"\u041f\u043e\u0447\u0435\u0442\u043d\u0430","item":"https:\/\/www.aesthetica.rs\/"},{"@type":"ListItem","position":2,"name":"Galerija","item":"https:\/\/www.aesthetica.rs\/galerija\/"},{"@type":"ListItem","position":3,"name":"PRP Vampirski tretman"}]},{"@type":"WebSite","@id":"https:\/\/www.aesthetica.rs\/#website","url":"https:\/\/www.aesthetica.rs\/","name":"Anti Aging Centar: estetska medicinu u Ni\u0161u - Aesthetica LongaVita","description":"","potentialAction":[{"@type":"SearchAction","target":{"@type":"EntryPoint","urlTemplate":"https:\/\/www.aesthetica.rs\/?s={search_term_string}"},"query-input":{"@type":"PropertyValueSpecification","valueRequired":true,"valueName":"search_term_string"}}],"inLanguage":"en-US"}]}},"_links":{"self":[{"href":"https:\/\/www.aesthetica.rs\/en\/wp-json\/wp\/v2\/pages\/988","targetHints":{"allow":["GET"]}}],"collection":[{"href":"https:\/\/www.aesthetica.rs\/en\/wp-json\/wp\/v2\/pages"}],"about":[{"href":"https:\/\/www.aesthetica.rs\/en\/wp-json\/wp\/v2\/types\/page"}],"author":[{"embeddable":true,"href":"https:\/\/www.aesthetica.rs\/en\/wp-json\/wp\/v2\/users\/1"}],"replies":[{"embeddable":true,"href":"https:\/\/www.aesthetica.rs\/en\/wp-json\/wp\/v2\/comments?post=988"}],"version-history":[{"count":5,"href":"https:\/\/www.aesthetica.rs\/en\/wp-json\/wp\/v2\/pages\/988\/revisions"}],"predecessor-version":[{"id":2876,"href":"https:\/\/www.aesthetica.rs\/en\/wp-json\/wp\/v2\/pages\/988\/revisions\/2876"}],"up":[{"embeddable":true,"href":"https:\/\/www.aesthetica.rs\/en\/wp-json\/wp\/v2\/pages\/896"}],"wp:attachment":[{"href":"https:\/\/www.aesthetica.rs\/en\/wp-json\/wp\/v2\/media?parent=988"}],"curies":[{"name":"wp","href":"https:\/\/api.w.org\/{rel}","templated":true}]}}